{"id":9678,"date":"2022-07-19T15:27:15","date_gmt":"2022-07-19T15:27:15","guid":{"rendered":"https:\/\/www.sky-tile.com\/?post_type=product&#038;p=9678"},"modified":"2026-03-23T14:34:23","modified_gmt":"2026-03-23T13:34:23","slug":"cementowe-panele-sufitowe-60x60","status":"publish","type":"product","link":"https:\/\/www.sky-tile.com\/pl\/product-2\/cementowe-panele-sufitowe-60x60\/","title":{"rendered":"Deski cementowe"},"content":{"rendered":"","protected":false},"excerpt":{"rendered":"<p>Dekorowane p\u0142yty sufitowe z we\u0142ny mineralnej o wymiarach 60x60x1,2 cm.<\/p>\n<p>Przekszta\u0142ca lub po prostu wyr\u00f3\u017cnia ka\u017cde pomieszczenie w biurze, obszarze produkcyjnym, obszarze sprzeda\u017cy lub domu, czyni\u0105c je wyj\u0105tkowym \u015brodowiskiem.<\/p>\n<p>Modu\u0142owe sufity biurowe s\u0105 cz\u0119sto anonimowe, oto szybkie i skuteczne rozwi\u0105zanie, aby urozmaici\u0107 ka\u017cde pomieszczenie.<\/p>\n<h3>Po\u0142\u0105czenie 6 unikalnych grafik, zaprojektowanych w celu nadania ostatecznej pozie bardziej realistycznego i naturalnego wygl\u0105du.<\/h3>","protected":false},"featured_media":14660,"template":"","meta":{"_joinchat":[]},"product_brand":[],"product_cat":[87],"product_tag":[115,134,107],"class_list":{"0":"post-9678","1":"product","2":"type-product","3":"status-publish","4":"has-post-thumbnail","6":"product_cat-effetto-materico","7":"product_tag-6-stonalizzazioni","8":"product_tag-design-registrato","9":"product_tag-euro-classe-a1","11":"first","12":"instock","13":"taxable","14":"shipping-taxable","15":"purchasable","16":"product-type-simple"},"_links":{"self":[{"href":"https:\/\/www.sky-tile.com\/pl\/wp-json\/wp\/v2\/product\/9678","targetHints":{"allow":["GET"]}}],"collection":[{"href":"https:\/\/www.sky-tile.com\/pl\/wp-json\/wp\/v2\/product"}],"about":[{"href":"https:\/\/www.sky-tile.com\/pl\/wp-json\/wp\/v2\/types\/product"}],"wp:featuredmedia":[{"embeddable":true,"href":"https:\/\/www.sky-tile.com\/pl\/wp-json\/wp\/v2\/media\/14660"}],"wp:attachment":[{"href":"https:\/\/www.sky-tile.com\/pl\/wp-json\/wp\/v2\/media?parent=9678"}],"wp:term":[{"taxonomy":"product_brand","embeddable":true,"href":"https:\/\/www.sky-tile.com\/pl\/wp-json\/wp\/v2\/product_brand?post=9678"},{"taxonomy":"product_cat","embeddable":true,"href":"https:\/\/www.sky-tile.com\/pl\/wp-json\/wp\/v2\/product_cat?post=9678"},{"taxonomy":"product_tag","embeddable":true,"href":"https:\/\/www.sky-tile.com\/pl\/wp-json\/wp\/v2\/product_tag?post=9678"}],"curies":[{"name":"wp","href":"https:\/\/api.w.org\/{rel}","templated":true}]}}