{"id":9645,"date":"2022-07-19T15:14:03","date_gmt":"2022-07-19T15:14:03","guid":{"rendered":"https:\/\/www.sky-tile.com\/?post_type=product&#038;p=9645"},"modified":"2025-01-07T08:41:13","modified_gmt":"2025-01-07T07:41:13","slug":"panele-sufitowe-z-palonego-drewna","status":"publish","type":"product","link":"https:\/\/www.sky-tile.com\/pl\/product-2\/panele-sufitowe-z-palonego-drewna\/","title":{"rendered":"Spalone drewno"},"content":{"rendered":"","protected":false},"excerpt":{"rendered":"<p>Pannelli per controsoffitto in lana di roccia 60&#215;60 cm decorati effetto legno.<\/p>\n<p>I nostri pannelli per controsoffitto finto legno, possono trasformare il vostro ambiente rendendolo pi\u00f9 accogliente senza aver abbattuto un singolo albero!<\/p>\n<p>I controsoffitti a pannelli permettono di intervenire anche senza specifica esperienza, quelli che riceverete saranno perfettamente compatibili con gli esistenti pannelli 60&#215;60 del vostro controsoffitto.<\/p>\n<h3>Po\u0142\u0105czenie 9 unikalnych grafik, zaprojektowanych w celu nadania ostatecznej pozie bardziej realistycznego i naturalnego wygl\u0105du.<\/h3>","protected":false},"featured_media":15284,"template":"","meta":{"_joinchat":[]},"product_brand":[],"product_cat":[69],"product_tag":[114,108],"class_list":{"0":"post-9645","1":"product","2":"type-product","3":"status-publish","4":"has-post-thumbnail","6":"product_cat-effetto-legno","7":"product_tag-9-stonalizzazioni","8":"product_tag-euro-classe-a2","10":"first","11":"instock","12":"taxable","13":"shipping-taxable","14":"purchasable","15":"product-type-simple"},"_links":{"self":[{"href":"https:\/\/www.sky-tile.com\/pl\/wp-json\/wp\/v2\/product\/9645","targetHints":{"allow":["GET"]}}],"collection":[{"href":"https:\/\/www.sky-tile.com\/pl\/wp-json\/wp\/v2\/product"}],"about":[{"href":"https:\/\/www.sky-tile.com\/pl\/wp-json\/wp\/v2\/types\/product"}],"wp:featuredmedia":[{"embeddable":true,"href":"https:\/\/www.sky-tile.com\/pl\/wp-json\/wp\/v2\/media\/15284"}],"wp:attachment":[{"href":"https:\/\/www.sky-tile.com\/pl\/wp-json\/wp\/v2\/media?parent=9645"}],"wp:term":[{"taxonomy":"product_brand","embeddable":true,"href":"https:\/\/www.sky-tile.com\/pl\/wp-json\/wp\/v2\/product_brand?post=9645"},{"taxonomy":"product_cat","embeddable":true,"href":"https:\/\/www.sky-tile.com\/pl\/wp-json\/wp\/v2\/product_cat?post=9645"},{"taxonomy":"product_tag","embeddable":true,"href":"https:\/\/www.sky-tile.com\/pl\/wp-json\/wp\/v2\/product_tag?post=9645"}],"curies":[{"name":"wp","href":"https:\/\/api.w.org\/{rel}","templated":true}]}}