{"id":8024,"date":"2022-05-13T16:15:05","date_gmt":"2022-05-13T16:15:05","guid":{"rendered":"https:\/\/www.sky-tile.com\/?post_type=product&#038;p=8024"},"modified":"2026-01-15T11:17:20","modified_gmt":"2026-01-15T10:17:20","slug":"kolorowe-panele-sufitowe-60x60","status":"publish","type":"product","link":"https:\/\/www.sky-tile.com\/pl\/product-2\/kolorowe-panele-sufitowe-60x60\/","title":{"rendered":"Kolorowe tkaniny"},"content":{"rendered":"","protected":false},"excerpt":{"rendered":"<p><span data-contrast=\"auto\">Kolorowe wyk\u0142adziny sufitowe: kolory Pantone po\u0142\u0105czone z fakturami tkanin<\/span><\/p>\n<p><span class=\"ui-provider bkn bko c d e f g h i j k l m n o p q r s t bkp bkq w x y z ab ac ae af ag ah ai aj ak\" dir=\"ltr\">Trasforma i tuoi spazi di design con i nostri rivestimenti per controsoffitto colorati, dove abbiamo fuso i colori a tinta unita con le trame dei tessuti per un risultato straordinario. Realizzati decorando pannelli in lana di roccia 100% riciclabile e utilizzando una vasta gamma di colori Pantone\u00ae per soddisfare qualsiasi preferenza. I nostri pannelli sono la soluzione ideale per creare un&#8217;atmosfera unica e personalizzata. Che si tratti di un ufficio, di un&#8217;area produttiva, di vendita o di una casa, questi controsoffitti colorati trasmettono un tocco di personalit\u00e0 ineguagliabile a qualsiasi spazio.<\/span><\/p>","protected":false},"featured_media":8036,"template":"","meta":{"_joinchat":[]},"product_brand":[],"product_cat":[73],"product_tag":[],"class_list":{"0":"post-8024","1":"product","2":"type-product","3":"status-publish","4":"has-post-thumbnail","6":"product_cat-controsoffitti-colorati-60x60","8":"first","9":"instock","10":"taxable","11":"shipping-taxable","12":"purchasable","13":"product-type-simple"},"_links":{"self":[{"href":"https:\/\/www.sky-tile.com\/pl\/wp-json\/wp\/v2\/product\/8024","targetHints":{"allow":["GET"]}}],"collection":[{"href":"https:\/\/www.sky-tile.com\/pl\/wp-json\/wp\/v2\/product"}],"about":[{"href":"https:\/\/www.sky-tile.com\/pl\/wp-json\/wp\/v2\/types\/product"}],"wp:featuredmedia":[{"embeddable":true,"href":"https:\/\/www.sky-tile.com\/pl\/wp-json\/wp\/v2\/media\/8036"}],"wp:attachment":[{"href":"https:\/\/www.sky-tile.com\/pl\/wp-json\/wp\/v2\/media?parent=8024"}],"wp:term":[{"taxonomy":"product_brand","embeddable":true,"href":"https:\/\/www.sky-tile.com\/pl\/wp-json\/wp\/v2\/product_brand?post=8024"},{"taxonomy":"product_cat","embeddable":true,"href":"https:\/\/www.sky-tile.com\/pl\/wp-json\/wp\/v2\/product_cat?post=8024"},{"taxonomy":"product_tag","embeddable":true,"href":"https:\/\/www.sky-tile.com\/pl\/wp-json\/wp\/v2\/product_tag?post=8024"}],"curies":[{"name":"wp","href":"https:\/\/api.w.org\/{rel}","templated":true}]}}