{"id":7990,"date":"2022-05-13T13:16:51","date_gmt":"2022-05-13T13:16:51","guid":{"rendered":"https:\/\/www.sky-tile.com\/?post_type=product&#038;p=7990"},"modified":"2026-02-19T11:08:54","modified_gmt":"2026-02-19T10:08:54","slug":"panele-sufitowe-60x60-z-niestandardowa-grafika","status":"publish","type":"product","link":"https:\/\/www.sky-tile.com\/pl\/product-2\/panele-sufitowe-60x60-z-niestandardowa-grafika\/","title":{"rendered":"Zajmujemy si\u0119 grafik\u0105"},"content":{"rendered":"","protected":false},"excerpt":{"rendered":"<p><span data-contrast=\"auto\">Panele Rockwool z indywidualn\u0105 grafik\u0105<\/span><\/p>\n<p><span data-contrast=\"auto\">Trasforma gli spazi dell&#8217;ufficio, dell&#8217;area produttiva, del negozio o della casa con la personalizzazione dei nostri pannelli per controsoffitto.<\/span><\/p>\n<p><span data-contrast=\"auto\">Udekorowanie paneli Sky-Tile w\u0142asn\u0105 grafik\u0105 stworzy niepowtarzaln\u0105 i oryginaln\u0105 atmosfer\u0119. Prze\u015blij nam swoj\u0105 ulubion\u0105 grafik\u0119, aby ka\u017cdy pok\u00f3j sta\u0142 si\u0119 wyj\u0105tkowy.<\/span><span data-ccp-props=\"{}\">\u00a0<\/span><\/p>","protected":false},"featured_media":9373,"template":"","meta":{"_joinchat":[]},"product_brand":[],"product_cat":[86],"product_tag":[],"class_list":{"0":"post-7990","1":"product","2":"type-product","3":"status-publish","4":"has-post-thumbnail","6":"product_cat-grafica-personalizzata","8":"first","9":"instock","10":"taxable","11":"shipping-taxable","12":"purchasable","13":"product-type-simple"},"_links":{"self":[{"href":"https:\/\/www.sky-tile.com\/pl\/wp-json\/wp\/v2\/product\/7990","targetHints":{"allow":["GET"]}}],"collection":[{"href":"https:\/\/www.sky-tile.com\/pl\/wp-json\/wp\/v2\/product"}],"about":[{"href":"https:\/\/www.sky-tile.com\/pl\/wp-json\/wp\/v2\/types\/product"}],"wp:featuredmedia":[{"embeddable":true,"href":"https:\/\/www.sky-tile.com\/pl\/wp-json\/wp\/v2\/media\/9373"}],"wp:attachment":[{"href":"https:\/\/www.sky-tile.com\/pl\/wp-json\/wp\/v2\/media?parent=7990"}],"wp:term":[{"taxonomy":"product_brand","embeddable":true,"href":"https:\/\/www.sky-tile.com\/pl\/wp-json\/wp\/v2\/product_brand?post=7990"},{"taxonomy":"product_cat","embeddable":true,"href":"https:\/\/www.sky-tile.com\/pl\/wp-json\/wp\/v2\/product_cat?post=7990"},{"taxonomy":"product_tag","embeddable":true,"href":"https:\/\/www.sky-tile.com\/pl\/wp-json\/wp\/v2\/product_tag?post=7990"}],"curies":[{"name":"wp","href":"https:\/\/api.w.org\/{rel}","templated":true}]}}