{"id":7834,"date":"2022-05-10T13:15:53","date_gmt":"2022-05-10T13:15:53","guid":{"rendered":"https:\/\/www.sky-tile.com\/?post_type=product&#038;p=7834"},"modified":"2026-03-23T14:59:49","modified_gmt":"2026-03-23T13:59:49","slug":"plyty-sufitowe-60x60-z-dekorem-z-efektem-drewna","status":"publish","type":"product","link":"https:\/\/www.sky-tile.com\/pl\/product-2\/plyty-sufitowe-60x60-z-dekorem-z-efektem-drewna\/","title":{"rendered":"Marynowane drewno"},"content":{"rendered":"","protected":false},"excerpt":{"rendered":"<p>Pannelli per controsoffitto in lana di roccia 60&#215;60 cm decorati effetto legno.<\/p>\n<p>I nostri pannelli per controsoffitto finto legno mix da 9 sono studiati per il massimo realismo finale. Possono trasformare il vostro ambiente rendendolo pi\u00f9 accogliente senza aver abbattuto un singolo albero!<\/p>\n<p>I controsoffitti a pannelli permettono di intervenire anche senza specifica esperienza, quelli che riceverete saranno perfettamente compatibili con gli esistenti pannelli 60&#215;60 del vostro controsoffitto.<\/p>\n<h3>Po\u0142\u0105czenie 9 unikalnych grafik, zaprojektowanych w celu nadania ostatecznej pozie bardziej realistycznego i naturalnego wygl\u0105du.<\/h3>\n<div style=\"width: 1600px;\" class=\"wp-video\"><video class=\"wp-video-shortcode\" id=\"video-7834-1\" width=\"1600\" height=\"900\" loop autoplay preload=\"metadata\" controls=\"controls\"><source type=\"video\/mp4\" src=\"https:\/\/www.sky-tile.com\/wp-content\/uploads\/2022\/05\/CO-040.mp4?_=1\" \/><a href=\"https:\/\/www.sky-tile.com\/wp-content\/uploads\/2022\/05\/CO-040.mp4\">https:\/\/www.sky-tile.com\/wp-content\/uploads\/2022\/05\/CO-040.mp4<\/a><\/video><\/div>","protected":false},"featured_media":14624,"template":"","meta":{"_joinchat":[]},"product_brand":[],"product_cat":[69],"product_tag":[114,134,107],"class_list":{"0":"post-7834","1":"product","2":"type-product","3":"status-publish","4":"has-post-thumbnail","6":"product_cat-effetto-legno","7":"product_tag-9-stonalizzazioni","8":"product_tag-design-registrato","9":"product_tag-euro-classe-a1","11":"first","12":"instock","13":"taxable","14":"shipping-taxable","15":"purchasable","16":"product-type-simple"},"_links":{"self":[{"href":"https:\/\/www.sky-tile.com\/pl\/wp-json\/wp\/v2\/product\/7834","targetHints":{"allow":["GET"]}}],"collection":[{"href":"https:\/\/www.sky-tile.com\/pl\/wp-json\/wp\/v2\/product"}],"about":[{"href":"https:\/\/www.sky-tile.com\/pl\/wp-json\/wp\/v2\/types\/product"}],"wp:featuredmedia":[{"embeddable":true,"href":"https:\/\/www.sky-tile.com\/pl\/wp-json\/wp\/v2\/media\/14624"}],"wp:attachment":[{"href":"https:\/\/www.sky-tile.com\/pl\/wp-json\/wp\/v2\/media?parent=7834"}],"wp:term":[{"taxonomy":"product_brand","embeddable":true,"href":"https:\/\/www.sky-tile.com\/pl\/wp-json\/wp\/v2\/product_brand?post=7834"},{"taxonomy":"product_cat","embeddable":true,"href":"https:\/\/www.sky-tile.com\/pl\/wp-json\/wp\/v2\/product_cat?post=7834"},{"taxonomy":"product_tag","embeddable":true,"href":"https:\/\/www.sky-tile.com\/pl\/wp-json\/wp\/v2\/product_tag?post=7834"}],"curies":[{"name":"wp","href":"https:\/\/api.w.org\/{rel}","templated":true}]}}