{"id":13531,"date":"2023-12-12T11:41:39","date_gmt":"2023-12-12T10:41:39","guid":{"rendered":"https:\/\/www.sky-tile.com\/?post_type=product&#038;p=13531"},"modified":"2025-09-18T11:10:44","modified_gmt":"2025-09-18T09:10:44","slug":"afrykanskie-klepki-doussie","status":"publish","type":"product","link":"https:\/\/www.sky-tile.com\/pl\/product-2\/afrykanskie-klepki-doussie\/","title":{"rendered":"Afryka\u0144skie listwy Doussie"},"content":{"rendered":"","protected":false},"excerpt":{"rendered":"<p>Pannelli per controsoffitto in lana di roccia 60&#215;60 cm decorati effetto legno.<\/p>\n<p>I nostri pannelli per controsoffitto finto legno, possono trasformare il vostro ambiente rendendolo pi\u00f9 accogliente senza aver abbattuto un singolo albero!<\/p>\n<p>I controsoffitti a pannelli permettono di intervenire anche senza specifica esperienza, quelli che riceverete saranno perfettamente compatibili con gli esistenti pannelli 60&#215;60 del vostro controsoffitto.<\/p>\n<h3>Po\u0142\u0105czenie 7 unikalnych grafik, zaprojektowanych w celu nadania ostatecznej pozie bardziej realistycznego i naturalnego wygl\u0105du.<\/h3>\n<h3><a style=\"font-size: 16px;\" href=\"https:\/\/www.sky-tile.com\/wp-content\/uploads\/2022\/09\/design-registrato-4.png\"><img decoding=\"async\" class=\"alignnone wp-image-14227\" src=\"https:\/\/www.sky-tile.com\/wp-content\/uploads\/2022\/09\/design-registrato-4-300x93.png\" alt=\"\" width=\"181\" height=\"56\" srcset=\"https:\/\/www.sky-tile.com\/wp-content\/uploads\/2022\/09\/design-registrato-4-300x93.png 300w, https:\/\/www.sky-tile.com\/wp-content\/uploads\/2022\/09\/design-registrato-4-18x6.png 18w, https:\/\/www.sky-tile.com\/wp-content\/uploads\/2022\/09\/design-registrato-4.png 467w\" sizes=\"(max-width: 181px) 100vw, 181px\" \/><\/a><\/h3>\n<div style=\"width: 1600px;\" class=\"wp-video\"><video class=\"wp-video-shortcode\" id=\"video-13531-1\" width=\"1600\" height=\"900\" loop autoplay preload=\"metadata\" controls=\"controls\"><source type=\"video\/mp4\" src=\"https:\/\/www.sky-tile.com\/wp-content\/uploads\/2023\/12\/CO-256.mp4?_=1\" \/><a href=\"https:\/\/www.sky-tile.com\/wp-content\/uploads\/2023\/12\/CO-256.mp4\">https:\/\/www.sky-tile.com\/wp-content\/uploads\/2023\/12\/CO-256.mp4<\/a><\/video><\/div>","protected":false},"featured_media":15260,"template":"","meta":{"_joinchat":[]},"product_brand":[],"product_cat":[69],"product_tag":[119,108],"class_list":{"0":"post-13531","1":"product","2":"type-product","3":"status-publish","4":"has-post-thumbnail","6":"product_cat-effetto-legno","7":"product_tag-7-stonalizzazioni","8":"product_tag-euro-classe-a2","10":"first","11":"instock","12":"taxable","13":"shipping-taxable","14":"purchasable","15":"product-type-simple"},"_links":{"self":[{"href":"https:\/\/www.sky-tile.com\/pl\/wp-json\/wp\/v2\/product\/13531","targetHints":{"allow":["GET"]}}],"collection":[{"href":"https:\/\/www.sky-tile.com\/pl\/wp-json\/wp\/v2\/product"}],"about":[{"href":"https:\/\/www.sky-tile.com\/pl\/wp-json\/wp\/v2\/types\/product"}],"wp:featuredmedia":[{"embeddable":true,"href":"https:\/\/www.sky-tile.com\/pl\/wp-json\/wp\/v2\/media\/15260"}],"wp:attachment":[{"href":"https:\/\/www.sky-tile.com\/pl\/wp-json\/wp\/v2\/media?parent=13531"}],"wp:term":[{"taxonomy":"product_brand","embeddable":true,"href":"https:\/\/www.sky-tile.com\/pl\/wp-json\/wp\/v2\/product_brand?post=13531"},{"taxonomy":"product_cat","embeddable":true,"href":"https:\/\/www.sky-tile.com\/pl\/wp-json\/wp\/v2\/product_cat?post=13531"},{"taxonomy":"product_tag","embeddable":true,"href":"https:\/\/www.sky-tile.com\/pl\/wp-json\/wp\/v2\/product_tag?post=13531"}],"curies":[{"name":"wp","href":"https:\/\/api.w.org\/{rel}","templated":true}]}}