{"id":12882,"date":"2023-08-02T15:07:47","date_gmt":"2023-08-02T13:07:47","guid":{"rendered":"https:\/\/www.sky-tile.com\/?post_type=product&#038;p=12882"},"modified":"2025-01-07T08:47:42","modified_gmt":"2025-01-07T07:47:42","slug":"zolte-tlo","status":"publish","type":"product","link":"https:\/\/www.sky-tile.com\/pl\/product-2\/zolte-tlo\/","title":{"rendered":"\u017b\u00f3\u0142te t\u0142o"},"content":{"rendered":"","protected":false},"excerpt":{"rendered":"<p>Kolorowe wyk\u0142adziny sufitowe: kolory Pantone po\u0142\u0105czone z fakturami tkanin<\/p>\n<p>Trasforma i tuoi spazi di design con i nostri rivestimenti per controsoffitto colorati, dove abbiamo fuso i colori a tinta unita con le trame dei tessuti per un risultato straordinario. Realizzati decorando pannelli in lana di roccia 100% riciclabile e utilizzando una vasta gamma di colori Pantone\u00ae per soddisfare qualsiasi preferenza. I nostri pannelli sono la soluzione ideale per creare un\u2019atmosfera unica e personalizzata. Che si tratti di un ufficio, di un\u2019area produttiva, di vendita o di una casa, questi controsoffitti colorati trasmettono un tocco di personalit\u00e0 ineguagliabile a qualsiasi spazio.<\/p>","protected":false},"featured_media":12878,"template":"","meta":{"_joinchat":[]},"product_brand":[],"product_cat":[15],"product_tag":[107],"class_list":{"0":"post-12882","1":"product","2":"type-product","3":"status-publish","4":"has-post-thumbnail","6":"product_cat-senza-categoria","7":"product_tag-euro-classe-a1","9":"first","10":"instock","11":"taxable","12":"shipping-taxable","13":"purchasable","14":"product-type-simple"},"_links":{"self":[{"href":"https:\/\/www.sky-tile.com\/pl\/wp-json\/wp\/v2\/product\/12882","targetHints":{"allow":["GET"]}}],"collection":[{"href":"https:\/\/www.sky-tile.com\/pl\/wp-json\/wp\/v2\/product"}],"about":[{"href":"https:\/\/www.sky-tile.com\/pl\/wp-json\/wp\/v2\/types\/product"}],"wp:featuredmedia":[{"embeddable":true,"href":"https:\/\/www.sky-tile.com\/pl\/wp-json\/wp\/v2\/media\/12878"}],"wp:attachment":[{"href":"https:\/\/www.sky-tile.com\/pl\/wp-json\/wp\/v2\/media?parent=12882"}],"wp:term":[{"taxonomy":"product_brand","embeddable":true,"href":"https:\/\/www.sky-tile.com\/pl\/wp-json\/wp\/v2\/product_brand?post=12882"},{"taxonomy":"product_cat","embeddable":true,"href":"https:\/\/www.sky-tile.com\/pl\/wp-json\/wp\/v2\/product_cat?post=12882"},{"taxonomy":"product_tag","embeddable":true,"href":"https:\/\/www.sky-tile.com\/pl\/wp-json\/wp\/v2\/product_tag?post=12882"}],"curies":[{"name":"wp","href":"https:\/\/api.w.org\/{rel}","templated":true}]}}