{"id":12767,"date":"2023-07-24T11:42:38","date_gmt":"2023-07-24T09:42:38","guid":{"rendered":"https:\/\/www.sky-tile.com\/?post_type=product&#038;p=12767"},"modified":"2026-01-22T15:18:38","modified_gmt":"2026-01-22T14:18:38","slug":"optyczne-obrecze-plocienne","status":"publish","type":"product","link":"https:\/\/www.sky-tile.com\/pl\/product-2\/optyczne-obrecze-plocienne\/","title":{"rendered":"Optyczne ko\u0142a na p\u0142\u00f3tnie"},"content":{"rendered":"","protected":false},"excerpt":{"rendered":"<p>P\u0142yty sufitowe z we\u0142ny mineralnej 60x60x1,2 cm ozdobione technologi\u0105 UV.<\/p>\n<p>Przekszta\u0142ca lub po prostu wyr\u00f3\u017cnia ka\u017cde pomieszczenie w biurze, obszarze produkcyjnym, obszarze sprzeda\u017cy lub domu, czyni\u0105c je wyj\u0105tkowym \u015brodowiskiem.<\/p>\n<p>Modu\u0142owe sufity biurowe s\u0105 cz\u0119sto anonimowe, oto szybkie i skuteczne rozwi\u0105zanie, aby urozmaici\u0107 ka\u017cde pomieszczenie.<\/p>\n<div style=\"width: 1600px;\" class=\"wp-video\"><video class=\"wp-video-shortcode\" id=\"video-12767-1\" width=\"1600\" height=\"900\" loop autoplay preload=\"metadata\" controls=\"controls\"><source type=\"video\/mp4\" src=\"https:\/\/www.sky-tile.com\/wp-content\/uploads\/2023\/07\/CO-198.mp4?_=1\" \/><a href=\"https:\/\/www.sky-tile.com\/wp-content\/uploads\/2023\/07\/CO-198.mp4\">https:\/\/www.sky-tile.com\/wp-content\/uploads\/2023\/07\/CO-198.mp4<\/a><\/video><\/div>","protected":false},"featured_media":12768,"template":"","meta":{"_joinchat":[]},"product_brand":[],"product_cat":[15],"product_tag":[107],"class_list":{"0":"post-12767","1":"product","2":"type-product","3":"status-publish","4":"has-post-thumbnail","6":"product_cat-senza-categoria","7":"product_tag-euro-classe-a1","9":"first","10":"instock","11":"taxable","12":"shipping-taxable","13":"purchasable","14":"product-type-simple"},"_links":{"self":[{"href":"https:\/\/www.sky-tile.com\/pl\/wp-json\/wp\/v2\/product\/12767","targetHints":{"allow":["GET"]}}],"collection":[{"href":"https:\/\/www.sky-tile.com\/pl\/wp-json\/wp\/v2\/product"}],"about":[{"href":"https:\/\/www.sky-tile.com\/pl\/wp-json\/wp\/v2\/types\/product"}],"wp:featuredmedia":[{"embeddable":true,"href":"https:\/\/www.sky-tile.com\/pl\/wp-json\/wp\/v2\/media\/12768"}],"wp:attachment":[{"href":"https:\/\/www.sky-tile.com\/pl\/wp-json\/wp\/v2\/media?parent=12767"}],"wp:term":[{"taxonomy":"product_brand","embeddable":true,"href":"https:\/\/www.sky-tile.com\/pl\/wp-json\/wp\/v2\/product_brand?post=12767"},{"taxonomy":"product_cat","embeddable":true,"href":"https:\/\/www.sky-tile.com\/pl\/wp-json\/wp\/v2\/product_cat?post=12767"},{"taxonomy":"product_tag","embeddable":true,"href":"https:\/\/www.sky-tile.com\/pl\/wp-json\/wp\/v2\/product_tag?post=12767"}],"curies":[{"name":"wp","href":"https:\/\/api.w.org\/{rel}","templated":true}]}}