{"id":12686,"date":"2023-06-30T10:28:47","date_gmt":"2023-06-30T08:28:47","guid":{"rendered":"https:\/\/www.sky-tile.com\/?post_type=product&#038;p=12686"},"modified":"2025-09-10T14:35:52","modified_gmt":"2025-09-10T12:35:52","slug":"palmy","status":"publish","type":"product","link":"https:\/\/www.sky-tile.com\/pl\/product-2\/palmy\/","title":{"rendered":"Palmy"},"content":{"rendered":"","protected":false},"excerpt":{"rendered":"<p>Dekorowane p\u0142yty sufitowe z we\u0142ny mineralnej o wymiarach 60x60x1,2 cm.<\/p>\n<p>Przekszta\u0142ca lub po prostu wyr\u00f3\u017cnia ka\u017cde pomieszczenie w biurze, obszarze produkcyjnym, obszarze sprzeda\u017cy lub domu, czyni\u0105c je wyj\u0105tkowym \u015brodowiskiem.<\/p>\n<p>Modu\u0142owe sufity biurowe s\u0105 cz\u0119sto anonimowe, oto szybkie i skuteczne rozwi\u0105zanie, aby urozmaici\u0107 ka\u017cde pomieszczenie.<\/p>\n<h3>Mieszanka 9 losowo drukowanych grafik dla zwi\u0119kszenia realizmu<\/h3>","protected":false},"featured_media":12687,"template":"","meta":{"_joinchat":[]},"product_brand":[],"product_cat":[84],"product_tag":[107],"class_list":{"0":"post-12686","1":"product","2":"type-product","3":"status-publish","4":"has-post-thumbnail","6":"product_cat-controsoffitti-natura","7":"product_tag-euro-classe-a1","9":"first","10":"instock","11":"taxable","12":"shipping-taxable","13":"purchasable","14":"product-type-simple"},"_links":{"self":[{"href":"https:\/\/www.sky-tile.com\/pl\/wp-json\/wp\/v2\/product\/12686","targetHints":{"allow":["GET"]}}],"collection":[{"href":"https:\/\/www.sky-tile.com\/pl\/wp-json\/wp\/v2\/product"}],"about":[{"href":"https:\/\/www.sky-tile.com\/pl\/wp-json\/wp\/v2\/types\/product"}],"wp:featuredmedia":[{"embeddable":true,"href":"https:\/\/www.sky-tile.com\/pl\/wp-json\/wp\/v2\/media\/12687"}],"wp:attachment":[{"href":"https:\/\/www.sky-tile.com\/pl\/wp-json\/wp\/v2\/media?parent=12686"}],"wp:term":[{"taxonomy":"product_brand","embeddable":true,"href":"https:\/\/www.sky-tile.com\/pl\/wp-json\/wp\/v2\/product_brand?post=12686"},{"taxonomy":"product_cat","embeddable":true,"href":"https:\/\/www.sky-tile.com\/pl\/wp-json\/wp\/v2\/product_cat?post=12686"},{"taxonomy":"product_tag","embeddable":true,"href":"https:\/\/www.sky-tile.com\/pl\/wp-json\/wp\/v2\/product_tag?post=12686"}],"curies":[{"name":"wp","href":"https:\/\/api.w.org\/{rel}","templated":true}]}}