{"id":12222,"date":"2023-06-06T10:35:07","date_gmt":"2023-06-06T08:35:07","guid":{"rendered":"https:\/\/www.sky-tile.com\/?post_type=product&#038;p=12222"},"modified":"2025-01-17T15:53:51","modified_gmt":"2025-01-17T14:53:51","slug":"panele-sufitowe-niebo","status":"publish","type":"product","link":"https:\/\/www.sky-tile.com\/pl\/product-2\/panele-sufitowe-niebo\/","title":{"rendered":"Niebo w pokoju"},"content":{"rendered":"","protected":false},"excerpt":{"rendered":"<p>Cielo In Una Stanza Pannelli per controsoffitto modulare in lana di roccia 60\u00d760 cm stampati effetto cielo. Progetteremo su misura per il tuo ambiente la grafica di un cielo che si estender\u00e0 per tutta la superficie del controsoffitto. Ogni pannello 60\u00d760 sar\u00e0 parte di un gigantesco \u201cpuzzle\u201d che una volta terminato ti permetter\u00e0 di avere il cielo in una stanza. I pannelli saranno numerati per permetterti di installarli con facilit\u00e0 seguendo lo schema di posa che ti sar\u00e0 fornito.<\/p>\n<p><strong>Prima di procedere con l\u2019ordine vi consigliamo di fornirci la planimetria e le foto del soffitto completo che ci permetteranno di progettare correttamente il vostro controsoffitto effetto cielo, determinando cos\u00ec il numero esatto dei pannelli da inserire nell\u2019ordine.<\/strong><\/p>\n<p>Stw\u00f3rz wyj\u0105tkow\u0105 atmosfer\u0119 z niebem w pokoju!<\/p>\n<p><strong><a href=\"\/pl\/contattaci\/\">skontaktuj si\u0119 z nami<\/a><\/strong><\/p>\n<p>&nbsp;<\/p>","protected":false},"featured_media":15555,"template":"","meta":{"_joinchat":[]},"product_brand":[],"product_cat":[93],"product_tag":[104,107],"class_list":{"0":"post-12222","1":"product","2":"type-product","3":"status-publish","4":"has-post-thumbnail","6":"product_cat-cielo-in-una-stanza","7":"product_tag-cielo","8":"product_tag-euro-classe-a1","10":"first","11":"instock","12":"taxable","13":"shipping-taxable","14":"purchasable","15":"product-type-simple"},"_links":{"self":[{"href":"https:\/\/www.sky-tile.com\/pl\/wp-json\/wp\/v2\/product\/12222","targetHints":{"allow":["GET"]}}],"collection":[{"href":"https:\/\/www.sky-tile.com\/pl\/wp-json\/wp\/v2\/product"}],"about":[{"href":"https:\/\/www.sky-tile.com\/pl\/wp-json\/wp\/v2\/types\/product"}],"wp:featuredmedia":[{"embeddable":true,"href":"https:\/\/www.sky-tile.com\/pl\/wp-json\/wp\/v2\/media\/15555"}],"wp:attachment":[{"href":"https:\/\/www.sky-tile.com\/pl\/wp-json\/wp\/v2\/media?parent=12222"}],"wp:term":[{"taxonomy":"product_brand","embeddable":true,"href":"https:\/\/www.sky-tile.com\/pl\/wp-json\/wp\/v2\/product_brand?post=12222"},{"taxonomy":"product_cat","embeddable":true,"href":"https:\/\/www.sky-tile.com\/pl\/wp-json\/wp\/v2\/product_cat?post=12222"},{"taxonomy":"product_tag","embeddable":true,"href":"https:\/\/www.sky-tile.com\/pl\/wp-json\/wp\/v2\/product_tag?post=12222"}],"curies":[{"name":"wp","href":"https:\/\/api.w.org\/{rel}","templated":true}]}}