{"id":11671,"date":"2023-05-10T12:46:16","date_gmt":"2023-05-10T12:46:16","guid":{"rendered":"https:\/\/www.sky-tile.com\/?post_type=product&#038;p=11671"},"modified":"2026-04-13T16:57:46","modified_gmt":"2026-04-13T14:57:46","slug":"niebieski-kalendoskop","status":"publish","type":"product","link":"https:\/\/www.sky-tile.com\/pl\/product-2\/niebieski-kalendoskop\/","title":{"rendered":"Niebieski kaledoskop"},"content":{"rendered":"","protected":false},"excerpt":{"rendered":"<p>Dekorowane p\u0142yty sufitowe z we\u0142ny mineralnej o wymiarach 60x60x1,2 cm.<\/p>\n<p>Przekszta\u0142ca lub po prostu wyr\u00f3\u017cnia ka\u017cde pomieszczenie w biurze, obszarze produkcyjnym, obszarze sprzeda\u017cy lub domu, czyni\u0105c je wyj\u0105tkowym \u015brodowiskiem.<\/p>\n<p>Modu\u0142owe sufity biurowe s\u0105 cz\u0119sto anonimowe, oto szybkie i skuteczne rozwi\u0105zanie, aby urozmaici\u0107 ka\u017cde pomieszczenie.<\/p>\n<div style=\"width: 1600px;\" class=\"wp-video\"><video class=\"wp-video-shortcode\" id=\"video-11671-1\" width=\"1600\" height=\"900\" loop autoplay preload=\"metadata\" controls=\"controls\"><source type=\"video\/mp4\" src=\"https:\/\/www.sky-tile.com\/wp-content\/uploads\/2023\/05\/CO-152.mp4?_=1\" \/><a href=\"https:\/\/www.sky-tile.com\/wp-content\/uploads\/2023\/05\/CO-152.mp4\">https:\/\/www.sky-tile.com\/wp-content\/uploads\/2023\/05\/CO-152.mp4<\/a><\/video><\/div>","protected":false},"featured_media":14377,"template":"","meta":{"_joinchat":[]},"product_brand":[],"product_cat":[83],"product_tag":[134,108],"class_list":{"0":"post-11671","1":"product","2":"type-product","3":"status-publish","4":"has-post-thumbnail","6":"product_cat-geometrici","7":"product_tag-design-registrato","8":"product_tag-euro-classe-a2","10":"first","11":"instock","12":"taxable","13":"shipping-taxable","14":"purchasable","15":"product-type-simple"},"_links":{"self":[{"href":"https:\/\/www.sky-tile.com\/pl\/wp-json\/wp\/v2\/product\/11671","targetHints":{"allow":["GET"]}}],"collection":[{"href":"https:\/\/www.sky-tile.com\/pl\/wp-json\/wp\/v2\/product"}],"about":[{"href":"https:\/\/www.sky-tile.com\/pl\/wp-json\/wp\/v2\/types\/product"}],"wp:featuredmedia":[{"embeddable":true,"href":"https:\/\/www.sky-tile.com\/pl\/wp-json\/wp\/v2\/media\/14377"}],"wp:attachment":[{"href":"https:\/\/www.sky-tile.com\/pl\/wp-json\/wp\/v2\/media?parent=11671"}],"wp:term":[{"taxonomy":"product_brand","embeddable":true,"href":"https:\/\/www.sky-tile.com\/pl\/wp-json\/wp\/v2\/product_brand?post=11671"},{"taxonomy":"product_cat","embeddable":true,"href":"https:\/\/www.sky-tile.com\/pl\/wp-json\/wp\/v2\/product_cat?post=11671"},{"taxonomy":"product_tag","embeddable":true,"href":"https:\/\/www.sky-tile.com\/pl\/wp-json\/wp\/v2\/product_tag?post=11671"}],"curies":[{"name":"wp","href":"https:\/\/api.w.org\/{rel}","templated":true}]}}