{"id":11631,"date":"2023-05-18T15:15:24","date_gmt":"2023-05-18T15:15:24","guid":{"rendered":"https:\/\/www.sky-tile.com\/?post_type=product&#038;p=11631"},"modified":"2025-07-25T10:12:12","modified_gmt":"2025-07-25T08:12:12","slug":"probkowanie-panelowe","status":"publish","type":"product","link":"https:\/\/www.sky-tile.com\/pl\/product-2\/probkowanie-panelowe\/","title":{"rendered":"Przyk\u0142adowy zestaw 9 paneli"},"content":{"rendered":"","protected":false},"excerpt":{"rendered":"<p>Scopri la nostra selezione di campioni, scelti con cura dai nostri designer, che comprendono i prodotti pi\u00f9 richiesti e le tendenze pi\u00f9 attuali. Acquista uno dei nostri campionari e potrai toccare con mano la qualit\u00e0 dei nostri Sky-Tile, lasciandoti ispirare per trasformare il tuo controsoffitto in una soluzione unica e di design.<\/p>\n<p>Nie wahaj si\u0119, zam\u00f3w pr\u00f3bk\u0119 ju\u017c teraz i zacznij tworzy\u0107 idealne rozwi\u0105zanie dla swojego \u015brodowiska!<\/p>","protected":false},"featured_media":12789,"template":"","meta":{"_joinchat":[]},"product_brand":[],"product_cat":[99],"product_tag":[],"class_list":{"0":"post-11631","1":"product","2":"type-product","3":"status-publish","4":"has-post-thumbnail","6":"product_cat-campionatura","8":"first","9":"instock","10":"taxable","11":"shipping-taxable","12":"purchasable","13":"product-type-simple"},"_links":{"self":[{"href":"https:\/\/www.sky-tile.com\/pl\/wp-json\/wp\/v2\/product\/11631","targetHints":{"allow":["GET"]}}],"collection":[{"href":"https:\/\/www.sky-tile.com\/pl\/wp-json\/wp\/v2\/product"}],"about":[{"href":"https:\/\/www.sky-tile.com\/pl\/wp-json\/wp\/v2\/types\/product"}],"wp:featuredmedia":[{"embeddable":true,"href":"https:\/\/www.sky-tile.com\/pl\/wp-json\/wp\/v2\/media\/12789"}],"wp:attachment":[{"href":"https:\/\/www.sky-tile.com\/pl\/wp-json\/wp\/v2\/media?parent=11631"}],"wp:term":[{"taxonomy":"product_brand","embeddable":true,"href":"https:\/\/www.sky-tile.com\/pl\/wp-json\/wp\/v2\/product_brand?post=11631"},{"taxonomy":"product_cat","embeddable":true,"href":"https:\/\/www.sky-tile.com\/pl\/wp-json\/wp\/v2\/product_cat?post=11631"},{"taxonomy":"product_tag","embeddable":true,"href":"https:\/\/www.sky-tile.com\/pl\/wp-json\/wp\/v2\/product_tag?post=11631"}],"curies":[{"name":"wp","href":"https:\/\/api.w.org\/{rel}","templated":true}]}}