{"id":10526,"date":"2022-09-19T13:16:24","date_gmt":"2022-09-19T13:16:24","guid":{"rendered":"https:\/\/www.sky-tile.com\/?post_type=product&#038;p=10526"},"modified":"2025-10-06T16:18:45","modified_gmt":"2025-10-06T14:18:45","slug":"zagiecia-3d","status":"publish","type":"product","link":"https:\/\/www.sky-tile.com\/pl\/product-2\/zagiecia-3d\/","title":{"rendered":"Zagi\u0119cia 3D"},"content":{"rendered":"","protected":false},"excerpt":{"rendered":"<p>Dekorowane p\u0142yty sufitowe z we\u0142ny mineralnej o wymiarach 60x60x1,2 cm.<\/p>\n<p>Przekszta\u0142ca lub po prostu wyr\u00f3\u017cnia ka\u017cde pomieszczenie w biurze, obszarze produkcyjnym, obszarze sprzeda\u017cy lub domu, czyni\u0105c je wyj\u0105tkowym \u015brodowiskiem.<\/p>\n<p>Modu\u0142owe sufity biurowe s\u0105 cz\u0119sto anonimowe, oto szybkie i skuteczne rozwi\u0105zanie, aby urozmaici\u0107 ka\u017cde pomieszczenie.<\/p>","protected":false},"featured_media":14432,"template":"","meta":{"_joinchat":[]},"product_brand":[],"product_cat":[83],"product_tag":[107],"class_list":{"0":"post-10526","1":"product","2":"type-product","3":"status-publish","4":"has-post-thumbnail","6":"product_cat-geometrici","7":"product_tag-euro-classe-a1","9":"first","10":"instock","11":"taxable","12":"shipping-taxable","13":"purchasable","14":"product-type-simple"},"_links":{"self":[{"href":"https:\/\/www.sky-tile.com\/pl\/wp-json\/wp\/v2\/product\/10526","targetHints":{"allow":["GET"]}}],"collection":[{"href":"https:\/\/www.sky-tile.com\/pl\/wp-json\/wp\/v2\/product"}],"about":[{"href":"https:\/\/www.sky-tile.com\/pl\/wp-json\/wp\/v2\/types\/product"}],"wp:featuredmedia":[{"embeddable":true,"href":"https:\/\/www.sky-tile.com\/pl\/wp-json\/wp\/v2\/media\/14432"}],"wp:attachment":[{"href":"https:\/\/www.sky-tile.com\/pl\/wp-json\/wp\/v2\/media?parent=10526"}],"wp:term":[{"taxonomy":"product_brand","embeddable":true,"href":"https:\/\/www.sky-tile.com\/pl\/wp-json\/wp\/v2\/product_brand?post=10526"},{"taxonomy":"product_cat","embeddable":true,"href":"https:\/\/www.sky-tile.com\/pl\/wp-json\/wp\/v2\/product_cat?post=10526"},{"taxonomy":"product_tag","embeddable":true,"href":"https:\/\/www.sky-tile.com\/pl\/wp-json\/wp\/v2\/product_tag?post=10526"}],"curies":[{"name":"wp","href":"https:\/\/api.w.org\/{rel}","templated":true}]}}