{"id":10396,"date":"2022-09-13T06:28:46","date_gmt":"2022-09-13T06:28:46","guid":{"rendered":"https:\/\/www.sky-tile.com\/?post_type=product&#038;p=10396"},"modified":"2026-03-23T14:53:44","modified_gmt":"2026-03-23T13:53:44","slug":"bezowy-sufit-podwieszany-wenge","status":"publish","type":"product","link":"https:\/\/www.sky-tile.com\/pl\/product-2\/bezowy-sufit-podwieszany-wenge\/","title":{"rendered":"Eucalyptus Beige"},"content":{"rendered":"","protected":false},"excerpt":{"rendered":"<p>Pannelli per controsoffitto in lana di roccia 60&#215;60 cm decorati effetto legno.<\/p>\n<p>I nostri pannelli per controsoffitto finto legno, possono trasformare il vostro ambiente rendendolo pi\u00f9 accogliente senza aver abbattuto un singolo albero!<\/p>\n<p>I controsoffitti a pannelli permettono di intervenire anche senza specifica esperienza, quelli che riceverete saranno perfettamente compatibili con gli esistenti pannelli 60&#215;60 del vostro controsoffitto.<\/p>\n<h3>Po\u0142\u0105czenie 9 unikalnych grafik, zaprojektowanych w celu nadania ostatecznej pozie bardziej realistycznego i naturalnego wygl\u0105du.<\/h3>\n<div style=\"width: 1600px;\" class=\"wp-video\"><video class=\"wp-video-shortcode\" id=\"video-10396-1\" width=\"1600\" height=\"900\" loop autoplay preload=\"metadata\" controls=\"controls\"><source type=\"video\/mp4\" src=\"https:\/\/www.sky-tile.com\/wp-content\/uploads\/2022\/09\/CO-075.mp4?_=1\" \/><a href=\"https:\/\/www.sky-tile.com\/wp-content\/uploads\/2022\/09\/CO-075.mp4\">https:\/\/www.sky-tile.com\/wp-content\/uploads\/2022\/09\/CO-075.mp4<\/a><\/video><\/div>","protected":false},"featured_media":14597,"template":"","meta":{"_joinchat":[]},"product_brand":[],"product_cat":[69],"product_tag":[114,134,107],"class_list":{"0":"post-10396","1":"product","2":"type-product","3":"status-publish","4":"has-post-thumbnail","6":"product_cat-effetto-legno","7":"product_tag-9-stonalizzazioni","8":"product_tag-design-registrato","9":"product_tag-euro-classe-a1","11":"first","12":"instock","13":"taxable","14":"shipping-taxable","15":"purchasable","16":"product-type-simple"},"_links":{"self":[{"href":"https:\/\/www.sky-tile.com\/pl\/wp-json\/wp\/v2\/product\/10396","targetHints":{"allow":["GET"]}}],"collection":[{"href":"https:\/\/www.sky-tile.com\/pl\/wp-json\/wp\/v2\/product"}],"about":[{"href":"https:\/\/www.sky-tile.com\/pl\/wp-json\/wp\/v2\/types\/product"}],"wp:featuredmedia":[{"embeddable":true,"href":"https:\/\/www.sky-tile.com\/pl\/wp-json\/wp\/v2\/media\/14597"}],"wp:attachment":[{"href":"https:\/\/www.sky-tile.com\/pl\/wp-json\/wp\/v2\/media?parent=10396"}],"wp:term":[{"taxonomy":"product_brand","embeddable":true,"href":"https:\/\/www.sky-tile.com\/pl\/wp-json\/wp\/v2\/product_brand?post=10396"},{"taxonomy":"product_cat","embeddable":true,"href":"https:\/\/www.sky-tile.com\/pl\/wp-json\/wp\/v2\/product_cat?post=10396"},{"taxonomy":"product_tag","embeddable":true,"href":"https:\/\/www.sky-tile.com\/pl\/wp-json\/wp\/v2\/product_tag?post=10396"}],"curies":[{"name":"wp","href":"https:\/\/api.w.org\/{rel}","templated":true}]}}