{"id":8948,"date":"2022-06-28T14:36:29","date_gmt":"2022-06-28T14:36:29","guid":{"rendered":"https:\/\/www.sky-tile.com\/?page_id=8948"},"modified":"2024-05-27T09:46:49","modified_gmt":"2024-05-27T07:46:49","slug":"polityka-prywatnosci","status":"publish","type":"page","link":"https:\/\/www.sky-tile.com\/pl\/polityka-prywatnosci\/","title":{"rendered":"Polityka prywatno\u015bci"},"content":{"rendered":"<p>La presente Privacy Policy \u00e8 resa ai sensi dell&#8217;art. 13 del D. Lgs. 196\/03, Codice in materia di protezione dei dati personali e del Regolamento UE 20016\/679 (GDPR). Attuando la procedura di iscrizione, gli utenti comunicano volontariamente a Cerexpo S.r.l., Titolare del trattamento, i propri dati personali. I dati personali dell\u2019utente inviati dagli utenti mediante le procedure di registrazione ai nostri servizi saranno trattati nel rispetto dei principi di protezione dei dati personali stabiliti dal Codice della Privacy (D. Lgs. 196\/2003) e dalle altre norme vigenti in materia. Il conferimento dei dati \u00e8 facoltativo; tuttavia il mancato conferimento dei dati ritenuti obbligatori (e contrassegnati con *) impedir\u00e0 la corretta registrazione al sito e la possibilit\u00e0 di fruire dei servizi forniti dal portale e riservati agli utenti registrati.<\/p>\n<p>Administrator danych<\/p>\n<p>Il titolare del trattamento dei dati personali \u00e8 Cerexpo S.r.l., con sede in Via Emilia Romagna, 70\/74 &#8211; 41049, Sassuolo (MO) Italia.<\/p>\n<p>Przedmiot przetwarzania<\/p>\n<p>Il Titolare tratta i dati personali, identificativi e non sensibili (in particolare, nome, cognome, codice fiscale, p. iva, email, numero telefonico \u2013 in seguito &#8220;dati personali&#8221; o anche &#8220;dati&#8221;) comunicati in fase di registrazione al sito web del Titolare e\/o all\u2019atto dell\u2019iscrizione al servizio di newsletter offerto dal Titolare e\/o in occasione della conclusione di contratti per i servizi del Titolare.<\/p>\n<p>Finalit\u00e0 del trattamento<\/p>\n<p>I dati personali raccolti con la presente registrazione sono trattati al fine di consentire l\u2019accesso ai servizi forniti dal portale e riservati agli utenti registrati. Nel caso in cui l\u2019utente abbia espresso il proprio consenso al momento dell\u2019attivazione del servizio o lo esprima successivamente e fino alla revoca dello stesso, i dati personali potranno essere trattati da Cerexpo S.r.l. per l&#8217;invio di comunicazioni di carattere pubblicitario e commerciale su prodotti e servizi propri o di societ\u00e0 terze, anche con modalit\u00e0 automatizzate, per finalit\u00e0 di vendita diretta, nonch\u00e9 per invio di ricerche di mercato e sondaggi. Inoltre, nel caso in cui l\u2019utente vi acconsenta, i dati personali potranno altres\u00ec essere trattati da Cerexpo S.r.l. per identificare, anche mediante elaborazioni elettroniche, specifici comportamenti e abitudini di consumo in modo da migliorare i servizi forniti ed indirizzare le proposte commerciali di interesse dell\u2019Utente e per offrire ai terzi inserzionisti la possibilit\u00e0 di ottimizzare le campagne pubblicitarie. Resta ferma la possibilit\u00e0 per Cerexpo S.r.l. di trattare i dati predetti in forma aggregata, nel rispetto delle misure prescritte dal Garante privacy ed in virt\u00f9 dello specifico esonero dal consenso previsto dalla medesima Autorit\u00e0, per analisi ed elaborazioni elettroniche (es.: classificazione dell\u2019intera clientela in categorie omogenee per livelli di servizi, consumi, spesa, ecc.) dirette a monitorare periodicamente lo sviluppo e l\u2019andamento economico delle attivit\u00e0 di Cerexpo S.r.l., orientare i relativi processi industriali e commerciali, migliorare i servizi, progettare e realizzare le campagne di comunicazione commerciale. Cerexpo S.r.l. utilizzer\u00e0 inoltre i dati personali per finalit\u00e0 amministrative e contabili e per l\u2019esecuzione degli obblighi contrattuali; per le medesime finalit\u00e0 i dati personali saranno fatti oggetto di comunicazione a societ\u00e0 partecipate o collegate. L\u2019indirizzo di posta elettronica sar\u00e0 utilizzabile, ai sensi dell\u2019art. 130, comma 4, del D. Lgs. 196\/03, anche a fini di vendita diretta di prodotti o servizi analoghi a quelli gi\u00e0 acquistati dall\u2019utente\/cliente. I dati personali sono trattati:<\/p>\n<p>A) Senza consenso espresso (art. 24 lett. a,b,c Codice Privacy e art. 6 lett. b, e GDPR), per le seguenti finalit\u00e0 di Servizio:<br \/>\n&#8211; Permettere la registrazione al sito web;<br \/>\n&#8211; Gestire e mantenere il sito web;<br \/>\n&#8211; Permettere l\u2019iscrizione al servizio di newsletter fornito dal Titolare e degli ulteriori Servizi eventualmente richiesti;<br \/>\n&#8211; Adempiere agli obblighi precontrattuali, contrattuali e fiscali derivanti da rapporti in essere;<br \/>\n&#8211; Adempiere agli obblighi previsti dalla legge, da un regolamento, dalla normativa comunitaria o da un ordine dell\u2019Autorit\u00e0;<br \/>\n&#8211; Prevenire o scoprire attivit\u00e0 fraudolente o abusi dannosi per il sito web;<br \/>\n&#8211; Esercitare i diritti del Titolare, ad esempio il diritto di difesa in giudizio.<\/p>\n<p>B) Solo previo specifico e distinto consenso (artt. 23 e 130 Codice Privacy e art. 7 GDPR), per le seguenti finalit\u00e0 di Marketing:<br \/>\n&#8211; Inviare via email newsletter, comunicazioni commerciali e\/o materiale pubblicitario su prodotti o servizi offerti dal Titolare<\/p>\n<p>Titolare, Responsabili e Modalit\u00e0 del trattamento dati<\/p>\n<p>I dati personali inviati mediante le procedure di registrazione ai nostri servizi sono trattati da Cerexpo S.r.l. con strumenti automatizzati e per il tempo strettamente necessario a conseguire gli scopi per cui sono stati raccolti. Specifiche misure di sicurezza sono osservate dal Titolare del trattamento per prevenire la perdita dei dati, usi illeciti o non corretti ed accessi non autorizzati. I dati personali sono registrati e custoditi su database elettronici di propriet\u00e0 di Cerexpo S.r.l., con sede in Via Emilia Romagna, 70\/74 &#8211; 41049, Sassuolo (MO), Italia. Titolare del trattamento, nonch\u00e9 saranno conservati su server nel territorio di Paesi appartenenti all\u2019Unione Europea (UE) ovvero extra UE nel rispetto della normativa in materia di protezione dei dati personali. I dati personali sono trattati da Cerexpo S.r.l.. L&#8217;elenco di tutti i Responsabili del trattamento \u00e8 disponibile a richiesta degli utenti del sito.<\/p>\n<p>Diritto di accesso ai dati personali ed altri diritti ai sensi dell\u2019articolo 7 del codice privacy (d. lgs. 196\/2003) e del Regolamento UE 20016\/679 (GDPR)<\/p>\n<p>L\u2019utente potr\u00e0 in ogni momento esercitare i diritti di cui all\u2019art. 7 del D. Lgs. 196\/2003 e del Regolamento UE 2016\/679 (GDPR), fra cui il diritto di accedere ai propri dati e ottenerne l\u2019aggiornamento o la cancellazione per violazione di legge, di opporsi al trattamento dei propri dati ai fini di invio di materiale pubblicitario, vendita diretta e comunicazioni commerciali e di richiedere l\u2019elenco aggiornato dei responsabili del trattamento, mediante comunicazione scritta da inviarsi a: Cerexpo S.r.l., con sede in Via Emilia Romagna, 70\/74 &#8211; 41049, Sassuolo (MO) Italia.<\/p>","protected":false},"excerpt":{"rendered":"<p>La presente Privacy Policy \u00e8 resa ai sensi dell&#8217;art. 13 del D. Lgs. 196\/03, Codice in materia di protezione dei dati personali e del Regolamento UE 20016\/679 (GDPR). Attuando la procedura di iscrizione, gli utenti comunicano volontariamente a Cerexpo S.r.l., Titolare del trattamento, i propri dati personali. I dati personali dell\u2019utente inviati dagli utenti mediante [&hellip;]<\/p>","protected":false},"author":1,"featured_media":0,"parent":0,"menu_order":0,"comment_status":"closed","ping_status":"closed","template":"","meta":{"_joinchat":[],"footnotes":""},"class_list":["post-8948","page","type-page","status-publish","hentry"],"blocksy_meta":[],"_links":{"self":[{"href":"https:\/\/www.sky-tile.com\/pl\/wp-json\/wp\/v2\/pages\/8948","targetHints":{"allow":["GET"]}}],"collection":[{"href":"https:\/\/www.sky-tile.com\/pl\/wp-json\/wp\/v2\/pages"}],"about":[{"href":"https:\/\/www.sky-tile.com\/pl\/wp-json\/wp\/v2\/types\/page"}],"author":[{"embeddable":true,"href":"https:\/\/www.sky-tile.com\/pl\/wp-json\/wp\/v2\/users\/1"}],"replies":[{"embeddable":true,"href":"https:\/\/www.sky-tile.com\/pl\/wp-json\/wp\/v2\/comments?post=8948"}],"version-history":[{"count":0,"href":"https:\/\/www.sky-tile.com\/pl\/wp-json\/wp\/v2\/pages\/8948\/revisions"}],"wp:attachment":[{"href":"https:\/\/www.sky-tile.com\/pl\/wp-json\/wp\/v2\/media?parent=8948"}],"curies":[{"name":"wp","href":"https:\/\/api.w.org\/{rel}","templated":true}]}}