{"id":10802,"date":"2022-11-03T11:14:39","date_gmt":"2022-11-03T11:14:39","guid":{"rendered":"https:\/\/www.sky-tile.com\/?page_id=10802"},"modified":"2022-11-03T14:19:59","modified_gmt":"2022-11-03T14:19:59","slug":"instalacja","status":"publish","type":"page","link":"https:\/\/www.sky-tile.com\/pl\/instalacja\/","title":{"rendered":"Instalacja"},"content":{"rendered":"<div data-elementor-type=\"wp-page\" data-elementor-id=\"10802\" class=\"elementor elementor-10802\" data-elementor-post-type=\"page\">\n\t\t\t\t\t\t<section class=\"has_eae_slider elementor-section elementor-top-section elementor-element elementor-element-78d6024 elementor-section-boxed elementor-section-height-default elementor-section-height-default\" data-eae-slider=\"93626\" data-id=\"78d6024\" data-element_type=\"section\">\n\t\t\t\t\t\t<div class=\"elementor-container elementor-column-gap-default\">\n\t\t\t\t\t<div class=\"has_eae_slider elementor-column elementor-col-50 elementor-top-column elementor-element elementor-element-6874219\" data-eae-slider=\"91852\" data-id=\"6874219\" data-element_type=\"column\">\n\t\t\t<div class=\"elementor-widget-wrap elementor-element-populated\">\n\t\t\t\t\t\t<div class=\"elementor-element elementor-element-39aba65 elementor-widget elementor-widget-text-editor\" data-id=\"39aba65\" data-element_type=\"widget\" data-widget_type=\"text-editor.default\">\n\t\t\t\t<div class=\"elementor-widget-container\">\n\t\t\t\t\t\t\t\t\t<p>Il montaggio dei nostri pannelli Sky-Tile \u00e8 facile e sicuro perch\u00e9 pesano solo 400 g e con una semplice scala chiunque \u00e8 in grado di inserirli e di posizionarli correttamente all\u2019interno della struttura modulare di supporto.<\/p><p>I nostri pannelli per controsoffitto modulare formato 60\u00d760 sono stampati su supporti in fibra di roccia prodotti da Saint Gobain e sono compatibili per essere installati in qualsiasi orditura modulare di questa dimensione.<\/p><p>Rzeczywisty format paneli wynosi 59,5 \u00d7 59,5 cm i mo\u017cna je \u0142atwo zast\u0105pi\u0107 istniej\u0105cymi panelami o tym samym rozmiarze z obramowaniem typu A (kwadratowym).<\/p><p>Mo\u017cna je \u0142atwo kszta\u0142towa\u0107 za pomoc\u0105 no\u017ca, co czyni je bardzo uniwersalnymi nawet dla niedo\u015bwiadczonej osoby.<\/p><p>Zalecamy stosowanie \u015brodk\u00f3w ochrony osobistej przed rozpocz\u0119ciem pracy z panelami z w\u0142\u00f3kna skalnego, kt\u00f3re s\u0105 klasyfikowane jako materia\u0142y budowlane:<\/p><ul><li>Okulary<\/li><li>R\u0119kawice<\/li><li>Maska<\/li><\/ul><p>e ricordate di arieggiare l&#8217;ambiente al termine dell&#8217;installazione.<\/p>\t\t\t\t\t\t\t\t<\/div>\n\t\t\t\t<\/div>\n\t\t\t\t\t<\/div>\n\t\t<\/div>\n\t\t\t\t<div class=\"has_eae_slider elementor-column elementor-col-50 elementor-top-column elementor-element elementor-element-d5932b0\" data-eae-slider=\"10004\" data-id=\"d5932b0\" data-element_type=\"column\">\n\t\t\t<div class=\"elementor-widget-wrap elementor-element-populated\">\n\t\t\t\t\t\t<div class=\"elementor-element elementor-element-e97a4ab elementor-widget elementor-widget-image\" data-id=\"e97a4ab\" data-element_type=\"widget\" data-widget_type=\"image.default\">\n\t\t\t\t<div class=\"elementor-widget-container\">\n\t\t\t\t\t\t\t\t\t\t\t\t\t\t\t\t<a href=\"https:\/\/www.sky-tile.com\/wp-content\/uploads\/2022\/11\/orditura-compressed-1-scaled.jpg\" data-elementor-open-lightbox=\"yes\" data-elementor-lightbox-title=\"orditura-compressed\" data-e-action-hash=\"#elementor-action%3Aaction%3Dlightbox%26settings%3DeyJpZCI6MTA4MzQsInVybCI6Imh0dHBzOlwvXC93d3cuc2t5LXRpbGUuY29tXC93cC1jb250ZW50XC91cGxvYWRzXC8yMDIyXC8xMVwvb3JkaXR1cmEtY29tcHJlc3NlZC0xLXNjYWxlZC5qcGcifQ%3D%3D\">\n\t\t\t\t\t\t\t<img fetchpriority=\"high\" decoding=\"async\" width=\"1024\" height=\"1024\" src=\"https:\/\/www.sky-tile.com\/wp-content\/uploads\/2022\/11\/orditura-compressed-1-1024x1024.jpg\" class=\"attachment-large size-large wp-image-10834\" alt=\"\" srcset=\"https:\/\/www.sky-tile.com\/wp-content\/uploads\/2022\/11\/orditura-compressed-1-1024x1024.jpg 1024w, https:\/\/www.sky-tile.com\/wp-content\/uploads\/2022\/11\/orditura-compressed-1-300x300.jpg 300w, https:\/\/www.sky-tile.com\/wp-content\/uploads\/2022\/11\/orditura-compressed-1-scaled-100x100.jpg 100w, https:\/\/www.sky-tile.com\/wp-content\/uploads\/2022\/11\/orditura-compressed-1-scaled-600x600.jpg 600w, https:\/\/www.sky-tile.com\/wp-content\/uploads\/2022\/11\/orditura-compressed-1-scaled-450x450.jpg 450w, https:\/\/www.sky-tile.com\/wp-content\/uploads\/2022\/11\/orditura-compressed-1-150x150.jpg 150w, https:\/\/www.sky-tile.com\/wp-content\/uploads\/2022\/11\/orditura-compressed-1-768x768.jpg 768w, https:\/\/www.sky-tile.com\/wp-content\/uploads\/2022\/11\/orditura-compressed-1-1536x1536.jpg 1536w, https:\/\/www.sky-tile.com\/wp-content\/uploads\/2022\/11\/orditura-compressed-1-2048x2048.jpg 2048w, https:\/\/www.sky-tile.com\/wp-content\/uploads\/2022\/11\/orditura-compressed-1-12x12.jpg 12w, https:\/\/www.sky-tile.com\/wp-content\/uploads\/2022\/11\/orditura-compressed-1-1920x1920.jpg 1920w\" sizes=\"(max-width: 1024px) 100vw, 1024px\" title=\"\">\t\t\t\t\t\t\t\t<\/a>\n\t\t\t\t\t\t\t\t\t\t\t\t\t\t\t<\/div>\n\t\t\t\t<\/div>\n\t\t\t\t<div class=\"elementor-element elementor-element-ab2c1d8 elementor-widget elementor-widget-image\" data-id=\"ab2c1d8\" data-element_type=\"widget\" data-widget_type=\"image.default\">\n\t\t\t\t<div class=\"elementor-widget-container\">\n\t\t\t\t\t\t\t\t\t\t\t\t\t\t\t\t<a href=\"https:\/\/www.sky-tile.com\/wp-content\/uploads\/2022\/11\/tipo-profilo-controsoffitto.png\" data-elementor-open-lightbox=\"yes\" data-elementor-lightbox-title=\"tipo-profilo-controsoffitto\" data-e-action-hash=\"#elementor-action%3Aaction%3Dlightbox%26settings%3DeyJpZCI6MTA4NDQsInVybCI6Imh0dHBzOlwvXC93d3cuc2t5LXRpbGUuY29tXC93cC1jb250ZW50XC91cGxvYWRzXC8yMDIyXC8xMVwvdGlwby1wcm9maWxvLWNvbnRyb3NvZmZpdHRvLnBuZyJ9\">\n\t\t\t\t\t\t\t<img decoding=\"async\" width=\"696\" height=\"630\" src=\"https:\/\/www.sky-tile.com\/wp-content\/uploads\/2022\/11\/tipo-profilo-controsoffitto.png\" class=\"attachment-large size-large wp-image-10844\" alt=\"\" srcset=\"https:\/\/www.sky-tile.com\/wp-content\/uploads\/2022\/11\/tipo-profilo-controsoffitto.png 696w, https:\/\/www.sky-tile.com\/wp-content\/uploads\/2022\/11\/tipo-profilo-controsoffitto-300x272.png 300w, https:\/\/www.sky-tile.com\/wp-content\/uploads\/2022\/11\/tipo-profilo-controsoffitto-600x543.png 600w, https:\/\/www.sky-tile.com\/wp-content\/uploads\/2022\/11\/tipo-profilo-controsoffitto-13x12.png 13w\" sizes=\"(max-width: 696px) 100vw, 696px\" title=\"\">\t\t\t\t\t\t\t\t<\/a>\n\t\t\t\t\t\t\t\t\t\t\t\t\t\t\t<\/div>\n\t\t\t\t<\/div>\n\t\t\t\t<div class=\"elementor-element elementor-element-171960a elementor-widget elementor-widget-image\" data-id=\"171960a\" data-element_type=\"widget\" data-widget_type=\"image.default\">\n\t\t\t\t<div class=\"elementor-widget-container\">\n\t\t\t\t\t\t\t\t\t\t\t\t\t\t\t\t<a href=\"https:\/\/www.sky-tile.com\/wp-content\/uploads\/2022\/11\/raccomandazioni-uso.jpg\" data-elementor-open-lightbox=\"yes\" data-elementor-lightbox-title=\"raccomandazioni-uso\" data-e-action-hash=\"#elementor-action%3Aaction%3Dlightbox%26settings%3DeyJpZCI6MTA4NTEsInVybCI6Imh0dHBzOlwvXC93d3cuc2t5LXRpbGUuY29tXC93cC1jb250ZW50XC91cGxvYWRzXC8yMDIyXC8xMVwvcmFjY29tYW5kYXppb25pLXVzby5qcGcifQ%3D%3D\">\n\t\t\t\t\t\t\t<img decoding=\"async\" width=\"1016\" height=\"1024\" src=\"https:\/\/www.sky-tile.com\/wp-content\/uploads\/2022\/11\/raccomandazioni-uso-1016x1024.jpg\" class=\"attachment-large size-large wp-image-10851\" alt=\"\" srcset=\"https:\/\/www.sky-tile.com\/wp-content\/uploads\/2022\/11\/raccomandazioni-uso-1016x1024.jpg 1016w, https:\/\/www.sky-tile.com\/wp-content\/uploads\/2022\/11\/raccomandazioni-uso-300x302.jpg 300w, https:\/\/www.sky-tile.com\/wp-content\/uploads\/2022\/11\/raccomandazioni-uso-100x100.jpg 100w, https:\/\/www.sky-tile.com\/wp-content\/uploads\/2022\/11\/raccomandazioni-uso-600x605.jpg 600w, https:\/\/www.sky-tile.com\/wp-content\/uploads\/2022\/11\/raccomandazioni-uso-298x300.jpg 298w, https:\/\/www.sky-tile.com\/wp-content\/uploads\/2022\/11\/raccomandazioni-uso-150x150.jpg 150w, https:\/\/www.sky-tile.com\/wp-content\/uploads\/2022\/11\/raccomandazioni-uso-768x774.jpg 768w, https:\/\/www.sky-tile.com\/wp-content\/uploads\/2022\/11\/raccomandazioni-uso-12x12.jpg 12w, https:\/\/www.sky-tile.com\/wp-content\/uploads\/2022\/11\/raccomandazioni-uso.jpg 1056w\" sizes=\"(max-width: 1016px) 100vw, 1016px\" title=\"\">\t\t\t\t\t\t\t\t<\/a>\n\t\t\t\t\t\t\t\t\t\t\t\t\t\t\t<\/div>\n\t\t\t\t<\/div>\n\t\t\t\t\t<\/div>\n\t\t<\/div>\n\t\t\t\t\t<\/div>\n\t\t<\/section>\n\t\t\t\t<section class=\"has_eae_slider elementor-section elementor-top-section elementor-element elementor-element-674b565 elementor-section-boxed elementor-section-height-default elementor-section-height-default\" data-eae-slider=\"69274\" data-id=\"674b565\" data-element_type=\"section\">\n\t\t\t\t\t\t<div class=\"elementor-container elementor-column-gap-default\">\n\t\t\t\t\t<div class=\"has_eae_slider elementor-column elementor-col-100 elementor-top-column elementor-element elementor-element-69275d5\" data-eae-slider=\"56061\" data-id=\"69275d5\" data-element_type=\"column\">\n\t\t\t<div class=\"elementor-widget-wrap elementor-element-populated\">\n\t\t\t\t\t\t<div class=\"elementor-element elementor-element-bed2b16 elementor-widget elementor-widget-heading\" data-id=\"bed2b16\" data-element_type=\"widget\" data-widget_type=\"heading.default\">\n\t\t\t\t<div class=\"elementor-widget-container\">\n\t\t\t\t\t<h2 class=\"elementor-heading-title elementor-size-default\">Szukasz instalatora? My si\u0119 tym zajmiemy!<\/h2>\t\t\t\t<\/div>\n\t\t\t\t<\/div>\n\t\t\t\t<div class=\"elementor-element elementor-element-bfd542d elementor-widget elementor-widget-text-editor\" data-id=\"bfd542d\" data-element_type=\"widget\" data-widget_type=\"text-editor.default\">\n\t\t\t\t<div class=\"elementor-widget-container\">\n\t\t\t\t\t\t\t\t\t<p>Nel caso in cui nel vostro ambiente privato o aperto al pubblico fosse necessaria una nuova installazione, abbiamo la possibilit\u00e0 di mettervi in contatto con installatori professionisti che utilizzano materiali orginali Saint Gobain.<\/p><p>L\u2019installatore che si metter\u00e0 in contatto con voi si occuper\u00e0 di fornirvi il preventivo in base alla metratura ed il numero di ambienti da voi indicati per poi montare la struttura modulare ed inserire i nostri pannelli Sky-Tile.<\/p><p>Nasze relacje z producentem Saint Gobain pozwalaj\u0105 nam na kontakt z profesjonalnymi instalatorami, kt\u00f3rzy zamontuj\u0105 oryginalne konstrukcje Saint Gobain na Twoim suficie.<\/p><p>Wype\u0142niaj\u0105c poni\u017cszy formularz przeka\u017cesz nam dane, kt\u00f3re pozwol\u0105 nam Ci pom\u00f3c!<\/p>\t\t\t\t\t\t\t\t<\/div>\n\t\t\t\t<\/div>\n\t\t\t\t\t<\/div>\n\t\t<\/div>\n\t\t\t\t\t<\/div>\n\t\t<\/section>\n\t\t\t\t<\/div>","protected":false},"excerpt":{"rendered":"<p>Il montaggio dei nostri pannelli Sky-Tile \u00e8 facile e sicuro perch\u00e9 pesano solo 400 g e con una semplice scala chiunque \u00e8 in grado di inserirli e di posizionarli correttamente all\u2019interno della struttura modulare di supporto. I nostri pannelli per controsoffitto modulare formato 60\u00d760 sono stampati su supporti in fibra di roccia prodotti da Saint [&hellip;]<\/p>","protected":false},"author":1,"featured_media":0,"parent":0,"menu_order":0,"comment_status":"closed","ping_status":"closed","template":"","meta":{"_joinchat":[],"footnotes":""},"class_list":["post-10802","page","type-page","status-publish","hentry"],"blocksy_meta":[],"_links":{"self":[{"href":"https:\/\/www.sky-tile.com\/pl\/wp-json\/wp\/v2\/pages\/10802","targetHints":{"allow":["GET"]}}],"collection":[{"href":"https:\/\/www.sky-tile.com\/pl\/wp-json\/wp\/v2\/pages"}],"about":[{"href":"https:\/\/www.sky-tile.com\/pl\/wp-json\/wp\/v2\/types\/page"}],"author":[{"embeddable":true,"href":"https:\/\/www.sky-tile.com\/pl\/wp-json\/wp\/v2\/users\/1"}],"replies":[{"embeddable":true,"href":"https:\/\/www.sky-tile.com\/pl\/wp-json\/wp\/v2\/comments?post=10802"}],"version-history":[{"count":0,"href":"https:\/\/www.sky-tile.com\/pl\/wp-json\/wp\/v2\/pages\/10802\/revisions"}],"wp:attachment":[{"href":"https:\/\/www.sky-tile.com\/pl\/wp-json\/wp\/v2\/media?parent=10802"}],"curies":[{"name":"wp","href":"https:\/\/api.w.org\/{rel}","templated":true}]}}