{"id":7990,"date":"2022-05-13T13:16:51","date_gmt":"2022-05-13T13:16:51","guid":{"rendered":"https:\/\/www.sky-tile.com\/?post_type=product&#038;p=7990"},"modified":"2026-02-19T11:08:54","modified_gmt":"2026-02-19T10:08:54","slug":"panneaux-de-plafond-60x60-graphiques-personnalises","status":"publish","type":"product","link":"https:\/\/www.sky-tile.com\/fr\/produit\/panneaux-de-plafond-60x60-graphiques-personnalises\/","title":{"rendered":"Nous faisons votre graphisme"},"content":{"rendered":"","protected":false},"excerpt":{"rendered":"<p><span data-contrast=\"auto\">Panneaux en laine de roche avec graphiques personnalis\u00e9s<\/span><\/p>\n<p><span data-contrast=\"auto\">Transformez votre espace de bureau, votre zone de production, votre magasin ou votre maison gr\u00e2ce \u00e0 la personnalisation de nos dalles de plafond.<\/span><\/p>\n<p><span data-contrast=\"auto\">En d\u00e9corant les panneaux Sky-Tile avec vos propres graphiques, vous cr\u00e9erez une ambiance unique et originale. Envoyez-nous vos graphismes pr\u00e9f\u00e9r\u00e9s pour rendre chaque pi\u00e8ce sp\u00e9ciale.<\/span><span data-ccp-props=\"{}\">\u00a0<\/span><\/p>","protected":false},"featured_media":9373,"template":"","meta":{"_joinchat":[]},"product_brand":[],"product_cat":[86],"product_tag":[],"class_list":{"0":"post-7990","1":"product","2":"type-product","3":"status-publish","4":"has-post-thumbnail","6":"product_cat-grafica-personalizzata","8":"first","9":"instock","10":"taxable","11":"shipping-taxable","12":"purchasable","13":"product-type-simple"},"_links":{"self":[{"href":"https:\/\/www.sky-tile.com\/fr\/wp-json\/wp\/v2\/product\/7990","targetHints":{"allow":["GET"]}}],"collection":[{"href":"https:\/\/www.sky-tile.com\/fr\/wp-json\/wp\/v2\/product"}],"about":[{"href":"https:\/\/www.sky-tile.com\/fr\/wp-json\/wp\/v2\/types\/product"}],"wp:featuredmedia":[{"embeddable":true,"href":"https:\/\/www.sky-tile.com\/fr\/wp-json\/wp\/v2\/media\/9373"}],"wp:attachment":[{"href":"https:\/\/www.sky-tile.com\/fr\/wp-json\/wp\/v2\/media?parent=7990"}],"wp:term":[{"taxonomy":"product_brand","embeddable":true,"href":"https:\/\/www.sky-tile.com\/fr\/wp-json\/wp\/v2\/product_brand?post=7990"},{"taxonomy":"product_cat","embeddable":true,"href":"https:\/\/www.sky-tile.com\/fr\/wp-json\/wp\/v2\/product_cat?post=7990"},{"taxonomy":"product_tag","embeddable":true,"href":"https:\/\/www.sky-tile.com\/fr\/wp-json\/wp\/v2\/product_tag?post=7990"}],"curies":[{"name":"wp","href":"https:\/\/api.w.org\/{rel}","templated":true}]}}