{"id":7836,"date":"2022-05-10T13:16:59","date_gmt":"2022-05-10T13:16:59","guid":{"rendered":"https:\/\/www.sky-tile.com\/?post_type=product&#038;p=7836"},"modified":"2025-01-07T08:41:13","modified_gmt":"2025-01-07T07:41:13","slug":"60x60-dalles-de-plafond-effet-bois-colore","status":"publish","type":"product","link":"https:\/\/www.sky-tile.com\/fr\/produit\/60x60-dalles-de-plafond-effet-bois-colore\/","title":{"rendered":"Bois color\u00e9"},"content":{"rendered":"","protected":false},"excerpt":{"rendered":"<p>Dalles de plafond en laine de roche de 60\u00d760 cm, d\u00e9cor\u00e9es avec un effet bois.<\/p>\n<p>Nos dalles de plafond en faux bois peuvent transformer votre pi\u00e8ce et la rendre plus chaleureuse sans couper un seul arbre !<\/p>\n<p>Les plafonds \u00e0 panneaux vous permettent de travailler m\u00eame sans exp\u00e9rience sp\u00e9cifique, ceux que vous recevrez seront parfaitement compatibles avec vos dalles de plafond 60\u00d760 existantes.<\/p>\n<div style=\"width: 1600px;\" class=\"wp-video\"><video class=\"wp-video-shortcode\" id=\"video-7836-1\" width=\"1600\" height=\"900\" loop autoplay preload=\"metadata\" controls=\"controls\"><source type=\"video\/mp4\" src=\"https:\/\/www.sky-tile.com\/wp-content\/uploads\/2022\/05\/CO-005.mp4?_=1\" \/><a href=\"https:\/\/www.sky-tile.com\/wp-content\/uploads\/2022\/05\/CO-005.mp4\">https:\/\/www.sky-tile.com\/wp-content\/uploads\/2022\/05\/CO-005.mp4<\/a><\/video><\/div>","protected":false},"featured_media":14651,"template":"","meta":{"_joinchat":[]},"product_brand":[],"product_cat":[69],"product_tag":[108],"class_list":{"0":"post-7836","1":"product","2":"type-product","3":"status-publish","4":"has-post-thumbnail","6":"product_cat-effetto-legno","7":"product_tag-euro-classe-a2","9":"first","10":"instock","11":"taxable","12":"shipping-taxable","13":"purchasable","14":"product-type-simple"},"_links":{"self":[{"href":"https:\/\/www.sky-tile.com\/fr\/wp-json\/wp\/v2\/product\/7836","targetHints":{"allow":["GET"]}}],"collection":[{"href":"https:\/\/www.sky-tile.com\/fr\/wp-json\/wp\/v2\/product"}],"about":[{"href":"https:\/\/www.sky-tile.com\/fr\/wp-json\/wp\/v2\/types\/product"}],"wp:featuredmedia":[{"embeddable":true,"href":"https:\/\/www.sky-tile.com\/fr\/wp-json\/wp\/v2\/media\/14651"}],"wp:attachment":[{"href":"https:\/\/www.sky-tile.com\/fr\/wp-json\/wp\/v2\/media?parent=7836"}],"wp:term":[{"taxonomy":"product_brand","embeddable":true,"href":"https:\/\/www.sky-tile.com\/fr\/wp-json\/wp\/v2\/product_brand?post=7836"},{"taxonomy":"product_cat","embeddable":true,"href":"https:\/\/www.sky-tile.com\/fr\/wp-json\/wp\/v2\/product_cat?post=7836"},{"taxonomy":"product_tag","embeddable":true,"href":"https:\/\/www.sky-tile.com\/fr\/wp-json\/wp\/v2\/product_tag?post=7836"}],"curies":[{"name":"wp","href":"https:\/\/api.w.org\/{rel}","templated":true}]}}