{"id":7832,"date":"2022-05-10T13:14:13","date_gmt":"2022-05-10T13:14:13","guid":{"rendered":"https:\/\/www.sky-tile.com\/?post_type=product&#038;p=7832"},"modified":"2026-03-23T14:58:39","modified_gmt":"2026-03-23T13:58:39","slug":"plafond-suspendu-60x60-effet-long-bande-panneaux-bois","status":"publish","type":"product","link":"https:\/\/www.sky-tile.com\/fr\/produit\/plafond-suspendu-60x60-effet-long-bande-panneaux-bois\/","title":{"rendered":"Bandes longues"},"content":{"rendered":"","protected":false},"excerpt":{"rendered":"<p>Dalles de plafond en laine de roche de 60\u00d760 cm, d\u00e9cor\u00e9es avec un effet bois.<\/p>\n<p>Nos dalles de plafond en faux bois peuvent transformer votre pi\u00e8ce et la rendre plus chaleureuse sans couper un seul arbre !<\/p>\n<p>Les plafonds \u00e0 panneaux vous permettent de travailler m\u00eame sans exp\u00e9rience sp\u00e9cifique, ceux que vous recevrez seront parfaitement compatibles avec vos dalles de plafond 60\u00d760 existantes.<\/p>\n<h3>Une combinaison de 9 graphiques uniques, con\u00e7us pour donner \u00e0 la pose finale un aspect plus r\u00e9aliste et naturel.<\/h3>\n<div style=\"width: 1600px;\" class=\"wp-video\"><video class=\"wp-video-shortcode\" id=\"video-7832-1\" width=\"1600\" height=\"900\" loop autoplay preload=\"metadata\" controls=\"controls\"><source type=\"video\/mp4\" src=\"https:\/\/www.sky-tile.com\/wp-content\/uploads\/2022\/05\/CO-041.mp4?_=1\" \/><a href=\"https:\/\/www.sky-tile.com\/wp-content\/uploads\/2022\/05\/CO-041.mp4\">https:\/\/www.sky-tile.com\/wp-content\/uploads\/2022\/05\/CO-041.mp4<\/a><\/video><\/div>","protected":false},"featured_media":14642,"template":"","meta":{"_joinchat":[]},"product_brand":[],"product_cat":[69],"product_tag":[114,134,107],"class_list":{"0":"post-7832","1":"product","2":"type-product","3":"status-publish","4":"has-post-thumbnail","6":"product_cat-effetto-legno","7":"product_tag-9-stonalizzazioni","8":"product_tag-design-registrato","9":"product_tag-euro-classe-a1","11":"first","12":"instock","13":"taxable","14":"shipping-taxable","15":"purchasable","16":"product-type-simple"},"_links":{"self":[{"href":"https:\/\/www.sky-tile.com\/fr\/wp-json\/wp\/v2\/product\/7832","targetHints":{"allow":["GET"]}}],"collection":[{"href":"https:\/\/www.sky-tile.com\/fr\/wp-json\/wp\/v2\/product"}],"about":[{"href":"https:\/\/www.sky-tile.com\/fr\/wp-json\/wp\/v2\/types\/product"}],"wp:featuredmedia":[{"embeddable":true,"href":"https:\/\/www.sky-tile.com\/fr\/wp-json\/wp\/v2\/media\/14642"}],"wp:attachment":[{"href":"https:\/\/www.sky-tile.com\/fr\/wp-json\/wp\/v2\/media?parent=7832"}],"wp:term":[{"taxonomy":"product_brand","embeddable":true,"href":"https:\/\/www.sky-tile.com\/fr\/wp-json\/wp\/v2\/product_brand?post=7832"},{"taxonomy":"product_cat","embeddable":true,"href":"https:\/\/www.sky-tile.com\/fr\/wp-json\/wp\/v2\/product_cat?post=7832"},{"taxonomy":"product_tag","embeddable":true,"href":"https:\/\/www.sky-tile.com\/fr\/wp-json\/wp\/v2\/product_tag?post=7832"}],"curies":[{"name":"wp","href":"https:\/\/api.w.org\/{rel}","templated":true}]}}