{"id":7826,"date":"2022-05-10T13:07:57","date_gmt":"2022-05-10T13:07:57","guid":{"rendered":"https:\/\/www.sky-tile.com\/?post_type=product&#038;p=7826"},"modified":"2025-08-27T10:22:11","modified_gmt":"2025-08-27T08:22:11","slug":"60x60-dalles-de-plafond-effet-bois-lames-blanches","status":"publish","type":"product","link":"https:\/\/www.sky-tile.com\/fr\/produit\/60x60-dalles-de-plafond-effet-bois-lames-blanches\/","title":{"rendered":"Lattes Blanc"},"content":{"rendered":"","protected":false},"excerpt":{"rendered":"<p>Dalles de plafond en laine de roche de 60\u00d760 cm, d\u00e9cor\u00e9es avec un effet bois.<\/p>\n<p>Nos dalles de plafond en faux bois peuvent transformer votre pi\u00e8ce et la rendre plus chaleureuse sans couper un seul arbre !<\/p>\n<p>Les plafonds \u00e0 panneaux vous permettent de travailler m\u00eame sans exp\u00e9rience sp\u00e9cifique, ceux que vous recevrez seront parfaitement compatibles avec vos dalles de plafond 60\u00d760 existantes.<\/p>\n<p><a href=\"https:\/\/www.sky-tile.com\/wp-content\/uploads\/2022\/09\/design-registrato-4.png\"><img decoding=\"async\" class=\"alignnone wp-image-14227\" src=\"https:\/\/www.sky-tile.com\/wp-content\/uploads\/2022\/09\/design-registrato-4-300x93.png\" alt=\"\" width=\"181\" height=\"56\" srcset=\"https:\/\/www.sky-tile.com\/wp-content\/uploads\/2022\/09\/design-registrato-4-300x93.png 300w, https:\/\/www.sky-tile.com\/wp-content\/uploads\/2022\/09\/design-registrato-4-18x6.png 18w, https:\/\/www.sky-tile.com\/wp-content\/uploads\/2022\/09\/design-registrato-4.png 467w\" sizes=\"(max-width: 181px) 100vw, 181px\" \/><\/a><\/p>","protected":false},"featured_media":15278,"template":"","meta":{"_joinchat":[]},"product_brand":[],"product_cat":[69],"product_tag":[107],"class_list":{"0":"post-7826","1":"product","2":"type-product","3":"status-publish","4":"has-post-thumbnail","6":"product_cat-effetto-legno","7":"product_tag-euro-classe-a1","9":"first","10":"instock","11":"taxable","12":"shipping-taxable","13":"purchasable","14":"product-type-simple"},"_links":{"self":[{"href":"https:\/\/www.sky-tile.com\/fr\/wp-json\/wp\/v2\/product\/7826","targetHints":{"allow":["GET"]}}],"collection":[{"href":"https:\/\/www.sky-tile.com\/fr\/wp-json\/wp\/v2\/product"}],"about":[{"href":"https:\/\/www.sky-tile.com\/fr\/wp-json\/wp\/v2\/types\/product"}],"wp:featuredmedia":[{"embeddable":true,"href":"https:\/\/www.sky-tile.com\/fr\/wp-json\/wp\/v2\/media\/15278"}],"wp:attachment":[{"href":"https:\/\/www.sky-tile.com\/fr\/wp-json\/wp\/v2\/media?parent=7826"}],"wp:term":[{"taxonomy":"product_brand","embeddable":true,"href":"https:\/\/www.sky-tile.com\/fr\/wp-json\/wp\/v2\/product_brand?post=7826"},{"taxonomy":"product_cat","embeddable":true,"href":"https:\/\/www.sky-tile.com\/fr\/wp-json\/wp\/v2\/product_cat?post=7826"},{"taxonomy":"product_tag","embeddable":true,"href":"https:\/\/www.sky-tile.com\/fr\/wp-json\/wp\/v2\/product_tag?post=7826"}],"curies":[{"name":"wp","href":"https:\/\/api.w.org\/{rel}","templated":true}]}}