{"id":13549,"date":"2023-12-12T11:48:47","date_gmt":"2023-12-12T10:48:47","guid":{"rendered":"https:\/\/www.sky-tile.com\/?post_type=product&#038;p=13549"},"modified":"2025-01-07T08:41:11","modified_gmt":"2025-01-07T07:41:11","slug":"panneaux-de-faux-plafond-60x60-effet-bois-lattes-de-teck-5","status":"publish","type":"product","link":"https:\/\/www.sky-tile.com\/fr\/produit\/panneaux-de-faux-plafond-60x60-effet-bois-lattes-de-teck-5\/","title":{"rendered":"Lattes Weng\u00e9"},"content":{"rendered":"","protected":false},"excerpt":{"rendered":"<p>Dalles de plafond en laine de roche de 60\u00d760 cm, d\u00e9cor\u00e9es avec un effet bois.<\/p>\n<p>Nos dalles de plafond en faux bois peuvent transformer votre pi\u00e8ce et la rendre plus chaleureuse sans couper un seul arbre !<\/p>\n<p>Les plafonds \u00e0 panneaux vous permettent de travailler m\u00eame sans exp\u00e9rience sp\u00e9cifique, ceux que vous recevrez seront parfaitement compatibles avec vos dalles de plafond 60\u00d760 existantes.<\/p>\n<h3>Une combinaison de 7 graphiques uniques, con\u00e7us pour donner \u00e0 la pose finale un aspect plus r\u00e9aliste et naturel.<\/h3>\n<div style=\"width: 1600px;\" class=\"wp-video\"><video class=\"wp-video-shortcode\" id=\"video-13549-1\" width=\"1600\" height=\"900\" loop autoplay preload=\"metadata\" controls=\"controls\"><source type=\"video\/mp4\" src=\"https:\/\/www.sky-tile.com\/wp-content\/uploads\/2023\/12\/CO-258.mp4?_=1\" \/><a href=\"https:\/\/www.sky-tile.com\/wp-content\/uploads\/2023\/12\/CO-258.mp4\">https:\/\/www.sky-tile.com\/wp-content\/uploads\/2023\/12\/CO-258.mp4<\/a><\/video><\/div>","protected":false},"featured_media":14588,"template":"","meta":{"_joinchat":[]},"product_brand":[],"product_cat":[69],"product_tag":[119,110],"class_list":{"0":"post-13549","1":"product","2":"type-product","3":"status-publish","4":"has-post-thumbnail","6":"product_cat-effetto-legno","7":"product_tag-7-stonalizzazioni","8":"product_tag-euro-classe-c","10":"first","11":"instock","12":"taxable","13":"shipping-taxable","14":"purchasable","15":"product-type-simple"},"_links":{"self":[{"href":"https:\/\/www.sky-tile.com\/fr\/wp-json\/wp\/v2\/product\/13549","targetHints":{"allow":["GET"]}}],"collection":[{"href":"https:\/\/www.sky-tile.com\/fr\/wp-json\/wp\/v2\/product"}],"about":[{"href":"https:\/\/www.sky-tile.com\/fr\/wp-json\/wp\/v2\/types\/product"}],"wp:featuredmedia":[{"embeddable":true,"href":"https:\/\/www.sky-tile.com\/fr\/wp-json\/wp\/v2\/media\/14588"}],"wp:attachment":[{"href":"https:\/\/www.sky-tile.com\/fr\/wp-json\/wp\/v2\/media?parent=13549"}],"wp:term":[{"taxonomy":"product_brand","embeddable":true,"href":"https:\/\/www.sky-tile.com\/fr\/wp-json\/wp\/v2\/product_brand?post=13549"},{"taxonomy":"product_cat","embeddable":true,"href":"https:\/\/www.sky-tile.com\/fr\/wp-json\/wp\/v2\/product_cat?post=13549"},{"taxonomy":"product_tag","embeddable":true,"href":"https:\/\/www.sky-tile.com\/fr\/wp-json\/wp\/v2\/product_tag?post=13549"}],"curies":[{"name":"wp","href":"https:\/\/api.w.org\/{rel}","templated":true}]}}