{"id":13333,"date":"2023-11-13T10:51:15","date_gmt":"2023-11-13T09:51:15","guid":{"rendered":"https:\/\/www.sky-tile.com\/?post_type=product&#038;p=13333"},"modified":"2026-03-23T12:12:35","modified_gmt":"2026-03-23T11:12:35","slug":"bambou","status":"publish","type":"product","link":"https:\/\/www.sky-tile.com\/fr\/produit\/bambou\/","title":{"rendered":"Bambou"},"content":{"rendered":"","protected":false},"excerpt":{"rendered":"<p>Dalles de plafond en laine de roche d\u00e9cor\u00e9es de 60x60x1,2 cm.<\/p>\n<p>Il transforme ou simplement diff\u00e9rencie chaque pi\u00e8ce du bureau, de la zone de production, de la zone de vente ou de la maison, en en faisant un environnement unique.<\/p>\n<p>Les plafonds de bureaux modulaires sont souvent anonymes, voici une solution rapide et efficace pour diversifier une pi\u00e8ce.<\/p>\n<h3>Une combinaison de 5 graphiques uniques, con\u00e7us pour donner \u00e0 la pose finale un aspect plus r\u00e9aliste et naturel.<\/h3>\n<div style=\"width: 1600px;\" class=\"wp-video\"><video class=\"wp-video-shortcode\" id=\"video-13333-1\" width=\"1600\" height=\"900\" loop autoplay preload=\"metadata\" controls=\"controls\"><source type=\"video\/mp4\" src=\"https:\/\/www.sky-tile.com\/wp-content\/uploads\/2023\/11\/CO-236.mp4?_=1\" \/><a href=\"https:\/\/www.sky-tile.com\/wp-content\/uploads\/2023\/11\/CO-236.mp4\">https:\/\/www.sky-tile.com\/wp-content\/uploads\/2023\/11\/CO-236.mp4<\/a><\/video><\/div>","protected":false},"featured_media":14498,"template":"","meta":{"_joinchat":[]},"product_brand":[],"product_cat":[84],"product_tag":[117,134,107],"class_list":{"0":"post-13333","1":"product","2":"type-product","3":"status-publish","4":"has-post-thumbnail","6":"product_cat-controsoffitti-natura","7":"product_tag-5-stonalizzazioni","8":"product_tag-design-registrato","9":"product_tag-euro-classe-a1","11":"first","12":"instock","13":"taxable","14":"shipping-taxable","15":"purchasable","16":"product-type-simple"},"_links":{"self":[{"href":"https:\/\/www.sky-tile.com\/fr\/wp-json\/wp\/v2\/product\/13333","targetHints":{"allow":["GET"]}}],"collection":[{"href":"https:\/\/www.sky-tile.com\/fr\/wp-json\/wp\/v2\/product"}],"about":[{"href":"https:\/\/www.sky-tile.com\/fr\/wp-json\/wp\/v2\/types\/product"}],"wp:featuredmedia":[{"embeddable":true,"href":"https:\/\/www.sky-tile.com\/fr\/wp-json\/wp\/v2\/media\/14498"}],"wp:attachment":[{"href":"https:\/\/www.sky-tile.com\/fr\/wp-json\/wp\/v2\/media?parent=13333"}],"wp:term":[{"taxonomy":"product_brand","embeddable":true,"href":"https:\/\/www.sky-tile.com\/fr\/wp-json\/wp\/v2\/product_brand?post=13333"},{"taxonomy":"product_cat","embeddable":true,"href":"https:\/\/www.sky-tile.com\/fr\/wp-json\/wp\/v2\/product_cat?post=13333"},{"taxonomy":"product_tag","embeddable":true,"href":"https:\/\/www.sky-tile.com\/fr\/wp-json\/wp\/v2\/product_tag?post=13333"}],"curies":[{"name":"wp","href":"https:\/\/api.w.org\/{rel}","templated":true}]}}