{"id":12871,"date":"2023-08-02T14:37:58","date_gmt":"2023-08-02T12:37:58","guid":{"rendered":"https:\/\/www.sky-tile.com\/?post_type=product&#038;p=12871"},"modified":"2025-01-07T08:47:43","modified_gmt":"2025-01-07T07:47:43","slug":"fond-de-monstre-orange","status":"publish","type":"product","link":"https:\/\/www.sky-tile.com\/fr\/produit\/fond-de-monstre-orange\/","title":{"rendered":"Fond de monstre orange"},"content":{"rendered":"","protected":false},"excerpt":{"rendered":"<p>Rev\u00eatements de plafond color\u00e9s : couleurs Pantone fusionn\u00e9es avec des textures de tissu<\/p>\n<p>Transformez vos espaces design avec nos dalles de plafond color\u00e9es, o\u00f9 nous avons fusionn\u00e9 des couleurs unies avec des textures de tissu pour un r\u00e9sultat extraordinaire. Fabriqu\u00e9es en d\u00e9corant des panneaux de laine de roche 100% recyclables et en utilisant une large gamme de couleurs Pantone\u00ae pour r\u00e9pondre \u00e0 toutes les pr\u00e9f\u00e9rences. Nos panneaux sont la solution id\u00e9ale pour cr\u00e9er une atmosph\u00e8re unique et personnalis\u00e9e. Que ce soit dans un bureau, un espace de production ou de vente, ou dans une maison, ces plafonds color\u00e9s apportent une touche de personnalit\u00e9 in\u00e9gal\u00e9e \u00e0 tout espace.<\/p>","protected":false},"featured_media":12873,"template":"","meta":{"_joinchat":[]},"product_brand":[],"product_cat":[15],"product_tag":[],"class_list":{"0":"post-12871","1":"product","2":"type-product","3":"status-publish","4":"has-post-thumbnail","6":"product_cat-senza-categoria","8":"first","9":"instock","10":"taxable","11":"shipping-taxable","12":"purchasable","13":"product-type-simple"},"_links":{"self":[{"href":"https:\/\/www.sky-tile.com\/fr\/wp-json\/wp\/v2\/product\/12871","targetHints":{"allow":["GET"]}}],"collection":[{"href":"https:\/\/www.sky-tile.com\/fr\/wp-json\/wp\/v2\/product"}],"about":[{"href":"https:\/\/www.sky-tile.com\/fr\/wp-json\/wp\/v2\/types\/product"}],"wp:featuredmedia":[{"embeddable":true,"href":"https:\/\/www.sky-tile.com\/fr\/wp-json\/wp\/v2\/media\/12873"}],"wp:attachment":[{"href":"https:\/\/www.sky-tile.com\/fr\/wp-json\/wp\/v2\/media?parent=12871"}],"wp:term":[{"taxonomy":"product_brand","embeddable":true,"href":"https:\/\/www.sky-tile.com\/fr\/wp-json\/wp\/v2\/product_brand?post=12871"},{"taxonomy":"product_cat","embeddable":true,"href":"https:\/\/www.sky-tile.com\/fr\/wp-json\/wp\/v2\/product_cat?post=12871"},{"taxonomy":"product_tag","embeddable":true,"href":"https:\/\/www.sky-tile.com\/fr\/wp-json\/wp\/v2\/product_tag?post=12871"}],"curies":[{"name":"wp","href":"https:\/\/api.w.org\/{rel}","templated":true}]}}