{"id":12780,"date":"2023-07-25T15:04:28","date_gmt":"2023-07-25T13:04:28","guid":{"rendered":"https:\/\/www.sky-tile.com\/?post_type=product&#038;p=12780"},"modified":"2025-01-07T08:50:25","modified_gmt":"2025-01-07T07:50:25","slug":"animaux-temoins","status":"publish","type":"product","link":"https:\/\/www.sky-tile.com\/fr\/produit\/animaux-temoins\/","title":{"rendered":"Exemples d'animaux"},"content":{"rendered":"","protected":false},"excerpt":{"rendered":"<p>Achetez un \u00e9chantillon de la fantastique collection de panneaux 60\u00d760 repr\u00e9sentant des animaux du monde entier. Chaque panneau repr\u00e9sente un animal diff\u00e9rent, comme les lions, les \u00e9l\u00e9phants, les girafes, les singes et bien d'autres encore. Nos dessins vifs et color\u00e9s attirent l'attention des enfants et les encouragent \u00e0 explorer le monde des animaux. Gr\u00e2ce \u00e0 nos panneaux d'animaux, les enfants peuvent apprendre tout en s'amusant et d\u00e9velopper leur amour et leur curiosit\u00e9 pour la nature. Nous sommes heureux de proposer une option d'apprentissage stimulante et cr\u00e9ative qui enrichira l'environnement \u00e9ducatif des enfants.<\/p>","protected":false},"featured_media":12013,"template":"","meta":{"_joinchat":[]},"product_brand":[],"product_cat":[15],"product_tag":[],"class_list":{"0":"post-12780","1":"product","2":"type-product","3":"status-publish","4":"has-post-thumbnail","6":"product_cat-senza-categoria","8":"first","9":"instock","10":"taxable","11":"shipping-taxable","12":"purchasable","13":"product-type-simple"},"_links":{"self":[{"href":"https:\/\/www.sky-tile.com\/fr\/wp-json\/wp\/v2\/product\/12780","targetHints":{"allow":["GET"]}}],"collection":[{"href":"https:\/\/www.sky-tile.com\/fr\/wp-json\/wp\/v2\/product"}],"about":[{"href":"https:\/\/www.sky-tile.com\/fr\/wp-json\/wp\/v2\/types\/product"}],"wp:featuredmedia":[{"embeddable":true,"href":"https:\/\/www.sky-tile.com\/fr\/wp-json\/wp\/v2\/media\/12013"}],"wp:attachment":[{"href":"https:\/\/www.sky-tile.com\/fr\/wp-json\/wp\/v2\/media?parent=12780"}],"wp:term":[{"taxonomy":"product_brand","embeddable":true,"href":"https:\/\/www.sky-tile.com\/fr\/wp-json\/wp\/v2\/product_brand?post=12780"},{"taxonomy":"product_cat","embeddable":true,"href":"https:\/\/www.sky-tile.com\/fr\/wp-json\/wp\/v2\/product_cat?post=12780"},{"taxonomy":"product_tag","embeddable":true,"href":"https:\/\/www.sky-tile.com\/fr\/wp-json\/wp\/v2\/product_tag?post=12780"}],"curies":[{"name":"wp","href":"https:\/\/api.w.org\/{rel}","templated":true}]}}