{"id":12754,"date":"2023-07-19T10:50:47","date_gmt":"2023-07-19T08:50:47","guid":{"rendered":"https:\/\/www.sky-tile.com\/?post_type=product&#038;p=12754"},"modified":"2026-01-29T15:50:16","modified_gmt":"2026-01-29T14:50:16","slug":"echantillon-retro-10","status":"publish","type":"product","link":"https:\/\/www.sky-tile.com\/fr\/produit\/echantillon-retro-10\/","title":{"rendered":"Champion Retro 10"},"content":{"rendered":"","protected":false},"excerpt":{"rendered":"<p>Acheter un \u00e9chantillon de la composition R\u00e8tro 10.<\/p>\n<p>Permet une infinit\u00e9 de motifs de pose laiss\u00e9s \u00e0 la cr\u00e9ativit\u00e9 du client, qui peut combiner librement des motifs g\u00e9om\u00e9triques.<br \/>\nselon son go\u00fbt en les faisant tourner et en les m\u00e9langeant \u00e0 volont\u00e9.<\/p>","protected":false},"featured_media":11555,"template":"","meta":{"_joinchat":[]},"product_brand":[],"product_cat":[15],"product_tag":[123],"class_list":{"0":"post-12754","1":"product","2":"type-product","3":"status-publish","4":"has-post-thumbnail","6":"product_cat-senza-categoria","7":"product_tag-10-stonalizzazioni","9":"first","10":"instock","11":"taxable","12":"shipping-taxable","13":"purchasable","14":"product-type-simple"},"_links":{"self":[{"href":"https:\/\/www.sky-tile.com\/fr\/wp-json\/wp\/v2\/product\/12754","targetHints":{"allow":["GET"]}}],"collection":[{"href":"https:\/\/www.sky-tile.com\/fr\/wp-json\/wp\/v2\/product"}],"about":[{"href":"https:\/\/www.sky-tile.com\/fr\/wp-json\/wp\/v2\/types\/product"}],"wp:featuredmedia":[{"embeddable":true,"href":"https:\/\/www.sky-tile.com\/fr\/wp-json\/wp\/v2\/media\/11555"}],"wp:attachment":[{"href":"https:\/\/www.sky-tile.com\/fr\/wp-json\/wp\/v2\/media?parent=12754"}],"wp:term":[{"taxonomy":"product_brand","embeddable":true,"href":"https:\/\/www.sky-tile.com\/fr\/wp-json\/wp\/v2\/product_brand?post=12754"},{"taxonomy":"product_cat","embeddable":true,"href":"https:\/\/www.sky-tile.com\/fr\/wp-json\/wp\/v2\/product_cat?post=12754"},{"taxonomy":"product_tag","embeddable":true,"href":"https:\/\/www.sky-tile.com\/fr\/wp-json\/wp\/v2\/product_tag?post=12754"}],"curies":[{"name":"wp","href":"https:\/\/api.w.org\/{rel}","templated":true}]}}