{"id":12686,"date":"2023-06-30T10:28:47","date_gmt":"2023-06-30T08:28:47","guid":{"rendered":"https:\/\/www.sky-tile.com\/?post_type=product&#038;p=12686"},"modified":"2025-09-10T14:35:52","modified_gmt":"2025-09-10T12:35:52","slug":"palmiers","status":"publish","type":"product","link":"https:\/\/www.sky-tile.com\/fr\/produit\/palmiers\/","title":{"rendered":"Palmiers"},"content":{"rendered":"","protected":false},"excerpt":{"rendered":"<p>Dalles de plafond en laine de roche d\u00e9cor\u00e9es de 60x60x1,2 cm.<\/p>\n<p>Il transforme ou simplement diff\u00e9rencie chaque pi\u00e8ce du bureau, de la zone de production, de la zone de vente ou de la maison, en en faisant un environnement unique.<\/p>\n<p>Les plafonds de bureaux modulaires sont souvent anonymes, voici une solution rapide et efficace pour diversifier une pi\u00e8ce.<\/p>\n<h3>M\u00e9lange de 9 graphiques imprim\u00e9s de mani\u00e8re al\u00e9atoire pour plus de r\u00e9alisme<\/h3>","protected":false},"featured_media":12687,"template":"","meta":{"_joinchat":[]},"product_brand":[],"product_cat":[84],"product_tag":[107],"class_list":{"0":"post-12686","1":"product","2":"type-product","3":"status-publish","4":"has-post-thumbnail","6":"product_cat-controsoffitti-natura","7":"product_tag-euro-classe-a1","9":"first","10":"instock","11":"taxable","12":"shipping-taxable","13":"purchasable","14":"product-type-simple"},"_links":{"self":[{"href":"https:\/\/www.sky-tile.com\/fr\/wp-json\/wp\/v2\/product\/12686","targetHints":{"allow":["GET"]}}],"collection":[{"href":"https:\/\/www.sky-tile.com\/fr\/wp-json\/wp\/v2\/product"}],"about":[{"href":"https:\/\/www.sky-tile.com\/fr\/wp-json\/wp\/v2\/types\/product"}],"wp:featuredmedia":[{"embeddable":true,"href":"https:\/\/www.sky-tile.com\/fr\/wp-json\/wp\/v2\/media\/12687"}],"wp:attachment":[{"href":"https:\/\/www.sky-tile.com\/fr\/wp-json\/wp\/v2\/media?parent=12686"}],"wp:term":[{"taxonomy":"product_brand","embeddable":true,"href":"https:\/\/www.sky-tile.com\/fr\/wp-json\/wp\/v2\/product_brand?post=12686"},{"taxonomy":"product_cat","embeddable":true,"href":"https:\/\/www.sky-tile.com\/fr\/wp-json\/wp\/v2\/product_cat?post=12686"},{"taxonomy":"product_tag","embeddable":true,"href":"https:\/\/www.sky-tile.com\/fr\/wp-json\/wp\/v2\/product_tag?post=12686"}],"curies":[{"name":"wp","href":"https:\/\/api.w.org\/{rel}","templated":true}]}}