{"id":12040,"date":"2023-05-25T09:58:37","date_gmt":"2023-05-25T09:58:37","guid":{"rendered":"https:\/\/www.sky-tile.com\/?post_type=product&#038;p=12040"},"modified":"2026-01-09T16:19:50","modified_gmt":"2026-01-09T15:19:50","slug":"composition-a-partir-de-60-pieces-animaux","status":"publish","type":"product","link":"https:\/\/www.sky-tile.com\/fr\/produit\/composition-a-partir-de-60-pieces-animaux\/","title":{"rendered":"Animaux - Lot de 60 pi\u00e8ces"},"content":{"rendered":"","protected":false},"excerpt":{"rendered":"<p>Bienvenue dans le monde merveilleux de nos panneaux pour enfants ! Nous avons le plaisir de vous pr\u00e9senter notre fantastique collection de panneaux 60\u00d760 repr\u00e9sentant des animaux du monde entier. Chaque panneau repr\u00e9sente un animal diff\u00e9rent, comme les lions, les \u00e9l\u00e9phants, les girafes, les singes et bien d'autres encore. Nos dessins vifs et color\u00e9s attirent l'attention des enfants et les encouragent \u00e0 explorer le monde des animaux. Avec nos panneaux d'animaux, les enfants peuvent apprendre tout en s'amusant et d\u00e9velopper leur amour et leur curiosit\u00e9 pour la nature. Nous sommes heureux de proposer une option d'apprentissage stimulante et cr\u00e9ative qui enrichira l'environnement \u00e9ducatif des enfants.<\/p>\n<p>Voici le diagramme <strong>compos\u00e9 de 60 animaux <\/strong>\u00e9tudi\u00e9s par nos architectes d'int\u00e9rieur :<\/p>\n<p><img fetchpriority=\"high\" decoding=\"async\" class=\"alignnone wp-image-12041 size-full\" src=\"https:\/\/www.sky-tile.com\/wp-content\/uploads\/2023\/05\/Immagine-2023-05-25-120939.jpg\" alt=\"\" width=\"1978\" height=\"1190\" srcset=\"https:\/\/www.sky-tile.com\/wp-content\/uploads\/2023\/05\/Immagine-2023-05-25-120939.jpg 1978w, https:\/\/www.sky-tile.com\/wp-content\/uploads\/2023\/05\/Immagine-2023-05-25-120939-300x180.jpg 300w, https:\/\/www.sky-tile.com\/wp-content\/uploads\/2023\/05\/Immagine-2023-05-25-120939-600x361.jpg 600w, https:\/\/www.sky-tile.com\/wp-content\/uploads\/2023\/05\/Immagine-2023-05-25-120939-1024x616.jpg 1024w, https:\/\/www.sky-tile.com\/wp-content\/uploads\/2023\/05\/Immagine-2023-05-25-120939-768x462.jpg 768w, https:\/\/www.sky-tile.com\/wp-content\/uploads\/2023\/05\/Immagine-2023-05-25-120939-1536x924.jpg 1536w, https:\/\/www.sky-tile.com\/wp-content\/uploads\/2023\/05\/Immagine-2023-05-25-120939-18x12.jpg 18w, https:\/\/www.sky-tile.com\/wp-content\/uploads\/2023\/05\/Immagine-2023-05-25-120939-1920x1155.jpg 1920w\" sizes=\"(max-width: 1978px) 100vw, 1978px\" \/><\/p>","protected":false},"featured_media":12041,"template":"","meta":{"_joinchat":[]},"product_brand":[],"product_cat":[102],"product_tag":[106,110],"class_list":{"0":"post-12040","1":"product","2":"type-product","3":"status-publish","4":"has-post-thumbnail","6":"product_cat-didattica","7":"product_tag-animali","8":"product_tag-euro-classe-c","10":"first","11":"instock","12":"taxable","13":"shipping-taxable","14":"purchasable","15":"product-type-simple"},"_links":{"self":[{"href":"https:\/\/www.sky-tile.com\/fr\/wp-json\/wp\/v2\/product\/12040","targetHints":{"allow":["GET"]}}],"collection":[{"href":"https:\/\/www.sky-tile.com\/fr\/wp-json\/wp\/v2\/product"}],"about":[{"href":"https:\/\/www.sky-tile.com\/fr\/wp-json\/wp\/v2\/types\/product"}],"wp:featuredmedia":[{"embeddable":true,"href":"https:\/\/www.sky-tile.com\/fr\/wp-json\/wp\/v2\/media\/12041"}],"wp:attachment":[{"href":"https:\/\/www.sky-tile.com\/fr\/wp-json\/wp\/v2\/media?parent=12040"}],"wp:term":[{"taxonomy":"product_brand","embeddable":true,"href":"https:\/\/www.sky-tile.com\/fr\/wp-json\/wp\/v2\/product_brand?post=12040"},{"taxonomy":"product_cat","embeddable":true,"href":"https:\/\/www.sky-tile.com\/fr\/wp-json\/wp\/v2\/product_cat?post=12040"},{"taxonomy":"product_tag","embeddable":true,"href":"https:\/\/www.sky-tile.com\/fr\/wp-json\/wp\/v2\/product_tag?post=12040"}],"curies":[{"name":"wp","href":"https:\/\/api.w.org\/{rel}","templated":true}]}}