{"id":11635,"date":"2023-05-19T06:55:16","date_gmt":"2023-05-19T06:55:16","guid":{"rendered":"https:\/\/www.sky-tile.com\/?post_type=product&#038;p=11635"},"modified":"2024-01-30T17:29:53","modified_gmt":"2024-01-30T16:29:53","slug":"systemes-dispositifs","status":"publish","type":"product","link":"https:\/\/www.sky-tile.com\/fr\/produit\/systemes-dispositifs\/","title":{"rendered":"Pr\u00e9sentoir Sky-Cube"},"content":{"rendered":"","protected":false},"excerpt":{"rendered":"<p>Choisissez la solution de pr\u00e9sentation qui vous convient et tirez le meilleur parti de nos panneaux Sky-Tile. Nos pr\u00e9sentoirs sont con\u00e7us pour pr\u00e9senter les produits de mani\u00e8re pratique et \u00e9l\u00e9gante, en attirant l'attention des clients potentiels. Ne manquez pas l'occasion de pr\u00e9senter vos panneaux Sky-Tile de la meilleure fa\u00e7on possible.<\/p>\n<p><a href=\"https:\/\/www.sky-tile.com\/wp-content\/uploads\/2023\/05\/espositore-sky-tile-sky-cube.webp\"><img decoding=\"async\" class=\"alignnone wp-image-12968 size-thumbnail\" src=\"https:\/\/www.sky-tile.com\/wp-content\/uploads\/2023\/05\/espositore-sky-tile-sky-cube-150x150.webp\" alt=\"\" width=\"150\" height=\"150\" srcset=\"https:\/\/www.sky-tile.com\/wp-content\/uploads\/2023\/05\/espositore-sky-tile-sky-cube-150x150.webp 150w, https:\/\/www.sky-tile.com\/wp-content\/uploads\/2023\/05\/espositore-sky-tile-sky-cube-300x300.webp 300w, https:\/\/www.sky-tile.com\/wp-content\/uploads\/2023\/05\/espositore-sky-tile-sky-cube-100x100.webp 100w, https:\/\/www.sky-tile.com\/wp-content\/uploads\/2023\/05\/espositore-sky-tile-sky-cube-600x600.webp 600w, https:\/\/www.sky-tile.com\/wp-content\/uploads\/2023\/05\/espositore-sky-tile-sky-cube-450x450.webp 450w, https:\/\/www.sky-tile.com\/wp-content\/uploads\/2023\/05\/espositore-sky-tile-sky-cube-1024x1024.webp 1024w, https:\/\/www.sky-tile.com\/wp-content\/uploads\/2023\/05\/espositore-sky-tile-sky-cube-768x768.webp 768w, https:\/\/www.sky-tile.com\/wp-content\/uploads\/2023\/05\/espositore-sky-tile-sky-cube-12x12.webp 12w, https:\/\/www.sky-tile.com\/wp-content\/uploads\/2023\/05\/espositore-sky-tile-sky-cube.webp 1120w\" sizes=\"(max-width: 150px) 100vw, 150px\" \/><\/a><\/p>","protected":false},"featured_media":12968,"template":"","meta":{"_joinchat":[]},"product_brand":[],"product_cat":[99],"product_tag":[],"class_list":{"0":"post-11635","1":"product","2":"type-product","3":"status-publish","4":"has-post-thumbnail","6":"product_cat-campionatura","8":"first","9":"instock","10":"taxable","11":"shipping-taxable","12":"purchasable","13":"product-type-variable"},"_links":{"self":[{"href":"https:\/\/www.sky-tile.com\/fr\/wp-json\/wp\/v2\/product\/11635","targetHints":{"allow":["GET"]}}],"collection":[{"href":"https:\/\/www.sky-tile.com\/fr\/wp-json\/wp\/v2\/product"}],"about":[{"href":"https:\/\/www.sky-tile.com\/fr\/wp-json\/wp\/v2\/types\/product"}],"wp:featuredmedia":[{"embeddable":true,"href":"https:\/\/www.sky-tile.com\/fr\/wp-json\/wp\/v2\/media\/12968"}],"wp:attachment":[{"href":"https:\/\/www.sky-tile.com\/fr\/wp-json\/wp\/v2\/media?parent=11635"}],"wp:term":[{"taxonomy":"product_brand","embeddable":true,"href":"https:\/\/www.sky-tile.com\/fr\/wp-json\/wp\/v2\/product_brand?post=11635"},{"taxonomy":"product_cat","embeddable":true,"href":"https:\/\/www.sky-tile.com\/fr\/wp-json\/wp\/v2\/product_cat?post=11635"},{"taxonomy":"product_tag","embeddable":true,"href":"https:\/\/www.sky-tile.com\/fr\/wp-json\/wp\/v2\/product_tag?post=11635"}],"curies":[{"name":"wp","href":"https:\/\/api.w.org\/{rel}","templated":true}]}}