{"id":11631,"date":"2023-05-18T15:15:24","date_gmt":"2023-05-18T15:15:24","guid":{"rendered":"https:\/\/www.sky-tile.com\/?post_type=product&#038;p=11631"},"modified":"2025-07-25T10:12:12","modified_gmt":"2025-07-25T08:12:12","slug":"panneaux-dechantillonnage","status":"publish","type":"product","link":"https:\/\/www.sky-tile.com\/fr\/produit\/panneaux-dechantillonnage\/","title":{"rendered":"Bo\u00eete d'\u00e9chantillons de 9 panneaux"},"content":{"rendered":"","protected":false},"excerpt":{"rendered":"<p>D\u00e9couvrez notre s\u00e9lection d'\u00e9chantillons, soigneusement choisis par nos designers, qui incluent les produits les plus populaires et les tendances actuelles. Achetez l'un de nos livres d'\u00e9chantillons et faites l'exp\u00e9rience de la qualit\u00e9 de nos Sky-Tiles et laissez-vous inspirer pour transformer votre plafond en une solution unique et design.<\/p>\n<p>N'h\u00e9sitez pas, commandez votre \u00e9chantillon d\u00e8s maintenant et commencez \u00e0 cr\u00e9er la solution parfaite pour votre environnement !<\/p>","protected":false},"featured_media":12789,"template":"","meta":{"_joinchat":[]},"product_brand":[],"product_cat":[99],"product_tag":[],"class_list":{"0":"post-11631","1":"product","2":"type-product","3":"status-publish","4":"has-post-thumbnail","6":"product_cat-campionatura","8":"first","9":"instock","10":"taxable","11":"shipping-taxable","12":"purchasable","13":"product-type-simple"},"_links":{"self":[{"href":"https:\/\/www.sky-tile.com\/fr\/wp-json\/wp\/v2\/product\/11631","targetHints":{"allow":["GET"]}}],"collection":[{"href":"https:\/\/www.sky-tile.com\/fr\/wp-json\/wp\/v2\/product"}],"about":[{"href":"https:\/\/www.sky-tile.com\/fr\/wp-json\/wp\/v2\/types\/product"}],"wp:featuredmedia":[{"embeddable":true,"href":"https:\/\/www.sky-tile.com\/fr\/wp-json\/wp\/v2\/media\/12789"}],"wp:attachment":[{"href":"https:\/\/www.sky-tile.com\/fr\/wp-json\/wp\/v2\/media?parent=11631"}],"wp:term":[{"taxonomy":"product_brand","embeddable":true,"href":"https:\/\/www.sky-tile.com\/fr\/wp-json\/wp\/v2\/product_brand?post=11631"},{"taxonomy":"product_cat","embeddable":true,"href":"https:\/\/www.sky-tile.com\/fr\/wp-json\/wp\/v2\/product_cat?post=11631"},{"taxonomy":"product_tag","embeddable":true,"href":"https:\/\/www.sky-tile.com\/fr\/wp-json\/wp\/v2\/product_tag?post=11631"}],"curies":[{"name":"wp","href":"https:\/\/api.w.org\/{rel}","templated":true}]}}