{"id":11373,"date":"2023-03-20T10:14:50","date_gmt":"2023-03-20T10:14:50","guid":{"rendered":"https:\/\/www.sky-tile.com\/?post_type=product&#038;p=11373"},"modified":"2026-03-30T15:02:16","modified_gmt":"2026-03-30T13:02:16","slug":"dos-21","status":"publish","type":"product","link":"https:\/\/www.sky-tile.com\/fr\/produit\/dos-21\/","title":{"rendered":"R\u00e9tro 21"},"content":{"rendered":"","protected":false},"excerpt":{"rendered":"<p>Une composition unique, de style vintage, diff\u00e9rente les unes des autres.<\/p>\n<p>Permet une infinit\u00e9 de motifs de pose laiss\u00e9s \u00e0 la cr\u00e9ativit\u00e9 du client, qui peut combiner librement des motifs g\u00e9om\u00e9triques.<br \/>\nselon son go\u00fbt en les faisant tourner et en les m\u00e9langeant \u00e0 volont\u00e9.<\/p>\n<p>Voici le diagramme <strong>compos\u00e9 de 21 graphiques modulaires<\/strong> \u00e9tudi\u00e9s par nos architectes d'int\u00e9rieur :<\/p>\n<p><a href=\"https:\/\/www.sky-tile.com\/wp-content\/uploads\/2023\/03\/sky-tile-schema-di-posa-retro-21.jpg\"><img fetchpriority=\"high\" decoding=\"async\" class=\"alignleft wp-image-11417 size-full\" src=\"https:\/\/www.sky-tile.com\/wp-content\/uploads\/2023\/03\/sky-tile-schema-di-posa-retro-21.jpg\" alt=\"\" width=\"1562\" height=\"672\" srcset=\"https:\/\/www.sky-tile.com\/wp-content\/uploads\/2023\/03\/sky-tile-schema-di-posa-retro-21.jpg 1562w, https:\/\/www.sky-tile.com\/wp-content\/uploads\/2023\/03\/sky-tile-schema-di-posa-retro-21-300x129.jpg 300w, https:\/\/www.sky-tile.com\/wp-content\/uploads\/2023\/03\/sky-tile-schema-di-posa-retro-21-600x258.jpg 600w, https:\/\/www.sky-tile.com\/wp-content\/uploads\/2023\/03\/sky-tile-schema-di-posa-retro-21-1024x441.jpg 1024w, https:\/\/www.sky-tile.com\/wp-content\/uploads\/2023\/03\/sky-tile-schema-di-posa-retro-21-768x330.jpg 768w, https:\/\/www.sky-tile.com\/wp-content\/uploads\/2023\/03\/sky-tile-schema-di-posa-retro-21-1536x661.jpg 1536w, https:\/\/www.sky-tile.com\/wp-content\/uploads\/2023\/03\/sky-tile-schema-di-posa-retro-21-18x8.jpg 18w\" sizes=\"(max-width: 1562px) 100vw, 1562px\" \/><\/a><\/p>\n<div style=\"width: 1600px;\" class=\"wp-video\"><video class=\"wp-video-shortcode\" id=\"video-11373-1\" width=\"1600\" height=\"900\" loop autoplay preload=\"metadata\" controls=\"controls\"><source type=\"video\/mp4\" src=\"https:\/\/www.sky-tile.com\/wp-content\/uploads\/2023\/03\/CO-139.mp4?_=1\" \/><a href=\"https:\/\/www.sky-tile.com\/wp-content\/uploads\/2023\/03\/CO-139.mp4\">https:\/\/www.sky-tile.com\/wp-content\/uploads\/2023\/03\/CO-139.mp4<\/a><\/video><\/div>","protected":false},"featured_media":11390,"template":"","meta":{"_joinchat":[]},"product_brand":[],"product_cat":[95],"product_tag":[124,134,110],"class_list":{"0":"post-11373","1":"product","2":"type-product","3":"status-publish","4":"has-post-thumbnail","6":"product_cat-vintage","7":"product_tag-21-stonalizzazioni","8":"product_tag-design-registrato","9":"product_tag-euro-classe-c","11":"first","12":"instock","13":"taxable","14":"shipping-taxable","15":"purchasable","16":"product-type-variable"},"_links":{"self":[{"href":"https:\/\/www.sky-tile.com\/fr\/wp-json\/wp\/v2\/product\/11373","targetHints":{"allow":["GET"]}}],"collection":[{"href":"https:\/\/www.sky-tile.com\/fr\/wp-json\/wp\/v2\/product"}],"about":[{"href":"https:\/\/www.sky-tile.com\/fr\/wp-json\/wp\/v2\/types\/product"}],"wp:featuredmedia":[{"embeddable":true,"href":"https:\/\/www.sky-tile.com\/fr\/wp-json\/wp\/v2\/media\/11390"}],"wp:attachment":[{"href":"https:\/\/www.sky-tile.com\/fr\/wp-json\/wp\/v2\/media?parent=11373"}],"wp:term":[{"taxonomy":"product_brand","embeddable":true,"href":"https:\/\/www.sky-tile.com\/fr\/wp-json\/wp\/v2\/product_brand?post=11373"},{"taxonomy":"product_cat","embeddable":true,"href":"https:\/\/www.sky-tile.com\/fr\/wp-json\/wp\/v2\/product_cat?post=11373"},{"taxonomy":"product_tag","embeddable":true,"href":"https:\/\/www.sky-tile.com\/fr\/wp-json\/wp\/v2\/product_tag?post=11373"}],"curies":[{"name":"wp","href":"https:\/\/api.w.org\/{rel}","templated":true}]}}