{"id":11253,"date":"2023-03-03T10:19:10","date_gmt":"2023-03-03T10:19:10","guid":{"rendered":"https:\/\/www.sky-tile.com\/?post_type=product&#038;p=11253"},"modified":"2026-03-23T11:53:17","modified_gmt":"2026-03-23T10:53:17","slug":"textures-legeres-2","status":"publish","type":"product","link":"https:\/\/www.sky-tile.com\/fr\/produit\/textures-legeres-2\/","title":{"rendered":"Texture l\u00e9g\u00e8re"},"content":{"rendered":"","protected":false},"excerpt":{"rendered":"<p>Dalles de plafond en laine de roche d\u00e9cor\u00e9es de 60x60x1,2 cm.<\/p>\n<p>Il transforme ou simplement diff\u00e9rencie chaque pi\u00e8ce du bureau, de la zone de production, de la zone de vente ou de la maison, en en faisant un environnement unique.<\/p>\n<p>Les plafonds de bureaux modulaires sont souvent anonymes, voici une solution rapide et efficace pour diversifier une pi\u00e8ce.<\/p>\n<div style=\"width: 1600px;\" class=\"wp-video\"><video class=\"wp-video-shortcode\" id=\"video-11253-1\" width=\"1600\" height=\"900\" loop autoplay preload=\"metadata\" controls=\"controls\"><source type=\"video\/mp4\" src=\"https:\/\/www.sky-tile.com\/wp-content\/uploads\/2023\/03\/CO-109.mp4?_=1\" \/><a href=\"https:\/\/www.sky-tile.com\/wp-content\/uploads\/2023\/03\/CO-109.mp4\">https:\/\/www.sky-tile.com\/wp-content\/uploads\/2023\/03\/CO-109.mp4<\/a><\/video><\/div>","protected":false},"featured_media":14489,"template":"","meta":{"_joinchat":[]},"product_brand":[],"product_cat":[84],"product_tag":[134,107],"class_list":{"0":"post-11253","1":"product","2":"type-product","3":"status-publish","4":"has-post-thumbnail","6":"product_cat-controsoffitti-natura","7":"product_tag-design-registrato","8":"product_tag-euro-classe-a1","10":"first","11":"instock","12":"taxable","13":"shipping-taxable","14":"purchasable","15":"product-type-simple"},"_links":{"self":[{"href":"https:\/\/www.sky-tile.com\/fr\/wp-json\/wp\/v2\/product\/11253","targetHints":{"allow":["GET"]}}],"collection":[{"href":"https:\/\/www.sky-tile.com\/fr\/wp-json\/wp\/v2\/product"}],"about":[{"href":"https:\/\/www.sky-tile.com\/fr\/wp-json\/wp\/v2\/types\/product"}],"wp:featuredmedia":[{"embeddable":true,"href":"https:\/\/www.sky-tile.com\/fr\/wp-json\/wp\/v2\/media\/14489"}],"wp:attachment":[{"href":"https:\/\/www.sky-tile.com\/fr\/wp-json\/wp\/v2\/media?parent=11253"}],"wp:term":[{"taxonomy":"product_brand","embeddable":true,"href":"https:\/\/www.sky-tile.com\/fr\/wp-json\/wp\/v2\/product_brand?post=11253"},{"taxonomy":"product_cat","embeddable":true,"href":"https:\/\/www.sky-tile.com\/fr\/wp-json\/wp\/v2\/product_cat?post=11253"},{"taxonomy":"product_tag","embeddable":true,"href":"https:\/\/www.sky-tile.com\/fr\/wp-json\/wp\/v2\/product_tag?post=11253"}],"curies":[{"name":"wp","href":"https:\/\/api.w.org\/{rel}","templated":true}]}}