{"id":10769,"date":"2022-10-25T12:54:49","date_gmt":"2022-10-25T12:54:49","guid":{"rendered":"https:\/\/www.sky-tile.com\/?post_type=product&#038;p=10769"},"modified":"2025-01-07T08:43:06","modified_gmt":"2025-01-07T07:43:06","slug":"dortoirs-en-feuilles","status":"publish","type":"product","link":"https:\/\/www.sky-tile.com\/fr\/produit\/dortoirs-en-feuilles\/","title":{"rendered":"Feuilles d'or"},"content":{"rendered":"","protected":false},"excerpt":{"rendered":"<p>Dalles de plafond en laine de roche d\u00e9cor\u00e9es de 60x60x1,2 cm.<\/p>\n<p>Il transforme ou simplement diff\u00e9rencie chaque pi\u00e8ce du bureau, de la zone de production, de la zone de vente ou de la maison, en en faisant un environnement unique.<\/p>\n<p>Les plafonds de bureaux modulaires sont souvent anonymes, voici une solution rapide et efficace pour diversifier une pi\u00e8ce.<\/p>\n<h3>Une combinaison de 9 graphiques uniques, con\u00e7us pour donner \u00e0 la pose finale un aspect plus r\u00e9aliste et naturel.<\/h3>\n<p><a href=\"https:\/\/www.sky-tile.com\/wp-content\/uploads\/2022\/09\/design-registrato-4.png\"><img decoding=\"async\" class=\"alignnone wp-image-14227\" src=\"https:\/\/www.sky-tile.com\/wp-content\/uploads\/2022\/09\/design-registrato-4-300x93.png\" alt=\"\" width=\"181\" height=\"56\" srcset=\"https:\/\/www.sky-tile.com\/wp-content\/uploads\/2022\/09\/design-registrato-4-300x93.png 300w, https:\/\/www.sky-tile.com\/wp-content\/uploads\/2022\/09\/design-registrato-4-18x6.png 18w, https:\/\/www.sky-tile.com\/wp-content\/uploads\/2022\/09\/design-registrato-4.png 467w\" sizes=\"(max-width: 181px) 100vw, 181px\" \/><\/a><\/p>\n<div style=\"width: 1600px;\" class=\"wp-video\"><video class=\"wp-video-shortcode\" id=\"video-10769-1\" width=\"1600\" height=\"900\" loop autoplay preload=\"metadata\" controls=\"controls\"><source type=\"video\/mp4\" src=\"https:\/\/www.sky-tile.com\/wp-content\/uploads\/2022\/10\/CO-100.mp4?_=1\" \/><a href=\"https:\/\/www.sky-tile.com\/wp-content\/uploads\/2022\/10\/CO-100.mp4\">https:\/\/www.sky-tile.com\/wp-content\/uploads\/2022\/10\/CO-100.mp4<\/a><\/video><\/div>","protected":false},"featured_media":14518,"template":"","meta":{"_joinchat":[]},"product_brand":[],"product_cat":[84],"product_tag":[114,110],"class_list":{"0":"post-10769","1":"product","2":"type-product","3":"status-publish","4":"has-post-thumbnail","6":"product_cat-controsoffitti-natura","7":"product_tag-9-stonalizzazioni","8":"product_tag-euro-classe-c","10":"first","11":"instock","12":"taxable","13":"shipping-taxable","14":"purchasable","15":"product-type-simple"},"_links":{"self":[{"href":"https:\/\/www.sky-tile.com\/fr\/wp-json\/wp\/v2\/product\/10769","targetHints":{"allow":["GET"]}}],"collection":[{"href":"https:\/\/www.sky-tile.com\/fr\/wp-json\/wp\/v2\/product"}],"about":[{"href":"https:\/\/www.sky-tile.com\/fr\/wp-json\/wp\/v2\/types\/product"}],"wp:featuredmedia":[{"embeddable":true,"href":"https:\/\/www.sky-tile.com\/fr\/wp-json\/wp\/v2\/media\/14518"}],"wp:attachment":[{"href":"https:\/\/www.sky-tile.com\/fr\/wp-json\/wp\/v2\/media?parent=10769"}],"wp:term":[{"taxonomy":"product_brand","embeddable":true,"href":"https:\/\/www.sky-tile.com\/fr\/wp-json\/wp\/v2\/product_brand?post=10769"},{"taxonomy":"product_cat","embeddable":true,"href":"https:\/\/www.sky-tile.com\/fr\/wp-json\/wp\/v2\/product_cat?post=10769"},{"taxonomy":"product_tag","embeddable":true,"href":"https:\/\/www.sky-tile.com\/fr\/wp-json\/wp\/v2\/product_tag?post=10769"}],"curies":[{"name":"wp","href":"https:\/\/api.w.org\/{rel}","templated":true}]}}