{"id":7834,"date":"2022-05-10T13:15:53","date_gmt":"2022-05-10T13:15:53","guid":{"rendered":"https:\/\/www.sky-tile.com\/?post_type=product&#038;p=7834"},"modified":"2026-03-23T14:59:49","modified_gmt":"2026-03-23T13:59:49","slug":"plafones-60x60-decapados-efecto-madera","status":"publish","type":"product","link":"https:\/\/www.sky-tile.com\/es\/producto\/plafones-60x60-decapados-efecto-madera\/","title":{"rendered":"Madera en escabeche"},"content":{"rendered":"","protected":false},"excerpt":{"rendered":"<p>Plafones de lana de roca de 60\u00d760 cm decorados con efecto madera.<\/p>\n<p>Nuestras placas de techo de imitaci\u00f3n madera 9-mix est\u00e1n dise\u00f1adas para ofrecer el m\u00e1ximo realismo. Pueden transformar su entorno haci\u00e9ndolo m\u00e1s acogedor sin talar ni un solo \u00e1rbol.<\/p>\n<p>Los techos de paneles le permiten trabajar incluso sin experiencia espec\u00edfica, los que reciba ser\u00e1n perfectamente compatibles con sus placas de techo de 60\u00d760 existentes.<\/p>\n<h3>Una combinaci\u00f3n de 9 gr\u00e1ficos \u00fanicos, dise\u00f1ados para dar a la pose final un aspecto m\u00e1s realista y natural.<\/h3>\n<div style=\"width: 1600px;\" class=\"wp-video\"><video class=\"wp-video-shortcode\" id=\"video-7834-1\" width=\"1600\" height=\"900\" loop autoplay preload=\"metadata\" controls=\"controls\"><source type=\"video\/mp4\" src=\"https:\/\/www.sky-tile.com\/wp-content\/uploads\/2022\/05\/CO-040.mp4?_=1\" \/><a href=\"https:\/\/www.sky-tile.com\/wp-content\/uploads\/2022\/05\/CO-040.mp4\">https:\/\/www.sky-tile.com\/wp-content\/uploads\/2022\/05\/CO-040.mp4<\/a><\/video><\/div>","protected":false},"featured_media":14624,"template":"","meta":{"_joinchat":[]},"product_brand":[],"product_cat":[69],"product_tag":[114,134,107],"class_list":{"0":"post-7834","1":"product","2":"type-product","3":"status-publish","4":"has-post-thumbnail","6":"product_cat-effetto-legno","7":"product_tag-9-stonalizzazioni","8":"product_tag-design-registrato","9":"product_tag-euro-classe-a1","11":"first","12":"instock","13":"taxable","14":"shipping-taxable","15":"purchasable","16":"product-type-simple"},"_links":{"self":[{"href":"https:\/\/www.sky-tile.com\/es\/wp-json\/wp\/v2\/product\/7834","targetHints":{"allow":["GET"]}}],"collection":[{"href":"https:\/\/www.sky-tile.com\/es\/wp-json\/wp\/v2\/product"}],"about":[{"href":"https:\/\/www.sky-tile.com\/es\/wp-json\/wp\/v2\/types\/product"}],"wp:featuredmedia":[{"embeddable":true,"href":"https:\/\/www.sky-tile.com\/es\/wp-json\/wp\/v2\/media\/14624"}],"wp:attachment":[{"href":"https:\/\/www.sky-tile.com\/es\/wp-json\/wp\/v2\/media?parent=7834"}],"wp:term":[{"taxonomy":"product_brand","embeddable":true,"href":"https:\/\/www.sky-tile.com\/es\/wp-json\/wp\/v2\/product_brand?post=7834"},{"taxonomy":"product_cat","embeddable":true,"href":"https:\/\/www.sky-tile.com\/es\/wp-json\/wp\/v2\/product_cat?post=7834"},{"taxonomy":"product_tag","embeddable":true,"href":"https:\/\/www.sky-tile.com\/es\/wp-json\/wp\/v2\/product_tag?post=7834"}],"curies":[{"name":"wp","href":"https:\/\/api.w.org\/{rel}","templated":true}]}}