{"id":7755,"date":"2022-05-09T14:23:44","date_gmt":"2022-05-09T14:23:44","guid":{"rendered":"https:\/\/www.sky-tile.com\/?post_type=product&#038;p=7755"},"modified":"2025-01-07T08:41:14","modified_gmt":"2025-01-07T07:41:14","slug":"60x60-placas-de-techo-efecto-madera-duelas-gris-oscuro","status":"publish","type":"product","link":"https:\/\/www.sky-tile.com\/es\/producto\/60x60-placas-de-techo-efecto-madera-duelas-gris-oscuro\/","title":{"rendered":"Lamas Gris Oscuro"},"content":{"rendered":"","protected":false},"excerpt":{"rendered":"<p>Plafones de lana de roca de 60\u00d760 cm decorados con efecto madera.<\/p>\n<p>Nuestras placas de falso techo de madera pueden transformar su habitaci\u00f3n y hacerla m\u00e1s acogedora sin talar ni un solo \u00e1rbol.<\/p>\n<p>Los techos de paneles le permiten trabajar incluso sin experiencia espec\u00edfica, los que reciba ser\u00e1n perfectamente compatibles con sus placas de techo de 60\u00d760 existentes.<\/p>\n<p><a href=\"https:\/\/www.sky-tile.com\/wp-content\/uploads\/2022\/09\/design-registrato-4.png\"><img decoding=\"async\" class=\"alignnone wp-image-14227\" src=\"https:\/\/www.sky-tile.com\/wp-content\/uploads\/2022\/09\/design-registrato-4-300x93.png\" alt=\"\" width=\"181\" height=\"56\" srcset=\"https:\/\/www.sky-tile.com\/wp-content\/uploads\/2022\/09\/design-registrato-4-300x93.png 300w, https:\/\/www.sky-tile.com\/wp-content\/uploads\/2022\/09\/design-registrato-4-18x6.png 18w, https:\/\/www.sky-tile.com\/wp-content\/uploads\/2022\/09\/design-registrato-4.png 467w\" sizes=\"(max-width: 181px) 100vw, 181px\" \/><\/a><\/p>","protected":false},"featured_media":15280,"template":"","meta":{"_joinchat":[]},"product_brand":[],"product_cat":[69],"product_tag":[108],"class_list":{"0":"post-7755","1":"product","2":"type-product","3":"status-publish","4":"has-post-thumbnail","6":"product_cat-effetto-legno","7":"product_tag-euro-classe-a2","9":"first","10":"instock","11":"taxable","12":"shipping-taxable","13":"purchasable","14":"product-type-simple"},"_links":{"self":[{"href":"https:\/\/www.sky-tile.com\/es\/wp-json\/wp\/v2\/product\/7755","targetHints":{"allow":["GET"]}}],"collection":[{"href":"https:\/\/www.sky-tile.com\/es\/wp-json\/wp\/v2\/product"}],"about":[{"href":"https:\/\/www.sky-tile.com\/es\/wp-json\/wp\/v2\/types\/product"}],"wp:featuredmedia":[{"embeddable":true,"href":"https:\/\/www.sky-tile.com\/es\/wp-json\/wp\/v2\/media\/15280"}],"wp:attachment":[{"href":"https:\/\/www.sky-tile.com\/es\/wp-json\/wp\/v2\/media?parent=7755"}],"wp:term":[{"taxonomy":"product_brand","embeddable":true,"href":"https:\/\/www.sky-tile.com\/es\/wp-json\/wp\/v2\/product_brand?post=7755"},{"taxonomy":"product_cat","embeddable":true,"href":"https:\/\/www.sky-tile.com\/es\/wp-json\/wp\/v2\/product_cat?post=7755"},{"taxonomy":"product_tag","embeddable":true,"href":"https:\/\/www.sky-tile.com\/es\/wp-json\/wp\/v2\/product_tag?post=7755"}],"curies":[{"name":"wp","href":"https:\/\/api.w.org\/{rel}","templated":true}]}}