{"id":16045,"date":"2025-10-07T10:05:34","date_gmt":"2025-10-07T08:05:34","guid":{"rendered":"https:\/\/www.sky-tile.com\/?post_type=product&#038;p=16045"},"modified":"2026-04-28T11:57:07","modified_gmt":"2026-04-28T09:57:07","slug":"pliegues-xl","status":"publish","type":"product","link":"https:\/\/www.sky-tile.com\/es\/producto\/pliegues-xl\/","title":{"rendered":"Pliegues XL"},"content":{"rendered":"","protected":false},"excerpt":{"rendered":"<p>Plafones de lana de roca decorados de 60x60x1,2 cm.<\/p>\n<p>Transforma o simplemente diferencia cada estancia de la oficina, el \u00e1rea de producci\u00f3n, la zona de ventas o el hogar, convirti\u00e9ndola en un entorno \u00fanico.<\/p>\n<p>Los techos modulares para oficinas suelen ser an\u00f3nimos, he aqu\u00ed una soluci\u00f3n r\u00e1pida y eficaz para diversificar cualquier estancia.<\/p>","protected":false},"featured_media":16046,"template":"","meta":{"_joinchat":[]},"product_brand":[],"product_cat":[83],"product_tag":[133,107],"class_list":{"0":"post-16045","1":"product","2":"type-product","3":"status-publish","4":"has-post-thumbnail","6":"product_cat-geometrici","7":"product_tag-colori-personalizzabili","8":"product_tag-euro-classe-a1","10":"first","11":"instock","12":"featured","13":"taxable","14":"shipping-taxable","15":"purchasable","16":"product-type-simple"},"_links":{"self":[{"href":"https:\/\/www.sky-tile.com\/es\/wp-json\/wp\/v2\/product\/16045","targetHints":{"allow":["GET"]}}],"collection":[{"href":"https:\/\/www.sky-tile.com\/es\/wp-json\/wp\/v2\/product"}],"about":[{"href":"https:\/\/www.sky-tile.com\/es\/wp-json\/wp\/v2\/types\/product"}],"wp:featuredmedia":[{"embeddable":true,"href":"https:\/\/www.sky-tile.com\/es\/wp-json\/wp\/v2\/media\/16046"}],"wp:attachment":[{"href":"https:\/\/www.sky-tile.com\/es\/wp-json\/wp\/v2\/media?parent=16045"}],"wp:term":[{"taxonomy":"product_brand","embeddable":true,"href":"https:\/\/www.sky-tile.com\/es\/wp-json\/wp\/v2\/product_brand?post=16045"},{"taxonomy":"product_cat","embeddable":true,"href":"https:\/\/www.sky-tile.com\/es\/wp-json\/wp\/v2\/product_cat?post=16045"},{"taxonomy":"product_tag","embeddable":true,"href":"https:\/\/www.sky-tile.com\/es\/wp-json\/wp\/v2\/product_tag?post=16045"}],"curies":[{"name":"wp","href":"https:\/\/api.w.org\/{rel}","templated":true}]}}