{"id":13660,"date":"2024-02-02T17:07:41","date_gmt":"2024-02-02T16:07:41","guid":{"rendered":"https:\/\/www.sky-tile.com\/?post_type=product&#038;p=13660"},"modified":"2026-01-12T15:48:41","modified_gmt":"2026-01-12T14:48:41","slug":"duelas-de-nogal-americano-l","status":"publish","type":"product","link":"https:\/\/www.sky-tile.com\/es\/producto\/duelas-de-nogal-americano-l\/","title":{"rendered":"Duelas de nogal americano L"},"content":{"rendered":"","protected":false},"excerpt":{"rendered":"<p>Plafones de lana de roca de 60\u00d760 cm decorados con efecto madera.<\/p>\n<p>Nuestras placas de falso techo de madera pueden transformar su habitaci\u00f3n y hacerla m\u00e1s acogedora sin talar ni un solo \u00e1rbol.<\/p>\n<p>Los techos de paneles le permiten trabajar incluso sin experiencia espec\u00edfica, los que reciba ser\u00e1n perfectamente compatibles con sus placas de techo de 60\u00d760 existentes.<\/p>\n<h3>Una combinaci\u00f3n de 7 gr\u00e1ficos \u00fanicos, dise\u00f1ados para dar a la pose final un aspecto m\u00e1s realista y natural.<\/h3>\n<p><a href=\"https:\/\/www.sky-tile.com\/wp-content\/uploads\/2022\/09\/design-registrato-4.png\"><img decoding=\"async\" class=\"alignnone wp-image-14227\" src=\"https:\/\/www.sky-tile.com\/wp-content\/uploads\/2022\/09\/design-registrato-4-300x93.png\" alt=\"\" width=\"181\" height=\"56\" srcset=\"https:\/\/www.sky-tile.com\/wp-content\/uploads\/2022\/09\/design-registrato-4-300x93.png 300w, https:\/\/www.sky-tile.com\/wp-content\/uploads\/2022\/09\/design-registrato-4-18x6.png 18w, https:\/\/www.sky-tile.com\/wp-content\/uploads\/2022\/09\/design-registrato-4.png 467w\" sizes=\"(max-width: 181px) 100vw, 181px\" \/><\/a><\/p>","protected":false},"featured_media":14573,"template":"","meta":{"_joinchat":[]},"product_brand":[],"product_cat":[69],"product_tag":[119,108],"class_list":{"0":"post-13660","1":"product","2":"type-product","3":"status-publish","4":"has-post-thumbnail","6":"product_cat-effetto-legno","7":"product_tag-7-stonalizzazioni","8":"product_tag-euro-classe-a2","10":"first","11":"instock","12":"taxable","13":"shipping-taxable","14":"purchasable","15":"product-type-simple"},"_links":{"self":[{"href":"https:\/\/www.sky-tile.com\/es\/wp-json\/wp\/v2\/product\/13660","targetHints":{"allow":["GET"]}}],"collection":[{"href":"https:\/\/www.sky-tile.com\/es\/wp-json\/wp\/v2\/product"}],"about":[{"href":"https:\/\/www.sky-tile.com\/es\/wp-json\/wp\/v2\/types\/product"}],"wp:featuredmedia":[{"embeddable":true,"href":"https:\/\/www.sky-tile.com\/es\/wp-json\/wp\/v2\/media\/14573"}],"wp:attachment":[{"href":"https:\/\/www.sky-tile.com\/es\/wp-json\/wp\/v2\/media?parent=13660"}],"wp:term":[{"taxonomy":"product_brand","embeddable":true,"href":"https:\/\/www.sky-tile.com\/es\/wp-json\/wp\/v2\/product_brand?post=13660"},{"taxonomy":"product_cat","embeddable":true,"href":"https:\/\/www.sky-tile.com\/es\/wp-json\/wp\/v2\/product_cat?post=13660"},{"taxonomy":"product_tag","embeddable":true,"href":"https:\/\/www.sky-tile.com\/es\/wp-json\/wp\/v2\/product_tag?post=13660"}],"curies":[{"name":"wp","href":"https:\/\/api.w.org\/{rel}","templated":true}]}}