{"id":12871,"date":"2023-08-02T14:37:58","date_gmt":"2023-08-02T12:37:58","guid":{"rendered":"https:\/\/www.sky-tile.com\/?post_type=product&#038;p=12871"},"modified":"2025-01-07T08:47:43","modified_gmt":"2025-01-07T07:47:43","slug":"fondo-monstruo-naranja","status":"publish","type":"product","link":"https:\/\/www.sky-tile.com\/es\/producto\/fondo-monstruo-naranja\/","title":{"rendered":"Fondo monstruo naranja"},"content":{"rendered":"","protected":false},"excerpt":{"rendered":"<p>Revestimientos de techo de colores: colores Pantone fusionados con texturas textiles<\/p>\n<p>Transforme sus espacios de dise\u00f1o con nuestras placas de techo de colores, en las que hemos fusionado colores s\u00f3lidos con texturas de tejido para obtener un resultado extraordinario. Fabricados decorando paneles de lana mineral reciclable 100% y utilizando una amplia gama de colores Pantone\u00ae para adaptarse a cualquier preferencia. Nuestros paneles son la soluci\u00f3n ideal para crear un ambiente \u00fanico y personalizado. Ya sea en una oficina, zona de producci\u00f3n o ventas, o en un hogar, estos techos de colores aportan un toque de personalidad sin igual a cualquier espacio.<\/p>","protected":false},"featured_media":12873,"template":"","meta":{"_joinchat":[]},"product_brand":[],"product_cat":[15],"product_tag":[],"class_list":{"0":"post-12871","1":"product","2":"type-product","3":"status-publish","4":"has-post-thumbnail","6":"product_cat-senza-categoria","8":"first","9":"instock","10":"taxable","11":"shipping-taxable","12":"purchasable","13":"product-type-simple"},"_links":{"self":[{"href":"https:\/\/www.sky-tile.com\/es\/wp-json\/wp\/v2\/product\/12871","targetHints":{"allow":["GET"]}}],"collection":[{"href":"https:\/\/www.sky-tile.com\/es\/wp-json\/wp\/v2\/product"}],"about":[{"href":"https:\/\/www.sky-tile.com\/es\/wp-json\/wp\/v2\/types\/product"}],"wp:featuredmedia":[{"embeddable":true,"href":"https:\/\/www.sky-tile.com\/es\/wp-json\/wp\/v2\/media\/12873"}],"wp:attachment":[{"href":"https:\/\/www.sky-tile.com\/es\/wp-json\/wp\/v2\/media?parent=12871"}],"wp:term":[{"taxonomy":"product_brand","embeddable":true,"href":"https:\/\/www.sky-tile.com\/es\/wp-json\/wp\/v2\/product_brand?post=12871"},{"taxonomy":"product_cat","embeddable":true,"href":"https:\/\/www.sky-tile.com\/es\/wp-json\/wp\/v2\/product_cat?post=12871"},{"taxonomy":"product_tag","embeddable":true,"href":"https:\/\/www.sky-tile.com\/es\/wp-json\/wp\/v2\/product_tag?post=12871"}],"curies":[{"name":"wp","href":"https:\/\/api.w.org\/{rel}","templated":true}]}}