{"id":12780,"date":"2023-07-25T15:04:28","date_gmt":"2023-07-25T13:04:28","guid":{"rendered":"https:\/\/www.sky-tile.com\/?post_type=product&#038;p=12780"},"modified":"2025-01-07T08:50:25","modified_gmt":"2025-01-07T07:50:25","slug":"animales-de-muestra","status":"publish","type":"product","link":"https:\/\/www.sky-tile.com\/es\/producto\/animales-de-muestra\/","title":{"rendered":"Animales de muestra"},"content":{"rendered":"","protected":false},"excerpt":{"rendered":"<p>Adquiera una muestra de la fant\u00e1stica colecci\u00f3n de paneles de 60\u00d760 que representan animales de todo el mundo. Cada panel muestra un animal diferente, como leones, elefantes, jirafas, monos y muchos m\u00e1s. Nuestros dise\u00f1os brillantes y coloridos captan la atenci\u00f3n de los ni\u00f1os y les animan a explorar el mundo de los animales. Con nuestros paneles de animales, los ni\u00f1os pueden aprender divirti\u00e9ndose y desarrollar el amor y la curiosidad por la naturaleza. Nos complace ofrecer una opci\u00f3n de aprendizaje estimulante y creativa que enriquecer\u00e1 el entorno educativo de los ni\u00f1os.<\/p>","protected":false},"featured_media":12013,"template":"","meta":{"_joinchat":[]},"product_brand":[],"product_cat":[15],"product_tag":[],"class_list":{"0":"post-12780","1":"product","2":"type-product","3":"status-publish","4":"has-post-thumbnail","6":"product_cat-senza-categoria","8":"first","9":"instock","10":"taxable","11":"shipping-taxable","12":"purchasable","13":"product-type-simple"},"_links":{"self":[{"href":"https:\/\/www.sky-tile.com\/es\/wp-json\/wp\/v2\/product\/12780","targetHints":{"allow":["GET"]}}],"collection":[{"href":"https:\/\/www.sky-tile.com\/es\/wp-json\/wp\/v2\/product"}],"about":[{"href":"https:\/\/www.sky-tile.com\/es\/wp-json\/wp\/v2\/types\/product"}],"wp:featuredmedia":[{"embeddable":true,"href":"https:\/\/www.sky-tile.com\/es\/wp-json\/wp\/v2\/media\/12013"}],"wp:attachment":[{"href":"https:\/\/www.sky-tile.com\/es\/wp-json\/wp\/v2\/media?parent=12780"}],"wp:term":[{"taxonomy":"product_brand","embeddable":true,"href":"https:\/\/www.sky-tile.com\/es\/wp-json\/wp\/v2\/product_brand?post=12780"},{"taxonomy":"product_cat","embeddable":true,"href":"https:\/\/www.sky-tile.com\/es\/wp-json\/wp\/v2\/product_cat?post=12780"},{"taxonomy":"product_tag","embeddable":true,"href":"https:\/\/www.sky-tile.com\/es\/wp-json\/wp\/v2\/product_tag?post=12780"}],"curies":[{"name":"wp","href":"https:\/\/api.w.org\/{rel}","templated":true}]}}