{"id":12753,"date":"2023-07-19T10:27:53","date_gmt":"2023-07-19T08:27:53","guid":{"rendered":"https:\/\/www.sky-tile.com\/?post_type=product&#038;p=12753"},"modified":"2026-01-29T15:58:40","modified_gmt":"2026-01-29T14:58:40","slug":"muestra-dorsal-21","status":"publish","type":"product","link":"https:\/\/www.sky-tile.com\/es\/producto\/muestra-dorsal-21\/","title":{"rendered":"Campe\u00f3n R\u00e8tro 21"},"content":{"rendered":"","protected":false},"excerpt":{"rendered":"<p>Comprar una muestra de la composici\u00f3n R\u00e8tro 21.<\/p>\n<p>Permite infinitos patrones de colocaci\u00f3n dejados a la creatividad del cliente, que puede combinar libremente dise\u00f1os geom\u00e9tricos<br \/>\nseg\u00fan el gusto de cada uno, rot\u00e1ndolos y mezcl\u00e1ndolos a voluntad.<\/p>","protected":false},"featured_media":11576,"template":"","meta":{"_joinchat":[]},"product_brand":[],"product_cat":[15],"product_tag":[124],"class_list":{"0":"post-12753","1":"product","2":"type-product","3":"status-publish","4":"has-post-thumbnail","6":"product_cat-senza-categoria","7":"product_tag-21-stonalizzazioni","9":"first","10":"instock","11":"taxable","12":"shipping-taxable","13":"purchasable","14":"product-type-simple"},"_links":{"self":[{"href":"https:\/\/www.sky-tile.com\/es\/wp-json\/wp\/v2\/product\/12753","targetHints":{"allow":["GET"]}}],"collection":[{"href":"https:\/\/www.sky-tile.com\/es\/wp-json\/wp\/v2\/product"}],"about":[{"href":"https:\/\/www.sky-tile.com\/es\/wp-json\/wp\/v2\/types\/product"}],"wp:featuredmedia":[{"embeddable":true,"href":"https:\/\/www.sky-tile.com\/es\/wp-json\/wp\/v2\/media\/11576"}],"wp:attachment":[{"href":"https:\/\/www.sky-tile.com\/es\/wp-json\/wp\/v2\/media?parent=12753"}],"wp:term":[{"taxonomy":"product_brand","embeddable":true,"href":"https:\/\/www.sky-tile.com\/es\/wp-json\/wp\/v2\/product_brand?post=12753"},{"taxonomy":"product_cat","embeddable":true,"href":"https:\/\/www.sky-tile.com\/es\/wp-json\/wp\/v2\/product_cat?post=12753"},{"taxonomy":"product_tag","embeddable":true,"href":"https:\/\/www.sky-tile.com\/es\/wp-json\/wp\/v2\/product_tag?post=12753"}],"curies":[{"name":"wp","href":"https:\/\/api.w.org\/{rel}","templated":true}]}}