{"id":12646,"date":"2023-06-26T17:27:14","date_gmt":"2023-06-26T15:27:14","guid":{"rendered":"https:\/\/www.sky-tile.com\/?post_type=product&#038;p=12646"},"modified":"2026-03-30T15:33:46","modified_gmt":"2026-03-30T13:33:46","slug":"patron-vintage-07","status":"publish","type":"product","link":"https:\/\/www.sky-tile.com\/es\/producto\/patron-vintage-07\/","title":{"rendered":"Patr\u00f3n Vintage 07"},"content":{"rendered":"","protected":false},"excerpt":{"rendered":"<p>Plafones de lana de roca decorados de 60x60x1,2 cm.<\/p>\n<p>Transforma o simplemente diferencia cada estancia de la oficina, el \u00e1rea de producci\u00f3n, la zona de ventas o el hogar, convirti\u00e9ndola en un entorno \u00fanico.<\/p>\n<p>Los techos modulares para oficinas suelen ser an\u00f3nimos, he aqu\u00ed una soluci\u00f3n r\u00e1pida y eficaz para diversificar cualquier estancia.<\/p>\n<p>&nbsp;<\/p>","protected":false},"featured_media":15236,"template":"","meta":{"_joinchat":[]},"product_brand":[],"product_cat":[95],"product_tag":[122,134,108],"class_list":{"0":"post-12646","1":"product","2":"type-product","3":"status-publish","4":"has-post-thumbnail","6":"product_cat-vintage","7":"product_tag-3-stonalizzazioni","8":"product_tag-design-registrato","9":"product_tag-euro-classe-a2","11":"first","12":"instock","13":"taxable","14":"shipping-taxable","15":"purchasable","16":"product-type-variable"},"_links":{"self":[{"href":"https:\/\/www.sky-tile.com\/es\/wp-json\/wp\/v2\/product\/12646","targetHints":{"allow":["GET"]}}],"collection":[{"href":"https:\/\/www.sky-tile.com\/es\/wp-json\/wp\/v2\/product"}],"about":[{"href":"https:\/\/www.sky-tile.com\/es\/wp-json\/wp\/v2\/types\/product"}],"wp:featuredmedia":[{"embeddable":true,"href":"https:\/\/www.sky-tile.com\/es\/wp-json\/wp\/v2\/media\/15236"}],"wp:attachment":[{"href":"https:\/\/www.sky-tile.com\/es\/wp-json\/wp\/v2\/media?parent=12646"}],"wp:term":[{"taxonomy":"product_brand","embeddable":true,"href":"https:\/\/www.sky-tile.com\/es\/wp-json\/wp\/v2\/product_brand?post=12646"},{"taxonomy":"product_cat","embeddable":true,"href":"https:\/\/www.sky-tile.com\/es\/wp-json\/wp\/v2\/product_cat?post=12646"},{"taxonomy":"product_tag","embeddable":true,"href":"https:\/\/www.sky-tile.com\/es\/wp-json\/wp\/v2\/product_tag?post=12646"}],"curies":[{"name":"wp","href":"https:\/\/api.w.org\/{rel}","templated":true}]}}