{"id":12600,"date":"2023-06-16T10:01:23","date_gmt":"2023-06-16T08:01:23","guid":{"rendered":"https:\/\/www.sky-tile.com\/?post_type=product&#038;p=12600"},"modified":"2025-01-07T08:47:43","modified_gmt":"2025-01-07T07:47:43","slug":"yute-beige","status":"publish","type":"product","link":"https:\/\/www.sky-tile.com\/es\/producto\/yute-beige\/","title":{"rendered":"Yute Beige"},"content":{"rendered":"","protected":false},"excerpt":{"rendered":"<p>Placas de techo de lana de roca de 60x60x1,2 cm decoradas con tecnolog\u00eda UV.<\/p>\n<p>Transforma o simplemente diferencia cada estancia de la oficina, el \u00e1rea de producci\u00f3n, la zona de ventas o el hogar, convirti\u00e9ndola en un entorno \u00fanico.<\/p>\n<p>Los techos modulares para oficinas suelen ser an\u00f3nimos, he aqu\u00ed una soluci\u00f3n r\u00e1pida y eficaz para diversificar cualquier estancia.<\/p>","protected":false},"featured_media":12601,"template":"","meta":{"_joinchat":[]},"product_brand":[],"product_cat":[15],"product_tag":[107],"class_list":{"0":"post-12600","1":"product","2":"type-product","3":"status-publish","4":"has-post-thumbnail","6":"product_cat-senza-categoria","7":"product_tag-euro-classe-a1","9":"first","10":"instock","11":"taxable","12":"shipping-taxable","13":"purchasable","14":"product-type-simple"},"_links":{"self":[{"href":"https:\/\/www.sky-tile.com\/es\/wp-json\/wp\/v2\/product\/12600","targetHints":{"allow":["GET"]}}],"collection":[{"href":"https:\/\/www.sky-tile.com\/es\/wp-json\/wp\/v2\/product"}],"about":[{"href":"https:\/\/www.sky-tile.com\/es\/wp-json\/wp\/v2\/types\/product"}],"wp:featuredmedia":[{"embeddable":true,"href":"https:\/\/www.sky-tile.com\/es\/wp-json\/wp\/v2\/media\/12601"}],"wp:attachment":[{"href":"https:\/\/www.sky-tile.com\/es\/wp-json\/wp\/v2\/media?parent=12600"}],"wp:term":[{"taxonomy":"product_brand","embeddable":true,"href":"https:\/\/www.sky-tile.com\/es\/wp-json\/wp\/v2\/product_brand?post=12600"},{"taxonomy":"product_cat","embeddable":true,"href":"https:\/\/www.sky-tile.com\/es\/wp-json\/wp\/v2\/product_cat?post=12600"},{"taxonomy":"product_tag","embeddable":true,"href":"https:\/\/www.sky-tile.com\/es\/wp-json\/wp\/v2\/product_tag?post=12600"}],"curies":[{"name":"wp","href":"https:\/\/api.w.org\/{rel}","templated":true}]}}