{"id":12597,"date":"2023-06-15T17:10:34","date_gmt":"2023-06-15T15:10:34","guid":{"rendered":"https:\/\/www.sky-tile.com\/?post_type=product&#038;p=12597"},"modified":"2025-01-07T08:47:43","modified_gmt":"2025-01-07T07:47:43","slug":"lienzo-optico-cuadrados","status":"publish","type":"product","link":"https:\/\/www.sky-tile.com\/es\/producto\/lienzo-optico-cuadrados\/","title":{"rendered":"Cuadrados de lienzo \u00f3ptico"},"content":{"rendered":"","protected":false},"excerpt":{"rendered":"<p>Placas de techo de lana de roca de 60x60x1,2 cm decoradas con tecnolog\u00eda UV.<\/p>\n<p>Transforma o simplemente diferencia cada estancia de la oficina, el \u00e1rea de producci\u00f3n, la zona de ventas o el hogar, convirti\u00e9ndola en un entorno \u00fanico.<\/p>\n<p>Los techos modulares para oficinas suelen ser an\u00f3nimos, he aqu\u00ed una soluci\u00f3n r\u00e1pida y eficaz para diversificar cualquier estancia.<\/p>\n<div style=\"width: 1600px;\" class=\"wp-video\"><video class=\"wp-video-shortcode\" id=\"video-12597-1\" width=\"1600\" height=\"900\" loop autoplay preload=\"metadata\" controls=\"controls\"><source type=\"video\/mp4\" src=\"https:\/\/www.sky-tile.com\/wp-content\/uploads\/2023\/06\/CO-178.mp4?_=1\" \/><a href=\"https:\/\/www.sky-tile.com\/wp-content\/uploads\/2023\/06\/CO-178.mp4\">https:\/\/www.sky-tile.com\/wp-content\/uploads\/2023\/06\/CO-178.mp4<\/a><\/video><\/div>","protected":false},"featured_media":12598,"template":"","meta":{"_joinchat":[]},"product_brand":[],"product_cat":[15],"product_tag":[107],"class_list":{"0":"post-12597","1":"product","2":"type-product","3":"status-publish","4":"has-post-thumbnail","6":"product_cat-senza-categoria","7":"product_tag-euro-classe-a1","9":"first","10":"instock","11":"taxable","12":"shipping-taxable","13":"purchasable","14":"product-type-simple"},"_links":{"self":[{"href":"https:\/\/www.sky-tile.com\/es\/wp-json\/wp\/v2\/product\/12597","targetHints":{"allow":["GET"]}}],"collection":[{"href":"https:\/\/www.sky-tile.com\/es\/wp-json\/wp\/v2\/product"}],"about":[{"href":"https:\/\/www.sky-tile.com\/es\/wp-json\/wp\/v2\/types\/product"}],"wp:featuredmedia":[{"embeddable":true,"href":"https:\/\/www.sky-tile.com\/es\/wp-json\/wp\/v2\/media\/12598"}],"wp:attachment":[{"href":"https:\/\/www.sky-tile.com\/es\/wp-json\/wp\/v2\/media?parent=12597"}],"wp:term":[{"taxonomy":"product_brand","embeddable":true,"href":"https:\/\/www.sky-tile.com\/es\/wp-json\/wp\/v2\/product_brand?post=12597"},{"taxonomy":"product_cat","embeddable":true,"href":"https:\/\/www.sky-tile.com\/es\/wp-json\/wp\/v2\/product_cat?post=12597"},{"taxonomy":"product_tag","embeddable":true,"href":"https:\/\/www.sky-tile.com\/es\/wp-json\/wp\/v2\/product_tag?post=12597"}],"curies":[{"name":"wp","href":"https:\/\/api.w.org\/{rel}","templated":true}]}}