{"id":12222,"date":"2023-06-06T10:35:07","date_gmt":"2023-06-06T08:35:07","guid":{"rendered":"https:\/\/www.sky-tile.com\/?post_type=product&#038;p=12222"},"modified":"2025-01-17T15:53:51","modified_gmt":"2025-01-17T14:53:51","slug":"paneles-de-techo-sky","status":"publish","type":"product","link":"https:\/\/www.sky-tile.com\/es\/producto\/paneles-de-techo-sky\/","title":{"rendered":"Cielo en una habitaci\u00f3n"},"content":{"rendered":"","protected":false},"excerpt":{"rendered":"<p>Sky In A Room Placas de techo modulares de lana de roca de 60\u00d760 cm impresas con efecto cielo. Dise\u00f1aremos a medida un gr\u00e1fico de cielo para su habitaci\u00f3n que se extender\u00e1 por toda la superficie del techo. Cada panel de 60\u00d760 formar\u00e1 parte de un \"rompecabezas\" gigante que, una vez terminado, le permitir\u00e1 tener el cielo en una habitaci\u00f3n. Los paneles estar\u00e1n numerados para que pueda instalarlos f\u00e1cilmente siguiendo el diagrama de instalaci\u00f3n proporcionado.<\/p>\n<p><strong>Antes de proceder al pedido, le recomendamos que nos facilite el plano de planta y fotos del techo completo, lo que nos permitir\u00e1 dise\u00f1ar correctamente su techo efecto cielo, determinando as\u00ed el n\u00famero exacto de paneles a incluir en el pedido.<\/strong><\/p>\n<p>\u00a1Cree un ambiente \u00fanico con el cielo en una habitaci\u00f3n!<\/p>\n<p><strong><a href=\"\/es\/contattaci\/\">Contacto<\/a><\/strong><\/p>\n<p>&nbsp;<\/p>","protected":false},"featured_media":15555,"template":"","meta":{"_joinchat":[]},"product_brand":[],"product_cat":[93],"product_tag":[104,107],"class_list":{"0":"post-12222","1":"product","2":"type-product","3":"status-publish","4":"has-post-thumbnail","6":"product_cat-cielo-in-una-stanza","7":"product_tag-cielo","8":"product_tag-euro-classe-a1","10":"first","11":"instock","12":"taxable","13":"shipping-taxable","14":"purchasable","15":"product-type-simple"},"_links":{"self":[{"href":"https:\/\/www.sky-tile.com\/es\/wp-json\/wp\/v2\/product\/12222","targetHints":{"allow":["GET"]}}],"collection":[{"href":"https:\/\/www.sky-tile.com\/es\/wp-json\/wp\/v2\/product"}],"about":[{"href":"https:\/\/www.sky-tile.com\/es\/wp-json\/wp\/v2\/types\/product"}],"wp:featuredmedia":[{"embeddable":true,"href":"https:\/\/www.sky-tile.com\/es\/wp-json\/wp\/v2\/media\/15555"}],"wp:attachment":[{"href":"https:\/\/www.sky-tile.com\/es\/wp-json\/wp\/v2\/media?parent=12222"}],"wp:term":[{"taxonomy":"product_brand","embeddable":true,"href":"https:\/\/www.sky-tile.com\/es\/wp-json\/wp\/v2\/product_brand?post=12222"},{"taxonomy":"product_cat","embeddable":true,"href":"https:\/\/www.sky-tile.com\/es\/wp-json\/wp\/v2\/product_cat?post=12222"},{"taxonomy":"product_tag","embeddable":true,"href":"https:\/\/www.sky-tile.com\/es\/wp-json\/wp\/v2\/product_tag?post=12222"}],"curies":[{"name":"wp","href":"https:\/\/api.w.org\/{rel}","templated":true}]}}