{"id":12149,"date":"2023-05-30T15:08:38","date_gmt":"2023-05-30T13:08:38","guid":{"rendered":"https:\/\/www.sky-tile.com\/?post_type=product&#038;p=12149"},"modified":"2025-01-07T08:45:47","modified_gmt":"2025-01-07T07:45:47","slug":"delfin","status":"publish","type":"product","link":"https:\/\/www.sky-tile.com\/es\/producto\/delfin\/","title":{"rendered":"Delf\u00edn"},"content":{"rendered":"","protected":false},"excerpt":{"rendered":"<p>\u00a1Bienvenido al maravilloso mundo de nuestros paneles infantiles! Nos complace presentarle nuestra fant\u00e1stica colecci\u00f3n de paneles de formato 60\u00d760 que representan animales de todo el mundo. Cada panel muestra un animal diferente, como leones, elefantes, jirafas, monos y muchos m\u00e1s. Nuestros dise\u00f1os brillantes y coloridos captan la atenci\u00f3n de los ni\u00f1os y les animan a explorar el mundo de los animales. Con nuestros paneles de animales, los ni\u00f1os pueden aprender divirti\u00e9ndose y desarrollar el amor y la curiosidad por la naturaleza. Nos complace ofrecer una opci\u00f3n de aprendizaje estimulante y creativa que enriquecer\u00e1 el entorno educativo de los ni\u00f1os.<\/p>\n<p>&nbsp;<\/p>","protected":false},"featured_media":11969,"template":"","meta":{"_joinchat":[]},"product_brand":[],"product_cat":[103],"product_tag":[],"class_list":{"0":"post-12149","1":"product","2":"type-product","3":"status-publish","4":"has-post-thumbnail","6":"product_cat-animali-singoli","8":"first","9":"instock","10":"taxable","11":"shipping-taxable","12":"purchasable","13":"product-type-simple"},"_links":{"self":[{"href":"https:\/\/www.sky-tile.com\/es\/wp-json\/wp\/v2\/product\/12149","targetHints":{"allow":["GET"]}}],"collection":[{"href":"https:\/\/www.sky-tile.com\/es\/wp-json\/wp\/v2\/product"}],"about":[{"href":"https:\/\/www.sky-tile.com\/es\/wp-json\/wp\/v2\/types\/product"}],"wp:featuredmedia":[{"embeddable":true,"href":"https:\/\/www.sky-tile.com\/es\/wp-json\/wp\/v2\/media\/11969"}],"wp:attachment":[{"href":"https:\/\/www.sky-tile.com\/es\/wp-json\/wp\/v2\/media?parent=12149"}],"wp:term":[{"taxonomy":"product_brand","embeddable":true,"href":"https:\/\/www.sky-tile.com\/es\/wp-json\/wp\/v2\/product_brand?post=12149"},{"taxonomy":"product_cat","embeddable":true,"href":"https:\/\/www.sky-tile.com\/es\/wp-json\/wp\/v2\/product_cat?post=12149"},{"taxonomy":"product_tag","embeddable":true,"href":"https:\/\/www.sky-tile.com\/es\/wp-json\/wp\/v2\/product_tag?post=12149"}],"curies":[{"name":"wp","href":"https:\/\/api.w.org\/{rel}","templated":true}]}}