{"id":11658,"date":"2023-05-10T07:44:32","date_gmt":"2023-05-10T07:44:32","guid":{"rendered":"https:\/\/www.sky-tile.com\/?post_type=product&#038;p=11658"},"modified":"2026-04-28T11:57:09","modified_gmt":"2026-04-28T09:57:09","slug":"alfombra-de-lujo-beige","status":"publish","type":"product","link":"https:\/\/www.sky-tile.com\/es\/producto\/alfombra-de-lujo-beige\/","title":{"rendered":"Moqueta beige de lujo"},"content":{"rendered":"","protected":false},"excerpt":{"rendered":"<p>Plafones de lana de roca decorados de 60x60x1,2 cm.<\/p>\n<p>Transforma o simplemente diferencia cada estancia de la oficina, el \u00e1rea de producci\u00f3n, la zona de ventas o el hogar, convirti\u00e9ndola en un entorno \u00fanico.<\/p>\n<p>Los techos modulares para oficinas suelen ser an\u00f3nimos, he aqu\u00ed una soluci\u00f3n r\u00e1pida y eficaz para diversificar cualquier estancia.<\/p>\n<div style=\"width: 1600px;\" class=\"wp-video\"><video class=\"wp-video-shortcode\" id=\"video-11658-1\" width=\"1600\" height=\"900\" loop autoplay preload=\"metadata\" controls=\"controls\"><source type=\"video\/mp4\" src=\"https:\/\/www.sky-tile.com\/wp-content\/uploads\/2023\/05\/CO-124.mp4?_=1\" \/><a href=\"https:\/\/www.sky-tile.com\/wp-content\/uploads\/2023\/05\/CO-124.mp4\">https:\/\/www.sky-tile.com\/wp-content\/uploads\/2023\/05\/CO-124.mp4<\/a><\/video><\/div>","protected":false},"featured_media":14393,"template":"","meta":{"_joinchat":[]},"product_brand":[],"product_cat":[83],"product_tag":[133,134,107],"class_list":{"0":"post-11658","1":"product","2":"type-product","3":"status-publish","4":"has-post-thumbnail","6":"product_cat-geometrici","7":"product_tag-colori-personalizzabili","8":"product_tag-design-registrato","9":"product_tag-euro-classe-a1","11":"first","12":"instock","13":"taxable","14":"shipping-taxable","15":"purchasable","16":"product-type-simple"},"_links":{"self":[{"href":"https:\/\/www.sky-tile.com\/es\/wp-json\/wp\/v2\/product\/11658","targetHints":{"allow":["GET"]}}],"collection":[{"href":"https:\/\/www.sky-tile.com\/es\/wp-json\/wp\/v2\/product"}],"about":[{"href":"https:\/\/www.sky-tile.com\/es\/wp-json\/wp\/v2\/types\/product"}],"wp:featuredmedia":[{"embeddable":true,"href":"https:\/\/www.sky-tile.com\/es\/wp-json\/wp\/v2\/media\/14393"}],"wp:attachment":[{"href":"https:\/\/www.sky-tile.com\/es\/wp-json\/wp\/v2\/media?parent=11658"}],"wp:term":[{"taxonomy":"product_brand","embeddable":true,"href":"https:\/\/www.sky-tile.com\/es\/wp-json\/wp\/v2\/product_brand?post=11658"},{"taxonomy":"product_cat","embeddable":true,"href":"https:\/\/www.sky-tile.com\/es\/wp-json\/wp\/v2\/product_cat?post=11658"},{"taxonomy":"product_tag","embeddable":true,"href":"https:\/\/www.sky-tile.com\/es\/wp-json\/wp\/v2\/product_tag?post=11658"}],"curies":[{"name":"wp","href":"https:\/\/api.w.org\/{rel}","templated":true}]}}