{"id":11631,"date":"2023-05-18T15:15:24","date_gmt":"2023-05-18T15:15:24","guid":{"rendered":"https:\/\/www.sky-tile.com\/?post_type=product&#038;p=11631"},"modified":"2025-07-25T10:12:12","modified_gmt":"2025-07-25T08:12:12","slug":"muestreo-por-paneles","status":"publish","type":"product","link":"https:\/\/www.sky-tile.com\/es\/producto\/muestreo-por-paneles\/","title":{"rendered":"Caja de muestra de 9 paneles"},"content":{"rendered":"","protected":false},"excerpt":{"rendered":"<p>Descubra nuestra selecci\u00f3n de muestras, cuidadosamente elegidas por nuestros dise\u00f1adores, que incluyen los productos m\u00e1s populares y las tendencias actuales. Adquiera uno de nuestros muestrarios y experimente de primera mano la calidad de nuestros Sky-Tiles e insp\u00edrese para transformar su techo en una soluci\u00f3n \u00fanica y de dise\u00f1o.<\/p>\n<p>No lo dude, pida ya su muestra y empiece a crear la soluci\u00f3n perfecta para su entorno.<\/p>","protected":false},"featured_media":12789,"template":"","meta":{"_joinchat":[]},"product_brand":[],"product_cat":[99],"product_tag":[],"class_list":{"0":"post-11631","1":"product","2":"type-product","3":"status-publish","4":"has-post-thumbnail","6":"product_cat-campionatura","8":"first","9":"instock","10":"taxable","11":"shipping-taxable","12":"purchasable","13":"product-type-simple"},"_links":{"self":[{"href":"https:\/\/www.sky-tile.com\/es\/wp-json\/wp\/v2\/product\/11631","targetHints":{"allow":["GET"]}}],"collection":[{"href":"https:\/\/www.sky-tile.com\/es\/wp-json\/wp\/v2\/product"}],"about":[{"href":"https:\/\/www.sky-tile.com\/es\/wp-json\/wp\/v2\/types\/product"}],"wp:featuredmedia":[{"embeddable":true,"href":"https:\/\/www.sky-tile.com\/es\/wp-json\/wp\/v2\/media\/12789"}],"wp:attachment":[{"href":"https:\/\/www.sky-tile.com\/es\/wp-json\/wp\/v2\/media?parent=11631"}],"wp:term":[{"taxonomy":"product_brand","embeddable":true,"href":"https:\/\/www.sky-tile.com\/es\/wp-json\/wp\/v2\/product_brand?post=11631"},{"taxonomy":"product_cat","embeddable":true,"href":"https:\/\/www.sky-tile.com\/es\/wp-json\/wp\/v2\/product_cat?post=11631"},{"taxonomy":"product_tag","embeddable":true,"href":"https:\/\/www.sky-tile.com\/es\/wp-json\/wp\/v2\/product_tag?post=11631"}],"curies":[{"name":"wp","href":"https:\/\/api.w.org\/{rel}","templated":true}]}}