{"id":11237,"date":"2023-03-03T09:43:59","date_gmt":"2023-03-03T09:43:59","guid":{"rendered":"https:\/\/www.sky-tile.com\/?post_type=product&#038;p=11237"},"modified":"2025-01-07T08:43:06","modified_gmt":"2025-01-07T07:43:06","slug":"hojas-negras-y-doradas","status":"publish","type":"product","link":"https:\/\/www.sky-tile.com\/es\/producto\/hojas-negras-y-doradas\/","title":{"rendered":"Hojas negras y doradas"},"content":{"rendered":"","protected":false},"excerpt":{"rendered":"<p>Plafones de lana de roca decorados de 60x60x1,2 cm.<\/p>\n<p>Transforma o simplemente diferencia cada estancia de la oficina, el \u00e1rea de producci\u00f3n, la zona de ventas o el hogar, convirti\u00e9ndola en un entorno \u00fanico.<\/p>\n<p>Los techos modulares para oficinas suelen ser an\u00f3nimos, he aqu\u00ed una soluci\u00f3n r\u00e1pida y eficaz para diversificar cualquier estancia.<\/p>\n<h3>Una combinaci\u00f3n de 5 gr\u00e1ficos \u00fanicos, dise\u00f1ados para dar a la pose final un aspecto m\u00e1s realista y natural.<\/h3>","protected":false},"featured_media":15286,"template":"","meta":{"_joinchat":[]},"product_brand":[],"product_cat":[84],"product_tag":[117,110],"class_list":{"0":"post-11237","1":"product","2":"type-product","3":"status-publish","4":"has-post-thumbnail","6":"product_cat-controsoffitti-natura","7":"product_tag-5-stonalizzazioni","8":"product_tag-euro-classe-c","10":"first","11":"instock","12":"taxable","13":"shipping-taxable","14":"purchasable","15":"product-type-simple"},"_links":{"self":[{"href":"https:\/\/www.sky-tile.com\/es\/wp-json\/wp\/v2\/product\/11237","targetHints":{"allow":["GET"]}}],"collection":[{"href":"https:\/\/www.sky-tile.com\/es\/wp-json\/wp\/v2\/product"}],"about":[{"href":"https:\/\/www.sky-tile.com\/es\/wp-json\/wp\/v2\/types\/product"}],"wp:featuredmedia":[{"embeddable":true,"href":"https:\/\/www.sky-tile.com\/es\/wp-json\/wp\/v2\/media\/15286"}],"wp:attachment":[{"href":"https:\/\/www.sky-tile.com\/es\/wp-json\/wp\/v2\/media?parent=11237"}],"wp:term":[{"taxonomy":"product_brand","embeddable":true,"href":"https:\/\/www.sky-tile.com\/es\/wp-json\/wp\/v2\/product_brand?post=11237"},{"taxonomy":"product_cat","embeddable":true,"href":"https:\/\/www.sky-tile.com\/es\/wp-json\/wp\/v2\/product_cat?post=11237"},{"taxonomy":"product_tag","embeddable":true,"href":"https:\/\/www.sky-tile.com\/es\/wp-json\/wp\/v2\/product_tag?post=11237"}],"curies":[{"name":"wp","href":"https:\/\/api.w.org\/{rel}","templated":true}]}}