{"id":12473,"date":"2023-06-13T10:37:57","date_gmt":"2023-06-13T08:37:57","guid":{"rendered":"https:\/\/www.sky-tile.com\/?page_id=12473"},"modified":"2024-10-21T16:59:56","modified_gmt":"2024-10-21T14:59:56","slug":"conviertase-en-distribuidor","status":"publish","type":"page","link":"https:\/\/www.sky-tile.com\/es\/conviertase-en-distribuidor\/","title":{"rendered":"Convi\u00e9rtase en distribuidor de Sky-Tile"},"content":{"rendered":"<div data-elementor-type=\"wp-page\" data-elementor-id=\"12473\" class=\"elementor elementor-12473\" data-elementor-post-type=\"page\">\n\t\t\t\t\t\t<section class=\"has_eae_slider elementor-section elementor-top-section elementor-element elementor-element-a8b086a elementor-section-boxed elementor-section-height-default elementor-section-height-default\" data-eae-slider=\"39878\" data-id=\"a8b086a\" data-element_type=\"section\">\n\t\t\t\t\t\t<div class=\"elementor-container elementor-column-gap-default\">\n\t\t\t\t\t<div class=\"has_eae_slider elementor-column elementor-col-100 elementor-top-column elementor-element elementor-element-d9e3efe\" data-eae-slider=\"59709\" data-id=\"d9e3efe\" data-element_type=\"column\">\n\t\t\t<div class=\"elementor-widget-wrap elementor-element-populated\">\n\t\t\t\t\t\t<div class=\"elementor-element elementor-element-ddd4bbc elementor-widget elementor-widget-text-editor\" data-id=\"ddd4bbc\" data-element_type=\"widget\" data-widget_type=\"text-editor.default\">\n\t\t\t\t<div class=\"elementor-widget-container\">\n\t\t\t\t\t\t\t\t\t<p>Rellene el siguiente formulario para solicitar m\u00e1s informaci\u00f3n sobre c\u00f3mo convertirse en distribuidor de Sky-Tile. Nuestro equipo especializado se pondr\u00e1 en contacto con usted lo antes posible para facilitarle toda la informaci\u00f3n necesaria.<\/p>\t\t\t\t\t\t\t\t<\/div>\n\t\t\t\t<\/div>\n\t\t\t\t<div class=\"elementor-element elementor-element-8aa9530 elementor-widget elementor-widget-shortcode\" data-id=\"8aa9530\" data-element_type=\"widget\" data-widget_type=\"shortcode.default\">\n\t\t\t\t<div class=\"elementor-widget-container\">\n\t\t\t\t\t\t\t<div class=\"elementor-shortcode\"><div class=\"forminator-ui forminator-custom-form forminator-custom-form-15174 forminator-design--flat  forminator_ajax\" data-forminator-render=\"0\" data-form=\"forminator-module-15174\" data-uid=\"69e0e6b89f996\"><br\/><\/div><form\n\t\t\t\tid=\"forminator-module-15174\"\n\t\t\t\tclass=\"forminator-ui forminator-custom-form forminator-custom-form-15174 forminator-design--flat  forminator_ajax\"\n\t\t\t\tmethod=\"post\"\n\t\t\t\tdata-forminator-render=\"0\"\n\t\t\t\tdata-form-id=\"15174\"\n\t\t\t\t data-color-option=\"default\" data-design=\"flat\" data-grid=\"open\" style=\"display: none;\"\n\t\t\t\tdata-uid=\"69e0e6b89f996\" action=\"\"\n\t\t\t><div role=\"alert\" aria-live=\"polite\" class=\"forminator-response-message forminator-error\" aria-hidden=\"true\"><\/div><div class=\"forminator-row\"><div id=\"name-1\" class=\"forminator-field-name forminator-col forminator-col-12\"><div class=\"forminator-field\"><label for=\"forminator-field-name-1_69e0e6b89f996\" id=\"forminator-field-name-1_69e0e6b89f996-label\" class=\"forminator-label\">Nombre y Apellido <span class=\"forminator-required\">*<\/span><\/label><input type=\"text\" name=\"name-1\" value=\"\" placeholder=\"\" id=\"forminator-field-name-1_69e0e6b89f996\" class=\"forminator-input forminator-name--field\" aria-required=\"true\" autocomplete=\"name\" \/><\/div><\/div><\/div><div class=\"forminator-row\"><div id=\"email-1\" class=\"forminator-field-email forminator-col forminator-col-6\"><div class=\"forminator-field\"><label for=\"forminator-field-email-1_69e0e6b89f996\" id=\"forminator-field-email-1_69e0e6b89f996-label\" class=\"forminator-label\">Correo electr\u00f3nico <span class=\"forminator-required\">*<\/span><\/label><input type=\"email\" name=\"email-1\" value=\"\" placeholder=\"\" id=\"forminator-field-email-1_69e0e6b89f996\" class=\"forminator-input forminator-email--field\" data-required=\"1\" aria-required=\"true\" autocomplete=\"email\" \/><\/div><\/div><div id=\"phone-1\" class=\"forminator-field-phone forminator-col forminator-col-6\"><div class=\"forminator-field\"><label for=\"forminator-field-phone-1_69e0e6b89f996\" id=\"forminator-field-phone-1_69e0e6b89f996-label\" class=\"forminator-label\">N\u00famero de tel\u00e9fono <span class=\"forminator-required\">*<\/span><\/label><input type=\"text\" name=\"phone-1\" value=\"\" placeholder=\"\" id=\"forminator-field-phone-1_69e0e6b89f996\" class=\"forminator-input forminator-field--phone\" data-required=\"1\" aria-required=\"true\" autocomplete=\"off\" \/><\/div><\/div><\/div><div class=\"forminator-row\"><div id=\"number-1\" class=\"forminator-field-number forminator-col forminator-col-12\"><div class=\"forminator-field\"><label for=\"forminator-field-number-1_69e0e6b89f996\" id=\"forminator-field-number-1_69e0e6b89f996-label\" class=\"forminator-label\">Metros Cuadrados <span class=\"forminator-required\">*<\/span><\/label><input name=\"number-1\" value=\"\" placeholder=\"\" id=\"forminator-field-number-1_69e0e6b89f996\" class=\"forminator-input forminator-number--field\" inputmode=\"decimal\" data-required=\"1\" data-decimals=\"0\" aria-required=\"true\" data-inputmask=\"&#039;groupSeparator&#039;: &#039;&#039;, &#039;radixPoint&#039;: &#039;&#039;, &#039;digits&#039;: &#039;0&#039;\" data-hidden-behavior=\"zero\" type=\"number\" step=\"any\" min=\"1\" \/><\/div><\/div><\/div><div class=\"forminator-row\"><div id=\"textarea-1\" class=\"forminator-field-textarea forminator-col forminator-col-12\"><div class=\"forminator-field\"><label for=\"forminator-field-textarea-1_69e0e6b89f996\" id=\"forminator-field-textarea-1_69e0e6b89f996-label\" class=\"forminator-label\">Su solicitud <span class=\"forminator-required\">*<\/span><\/label><textarea name=\"textarea-1\" placeholder=\"\" id=\"forminator-field-textarea-1_69e0e6b89f996\" class=\"forminator-textarea\" rows=\"6\" style=\"min-height:50px;\" ><\/textarea><\/div><\/div><\/div><div class=\"forminator-row\"><div id=\"consent-1\" class=\"forminator-field-consent forminator-col forminator-col-12\"><div class=\"forminator-field\"><label for=\"forminator-field-consent-1_69e0e6b89f996\" id=\"forminator-field-consent-1_69e0e6b89f996-label\" class=\"forminator-label\">Consentimiento <span class=\"forminator-required\">*<\/span><\/label><div class=\"forminator-checkbox__wrapper\"><label id=\"forminator-field-consent-1_69e0e6b89f996__label\" class=\"forminator-checkbox forminator-consent\" aria-labelledby=\"forminator-field-consent-1_69e0e6b89f996-label\"><input type=\"checkbox\" name=\"consent-1\" id=\"forminator-field-consent-1_69e0e6b89f996\" value=\"checked\" aria-labelledby=\"forminator-field-consent-1_69e0e6b89f996-label\" aria-describedby=\"forminator-field-consent-1_69e0e6b89f996__description\" data-required=\"true\" aria-required=\"true\" \/><span class=\"forminator-checkbox-box\" aria-hidden=\"true\"><\/span><\/label><div id=\"forminator-field-consent-1_69e0e6b89f996__description\" class=\"forminator-checkbox__label forminator-consent__label\"><p>Declaro haber le\u00eddo&nbsp;<a rel=\"noopener\" target=\"_blank\" href=\"\/es\/politica-de-privacidad\/\">pol\u00edtica de privacidad<\/a> y doy mi consentimiento al tratamiento de mis datos para los fines indicados.<\/p><\/div><\/div><\/div><\/div><\/div><div class=\"forminator-row\"><div id=\"captcha-1\" class=\"forminator-field-captcha forminator-col forminator-col-12\"><div class=\"forminator-captcha-left forminator-g-recaptcha recaptcha-invisible\" data-theme=\"light\" data-badge=\"inline\" data-sitekey=\"6LfP0HgqAAAAAB8yRretF2i37y5KZqPBjAbZDb1y\" data-size=\"invisible\"><\/div> <\/div><\/div><div class=\"forminator-row forminator-hidden\"><input type=\"hidden\" id=\"hidden-1_69e0e6b89f996\" name=\"hidden-1\" value=\"Diventa un Rivenditore Sky-Tile\" \/><\/div><div class=\"forminator-row forminator-hidden\"><input type=\"hidden\" id=\"hidden-2_69e0e6b89f996\" name=\"hidden-2\" value=\"https:\/\/www.sky-tile.com\/es\/conviertase-en-distribuidor\/\" \/><\/div><input type=\"hidden\" name=\"referer_url\" value=\"\" \/><div class=\"forminator-row forminator-row-last\"><div class=\"forminator-col\"><div class=\"forminator-field\"><button class=\"forminator-button forminator-button-submit\">Enviar solicitud<\/button><\/div><\/div><\/div><input type=\"hidden\" id=\"forminator_nonce\" name=\"forminator_nonce\" value=\"4d2ba2c6ac\" \/><input type=\"hidden\" name=\"_wp_http_referer\" value=\"\/es\/wp-json\/wp\/v2\/pages\/12473\" \/><input type=\"hidden\" name=\"form_id\" value=\"15174\"><input type=\"hidden\" name=\"page_id\" value=\"12473\"><input type=\"hidden\" name=\"form_type\" value=\"default\"><input type=\"hidden\" name=\"current_url\" value=\"https:\/\/www.sky-tile.com\/es\/conviertase-en-distribuidor\/\"><input type=\"hidden\" name=\"render_id\" value=\"0\"><input type=\"hidden\" name=\"action\" value=\"forminator_submit_form_custom-forms\"><input type=\"hidden\" name=\"trp-form-language\" value=\"es\"\/><\/form><\/div>\n\t\t\t\t\t\t<\/div>\n\t\t\t\t<\/div>\n\t\t\t\t\t<\/div>\n\t\t<\/div>\n\t\t\t\t\t<\/div>\n\t\t<\/section>\n\t\t\t\t<\/div>","protected":false},"excerpt":{"rendered":"<p>Rellene el siguiente formulario para solicitar m\u00e1s informaci\u00f3n sobre c\u00f3mo convertirse en distribuidor de Sky-Tile. Nuestro equipo especializado se pondr\u00e1 en contacto con usted lo antes posible para facilitarle toda la informaci\u00f3n necesaria.<\/p>","protected":false},"author":1,"featured_media":0,"parent":0,"menu_order":0,"comment_status":"closed","ping_status":"closed","template":"","meta":{"_joinchat":[],"footnotes":""},"class_list":["post-12473","page","type-page","status-publish","hentry"],"blocksy_meta":[],"_links":{"self":[{"href":"https:\/\/www.sky-tile.com\/es\/wp-json\/wp\/v2\/pages\/12473","targetHints":{"allow":["GET"]}}],"collection":[{"href":"https:\/\/www.sky-tile.com\/es\/wp-json\/wp\/v2\/pages"}],"about":[{"href":"https:\/\/www.sky-tile.com\/es\/wp-json\/wp\/v2\/types\/page"}],"author":[{"embeddable":true,"href":"https:\/\/www.sky-tile.com\/es\/wp-json\/wp\/v2\/users\/1"}],"replies":[{"embeddable":true,"href":"https:\/\/www.sky-tile.com\/es\/wp-json\/wp\/v2\/comments?post=12473"}],"version-history":[{"count":0,"href":"https:\/\/www.sky-tile.com\/es\/wp-json\/wp\/v2\/pages\/12473\/revisions"}],"wp:attachment":[{"href":"https:\/\/www.sky-tile.com\/es\/wp-json\/wp\/v2\/media?parent=12473"}],"curies":[{"name":"wp","href":"https:\/\/api.w.org\/{rel}","templated":true}]}}