{"id":9645,"date":"2022-07-19T15:14:03","date_gmt":"2022-07-19T15:14:03","guid":{"rendered":"https:\/\/www.sky-tile.com\/?post_type=product&#038;p=9645"},"modified":"2025-01-07T08:41:13","modified_gmt":"2025-01-07T07:41:13","slug":"deckenplatten-aus-gebranntem-holz","status":"publish","type":"product","link":"https:\/\/www.sky-tile.com\/de\/product-2\/deckenplatten-aus-gebranntem-holz\/","title":{"rendered":"Verbranntes Holz"},"content":{"rendered":"","protected":false},"excerpt":{"rendered":"<p>60\u00d760 cm gro\u00dfe Deckenplatten aus Steinwolle mit Holzdekor.<\/p>\n<p>Unsere Deckenplatten aus Holzimitat k\u00f6nnen Ihren Raum verwandeln und gem\u00fctlicher machen, ohne einen einzigen Baum zu f\u00e4llen!<\/p>\n<p>Paneeldecken erm\u00f6glichen es Ihnen, auch ohne besondere Erfahrung zu arbeiten, denn die Deckenplatten, die Sie erhalten, sind perfekt mit Ihren vorhandenen 60\u00d760 Deckenplatten kompatibel.<\/p>\n<h3>Eine Kombination aus 9 einzigartigen Grafiken, die der endg\u00fcltigen Pose ein realistischeres und nat\u00fcrlicheres Aussehen verleihen sollen<\/h3>","protected":false},"featured_media":15284,"template":"","meta":{"_joinchat":[]},"product_brand":[],"product_cat":[69],"product_tag":[114,108],"class_list":{"0":"post-9645","1":"product","2":"type-product","3":"status-publish","4":"has-post-thumbnail","6":"product_cat-effetto-legno","7":"product_tag-9-stonalizzazioni","8":"product_tag-euro-classe-a2","10":"first","11":"instock","12":"taxable","13":"shipping-taxable","14":"purchasable","15":"product-type-simple"},"_links":{"self":[{"href":"https:\/\/www.sky-tile.com\/de\/wp-json\/wp\/v2\/product\/9645","targetHints":{"allow":["GET"]}}],"collection":[{"href":"https:\/\/www.sky-tile.com\/de\/wp-json\/wp\/v2\/product"}],"about":[{"href":"https:\/\/www.sky-tile.com\/de\/wp-json\/wp\/v2\/types\/product"}],"wp:featuredmedia":[{"embeddable":true,"href":"https:\/\/www.sky-tile.com\/de\/wp-json\/wp\/v2\/media\/15284"}],"wp:attachment":[{"href":"https:\/\/www.sky-tile.com\/de\/wp-json\/wp\/v2\/media?parent=9645"}],"wp:term":[{"taxonomy":"product_brand","embeddable":true,"href":"https:\/\/www.sky-tile.com\/de\/wp-json\/wp\/v2\/product_brand?post=9645"},{"taxonomy":"product_cat","embeddable":true,"href":"https:\/\/www.sky-tile.com\/de\/wp-json\/wp\/v2\/product_cat?post=9645"},{"taxonomy":"product_tag","embeddable":true,"href":"https:\/\/www.sky-tile.com\/de\/wp-json\/wp\/v2\/product_tag?post=9645"}],"curies":[{"name":"wp","href":"https:\/\/api.w.org\/{rel}","templated":true}]}}