{"id":8024,"date":"2022-05-13T16:15:05","date_gmt":"2022-05-13T16:15:05","guid":{"rendered":"https:\/\/www.sky-tile.com\/?post_type=product&#038;p=8024"},"modified":"2026-01-15T11:17:20","modified_gmt":"2026-01-15T10:17:20","slug":"60x60-farbige-deckenplatten","status":"publish","type":"product","link":"https:\/\/www.sky-tile.com\/de\/product-2\/60x60-farbige-deckenplatten\/","title":{"rendered":"Farbige Stoffe"},"content":{"rendered":"","protected":false},"excerpt":{"rendered":"<p><span data-contrast=\"auto\">Farbige Deckenverkleidungen: Pantone-Farben verschmelzen mit Stofftexturen<\/span><\/p>\n<p><span class=\"ui-provider bkn bko c d e f g h i j k l m n o p q r s t bkp bkq w x y z ab ac ae af ag ah ai aj ak\" dir=\"ltr\">Verwandeln Sie Ihre R\u00e4ume mit unseren farbigen Deckenplatten, bei denen wir Unifarben mit Stofftexturen zu einem au\u00dfergew\u00f6hnlichen Ergebnis verschmelzen. Hergestellt durch Dekoration von recycelbaren 100% Steinwollplatten und unter Verwendung einer breiten Palette von Pantone\u00ae-Farben f\u00fcr jeden Geschmack. Unsere Paneele sind die ideale L\u00f6sung, um eine einzigartige und individuelle Atmosph\u00e4re zu schaffen. Ob im B\u00fcro, in der Produktion, im Verkauf oder in der Wohnung, diese farbigen Decken verleihen jedem Raum einen unvergleichlichen Touch von Pers\u00f6nlichkeit.<\/span><\/p>","protected":false},"featured_media":8036,"template":"","meta":{"_joinchat":[]},"product_brand":[],"product_cat":[73],"product_tag":[],"class_list":{"0":"post-8024","1":"product","2":"type-product","3":"status-publish","4":"has-post-thumbnail","6":"product_cat-controsoffitti-colorati-60x60","8":"first","9":"instock","10":"taxable","11":"shipping-taxable","12":"purchasable","13":"product-type-simple"},"_links":{"self":[{"href":"https:\/\/www.sky-tile.com\/de\/wp-json\/wp\/v2\/product\/8024","targetHints":{"allow":["GET"]}}],"collection":[{"href":"https:\/\/www.sky-tile.com\/de\/wp-json\/wp\/v2\/product"}],"about":[{"href":"https:\/\/www.sky-tile.com\/de\/wp-json\/wp\/v2\/types\/product"}],"wp:featuredmedia":[{"embeddable":true,"href":"https:\/\/www.sky-tile.com\/de\/wp-json\/wp\/v2\/media\/8036"}],"wp:attachment":[{"href":"https:\/\/www.sky-tile.com\/de\/wp-json\/wp\/v2\/media?parent=8024"}],"wp:term":[{"taxonomy":"product_brand","embeddable":true,"href":"https:\/\/www.sky-tile.com\/de\/wp-json\/wp\/v2\/product_brand?post=8024"},{"taxonomy":"product_cat","embeddable":true,"href":"https:\/\/www.sky-tile.com\/de\/wp-json\/wp\/v2\/product_cat?post=8024"},{"taxonomy":"product_tag","embeddable":true,"href":"https:\/\/www.sky-tile.com\/de\/wp-json\/wp\/v2\/product_tag?post=8024"}],"curies":[{"name":"wp","href":"https:\/\/api.w.org\/{rel}","templated":true}]}}